{"id":4741,"date":"2024-02-29T10:08:38","date_gmt":"2024-02-29T09:08:38","guid":{"rendered":"http:\/\/www.lac.universite-paris-saclay.fr\/?page_id=4741"},"modified":"2024-03-06T15:55:42","modified_gmt":"2024-03-06T14:55:42","slug":"daniel-civiale","status":"publish","type":"page","link":"http:\/\/www.lac.universite-paris-saclay.fr\/?page_id=4741","title":{"rendered":"Daniel Civiale"},"content":{"rendered":"\n<p><\/p>\n\n\n<p><strong>Daniel CIVIALE<\/strong><\/p>\n<ul>\n<li>Assistant-ing\u00e9nieur en r\u00e9alisation m\u00e9canique<\/li>\n<li>Responsable du service \u00ab Prototypes &amp; M\u00e9canique \u00bb<\/li>\n<li>Membre \u00e9lu et repr\u00e9sentant des IT au Conseil de Laboratoire du LAC.<\/li>\n<li>Repr\u00e9sentant du personnel IT du laboratoire \u00e0 la FFJ (F\u00e9d\u00e9ration Friedel-Jacquinot.)<\/li>\n<\/ul>\n<p>\u00a0<\/p>\n<p>Apr\u00e8s avoir obtenu un Baccalaur\u00e9at F1 (construction m\u00e9canique) puis pass\u00e9 un BTS FM (fabrication m\u00e9canique), je suis entr\u00e9 au laboratoire Aim\u00e9 Cotton en janvier 1984 en tant que technicien en fabrication m\u00e9canique (grade T3.) J\u2019ai acc\u00e9d\u00e9 au grade de TCS (technicien de classe sup\u00e9rieur) en ao\u00fbt 1996 puis promu dans le corps d\u2019assistant-ing\u00e9nieur en janvier 2011.<\/p>\n<p>Apr\u00e8s le d\u00e9part en retraite du responsable de l\u2019atelier en septembre 2009, j\u2019ai pris la responsabilit\u00e9 du service \u00ab\u00a0Prototypes &amp; M\u00e9canique. Le parc machines comprend 4 fraiseuses, 6 tours conventionnels et 2 fraiseuses \u00e0 commande num\u00e9rique. Je r\u00e9alise \u00e0 partir de dossiers de plans, la fabrication l&#8217;ajustage, l&#8217;assemblage, le contr\u00f4le de pi\u00e8ces m\u00e9caniques. Toutes ces pi\u00e8ces sont des prototypes destin\u00e9s aux exp\u00e9riences de physique et d\u2019optique d\u00e9velopp\u00e9es au laboratoire. Je pilote l\u2019activit\u00e9 d\u2019usinage et j\u2019encadre une \u00e9quipe de 3 agents tout en assurant l&#8217;interface avec les chercheurs et les autres services du Lactech\u2019. Je dois aussi m&#8217;acquitter des t\u00e2ches administratives li\u00e9es au fonctionnement du service avec la gestion du budget attribu\u00e9 chaque ann\u00e9e au service. Pour assurer une meilleure fluidit\u00e9 dans les approvisionnements, j\u2019ai \u00e9galement la responsabilit\u00e9 d&#8217;une carte achat du CNRS.<\/p>\n<p>En outre, je suis membre \u00e9lu et repr\u00e9sentant des personnels IT au Conseil de Laboratoire. Cette instance a un r\u00f4le consultatif et repr\u00e9sente un lieu d&#8217;\u00e9change d&#8217;une grande importance en rapport avec toute l&#8217;organisation et le bon fonctionnement du laboratoire. Je repr\u00e9sente \u00e9galement le personnel IT du laboratoire dans la &#8220;F\u00e9d\u00e9ration Friedel-Jacquinot&#8221; qui est constitu\u00e9e d&#8217;un repr\u00e9sentant chercheur, un repr\u00e9sentant IT et le Directeur de chacun de six laboratoires de physique du plateau de Saclay (FAST, ISMO, LAC, LPS, ISMO, LPTMS, LUMIN). Cette F\u00e9d\u00e9ration a pour but de d\u00e9velopper les interactions scientifiques entre les laboratoires partenaires et de mettre en r\u00e9seau des outils et services afin de mieux coordonner les sp\u00e9cificit\u00e9s de chaque laboratoire. L&#8217;autre objectif est d&#8217;apporter une attractivit\u00e9 ext\u00e9rieure aupr\u00e8s des \u00e9tudiants et du grand public tout en favorisant les collaborations avec les laboratoires voisins.<\/p>\n<p>\u00a0<\/p>\n<p><img loading=\"lazy\" decoding=\"async\" class=\"size-full wp-image-4884 aligncenter\" src=\"http:\/\/www.lac.universite-paris-saclay.fr\/wp-content\/uploads\/2024\/03\/dc-2.png\" alt=\"\" width=\"498\" height=\"525\" srcset=\"http:\/\/www.lac.universite-paris-saclay.fr\/wp-content\/uploads\/2024\/03\/dc-2.png 498w, http:\/\/www.lac.universite-paris-saclay.fr\/wp-content\/uploads\/2024\/03\/dc-2-285x300.png 285w, http:\/\/www.lac.universite-paris-saclay.fr\/wp-content\/uploads\/2024\/03\/dc-2-200x211.png 200w, http:\/\/www.lac.universite-paris-saclay.fr\/wp-content\/uploads\/2024\/03\/dc-2-400x422.png 400w\" sizes=\"(max-width: 498px) 85vw, 498px\" \/><\/p>\n<p>\u00a0<\/p>\n<p>\u00a0<\/p>","protected":false},"excerpt":{"rendered":"<p>Daniel CIVIALE Assistant-ing\u00e9nieur en r\u00e9alisation m\u00e9canique Responsable du service \u00ab Prototypes &amp; M\u00e9canique \u00bb Membre \u00e9lu et repr\u00e9sentant des IT au Conseil de Laboratoire du LAC. Repr\u00e9sentant du personnel IT &hellip; <a href=\"http:\/\/www.lac.universite-paris-saclay.fr\/?page_id=4741\" class=\"more-link\">Continue reading<span class=\"screen-reader-text\"> &#8220;Daniel Civiale&#8221;<\/span><\/a><\/p>\n","protected":false},"author":1,"featured_media":4742,"parent":0,"menu_order":0,"comment_status":"closed","ping_status":"closed","template":"","meta":{"footnotes":""},"class_list":["post-4741","page","type-page","status-publish","has-post-thumbnail","hentry"],"featured_image_src":"http:\/\/www.lac.universite-paris-saclay.fr\/wp-content\/uploads\/2024\/02\/Page-web-perso-DC.png","yoast_head":"<!-- This site is optimized with the Yoast SEO plugin v25.6 - https:\/\/yoast.com\/wordpress\/plugins\/seo\/ -->\n<title>Daniel Civiale - LAC<\/title>\n<meta name=\"robots\" content=\"index, follow, max-snippet:-1, max-image-preview:large, max-video-preview:-1\" \/>\n<link rel=\"canonical\" href=\"http:\/\/www.lac.universite-paris-saclay.fr\/?page_id=4741\" \/>\n<meta name=\"twitter:card\" content=\"summary_large_image\" \/>\n<meta name=\"twitter:title\" content=\"Daniel Civiale - LAC\" \/>\n<meta name=\"twitter:description\" content=\"Daniel CIVIALE Assistant-ing\u00e9nieur en r\u00e9alisation m\u00e9canique Responsable du service \u00ab Prototypes &amp; M\u00e9canique \u00bb Membre \u00e9lu et repr\u00e9sentant des IT au Conseil de Laboratoire du LAC. Repr\u00e9sentant du personnel IT &hellip; Continue reading &quot;Daniel Civiale&quot;\" \/>\n<meta name=\"twitter:image\" content=\"http:\/\/www.lac.universite-paris-saclay.fr\/wp-content\/uploads\/2024\/02\/Page-web-perso-DC.png\" \/>\n<meta name=\"twitter:label1\" content=\"Est. reading time\" \/>\n\t<meta name=\"twitter:data1\" content=\"2 minutes\" \/>\n<script type=\"application\/ld+json\" class=\"yoast-schema-graph\">{\"@context\":\"https:\/\/schema.org\",\"@graph\":[{\"@type\":\"WebPage\",\"@id\":\"http:\/\/www.lac.universite-paris-saclay.fr\/?page_id=4741\",\"url\":\"http:\/\/www.lac.universite-paris-saclay.fr\/?page_id=4741\",\"name\":\"Daniel Civiale - LAC\",\"isPartOf\":{\"@id\":\"http:\/\/www.lac.universite-paris-saclay.fr\/#website\"},\"primaryImageOfPage\":{\"@id\":\"http:\/\/www.lac.universite-paris-saclay.fr\/?page_id=4741#primaryimage\"},\"image\":{\"@id\":\"http:\/\/www.lac.universite-paris-saclay.fr\/?page_id=4741#primaryimage\"},\"thumbnailUrl\":\"http:\/\/www.lac.universite-paris-saclay.fr\/wp-content\/uploads\/2024\/02\/Page-web-perso-DC.png\",\"datePublished\":\"2024-02-29T09:08:38+00:00\",\"dateModified\":\"2024-03-06T14:55:42+00:00\",\"breadcrumb\":{\"@id\":\"http:\/\/www.lac.universite-paris-saclay.fr\/?page_id=4741#breadcrumb\"},\"inLanguage\":\"en-US\",\"potentialAction\":[{\"@type\":\"ReadAction\",\"target\":[\"http:\/\/www.lac.universite-paris-saclay.fr\/?page_id=4741\"]}]},{\"@type\":\"ImageObject\",\"inLanguage\":\"en-US\",\"@id\":\"http:\/\/www.lac.universite-paris-saclay.fr\/?page_id=4741#primaryimage\",\"url\":\"http:\/\/www.lac.universite-paris-saclay.fr\/wp-content\/uploads\/2024\/02\/Page-web-perso-DC.png\",\"contentUrl\":\"http:\/\/www.lac.universite-paris-saclay.fr\/wp-content\/uploads\/2024\/02\/Page-web-perso-DC.png\",\"width\":794,\"height\":1123},{\"@type\":\"BreadcrumbList\",\"@id\":\"http:\/\/www.lac.universite-paris-saclay.fr\/?page_id=4741#breadcrumb\",\"itemListElement\":[{\"@type\":\"ListItem\",\"position\":1,\"name\":\"Accueil\",\"item\":\"http:\/\/www.lac.universite-paris-saclay.fr\/\"},{\"@type\":\"ListItem\",\"position\":2,\"name\":\"Daniel Civiale\"}]},{\"@type\":\"WebSite\",\"@id\":\"http:\/\/www.lac.universite-paris-saclay.fr\/#website\",\"url\":\"http:\/\/www.lac.universite-paris-saclay.fr\/\",\"name\":\"LAC\",\"description\":\"Laboratoire Aim\u00e9 Cotton\",\"publisher\":{\"@id\":\"http:\/\/www.lac.universite-paris-saclay.fr\/#organization\"},\"potentialAction\":[{\"@type\":\"SearchAction\",\"target\":{\"@type\":\"EntryPoint\",\"urlTemplate\":\"http:\/\/www.lac.universite-paris-saclay.fr\/?s={search_term_string}\"},\"query-input\":{\"@type\":\"PropertyValueSpecification\",\"valueRequired\":true,\"valueName\":\"search_term_string\"}}],\"inLanguage\":\"en-US\"},{\"@type\":\"Organization\",\"@id\":\"http:\/\/www.lac.universite-paris-saclay.fr\/#organization\",\"name\":\"LAC\",\"url\":\"http:\/\/www.lac.universite-paris-saclay.fr\/\",\"logo\":{\"@type\":\"ImageObject\",\"inLanguage\":\"en-US\",\"@id\":\"http:\/\/www.lac.universite-paris-saclay.fr\/#\/schema\/logo\/image\/\",\"url\":\"http:\/\/www.lac.universite-paris-saclay.fr\/wp-content\/uploads\/2022\/01\/cropped-logo_LAC-240.png\",\"contentUrl\":\"http:\/\/www.lac.universite-paris-saclay.fr\/wp-content\/uploads\/2022\/01\/cropped-logo_LAC-240.png\",\"width\":240,\"height\":76,\"caption\":\"LAC\"},\"image\":{\"@id\":\"http:\/\/www.lac.universite-paris-saclay.fr\/#\/schema\/logo\/image\/\"}}]}<\/script>\n<!-- \/ Yoast SEO plugin. -->","yoast_head_json":{"title":"Daniel Civiale - LAC","robots":{"index":"index","follow":"follow","max-snippet":"max-snippet:-1","max-image-preview":"max-image-preview:large","max-video-preview":"max-video-preview:-1"},"canonical":"http:\/\/www.lac.universite-paris-saclay.fr\/?page_id=4741","twitter_card":"summary_large_image","twitter_title":"Daniel Civiale - LAC","twitter_description":"Daniel CIVIALE Assistant-ing\u00e9nieur en r\u00e9alisation m\u00e9canique Responsable du service \u00ab Prototypes &amp; M\u00e9canique \u00bb Membre \u00e9lu et repr\u00e9sentant des IT au Conseil de Laboratoire du LAC. Repr\u00e9sentant du personnel IT &hellip; Continue reading \"Daniel Civiale\"","twitter_image":"http:\/\/www.lac.universite-paris-saclay.fr\/wp-content\/uploads\/2024\/02\/Page-web-perso-DC.png","twitter_misc":{"Est. reading time":"2 minutes"},"schema":{"@context":"https:\/\/schema.org","@graph":[{"@type":"WebPage","@id":"http:\/\/www.lac.universite-paris-saclay.fr\/?page_id=4741","url":"http:\/\/www.lac.universite-paris-saclay.fr\/?page_id=4741","name":"Daniel Civiale - LAC","isPartOf":{"@id":"http:\/\/www.lac.universite-paris-saclay.fr\/#website"},"primaryImageOfPage":{"@id":"http:\/\/www.lac.universite-paris-saclay.fr\/?page_id=4741#primaryimage"},"image":{"@id":"http:\/\/www.lac.universite-paris-saclay.fr\/?page_id=4741#primaryimage"},"thumbnailUrl":"http:\/\/www.lac.universite-paris-saclay.fr\/wp-content\/uploads\/2024\/02\/Page-web-perso-DC.png","datePublished":"2024-02-29T09:08:38+00:00","dateModified":"2024-03-06T14:55:42+00:00","breadcrumb":{"@id":"http:\/\/www.lac.universite-paris-saclay.fr\/?page_id=4741#breadcrumb"},"inLanguage":"en-US","potentialAction":[{"@type":"ReadAction","target":["http:\/\/www.lac.universite-paris-saclay.fr\/?page_id=4741"]}]},{"@type":"ImageObject","inLanguage":"en-US","@id":"http:\/\/www.lac.universite-paris-saclay.fr\/?page_id=4741#primaryimage","url":"http:\/\/www.lac.universite-paris-saclay.fr\/wp-content\/uploads\/2024\/02\/Page-web-perso-DC.png","contentUrl":"http:\/\/www.lac.universite-paris-saclay.fr\/wp-content\/uploads\/2024\/02\/Page-web-perso-DC.png","width":794,"height":1123},{"@type":"BreadcrumbList","@id":"http:\/\/www.lac.universite-paris-saclay.fr\/?page_id=4741#breadcrumb","itemListElement":[{"@type":"ListItem","position":1,"name":"Accueil","item":"http:\/\/www.lac.universite-paris-saclay.fr\/"},{"@type":"ListItem","position":2,"name":"Daniel Civiale"}]},{"@type":"WebSite","@id":"http:\/\/www.lac.universite-paris-saclay.fr\/#website","url":"http:\/\/www.lac.universite-paris-saclay.fr\/","name":"LAC","description":"Laboratoire Aim\u00e9 Cotton","publisher":{"@id":"http:\/\/www.lac.universite-paris-saclay.fr\/#organization"},"potentialAction":[{"@type":"SearchAction","target":{"@type":"EntryPoint","urlTemplate":"http:\/\/www.lac.universite-paris-saclay.fr\/?s={search_term_string}"},"query-input":{"@type":"PropertyValueSpecification","valueRequired":true,"valueName":"search_term_string"}}],"inLanguage":"en-US"},{"@type":"Organization","@id":"http:\/\/www.lac.universite-paris-saclay.fr\/#organization","name":"LAC","url":"http:\/\/www.lac.universite-paris-saclay.fr\/","logo":{"@type":"ImageObject","inLanguage":"en-US","@id":"http:\/\/www.lac.universite-paris-saclay.fr\/#\/schema\/logo\/image\/","url":"http:\/\/www.lac.universite-paris-saclay.fr\/wp-content\/uploads\/2022\/01\/cropped-logo_LAC-240.png","contentUrl":"http:\/\/www.lac.universite-paris-saclay.fr\/wp-content\/uploads\/2022\/01\/cropped-logo_LAC-240.png","width":240,"height":76,"caption":"LAC"},"image":{"@id":"http:\/\/www.lac.universite-paris-saclay.fr\/#\/schema\/logo\/image\/"}}]}},"_links":{"self":[{"href":"http:\/\/www.lac.universite-paris-saclay.fr\/index.php?rest_route=\/wp\/v2\/pages\/4741"}],"collection":[{"href":"http:\/\/www.lac.universite-paris-saclay.fr\/index.php?rest_route=\/wp\/v2\/pages"}],"about":[{"href":"http:\/\/www.lac.universite-paris-saclay.fr\/index.php?rest_route=\/wp\/v2\/types\/page"}],"author":[{"embeddable":true,"href":"http:\/\/www.lac.universite-paris-saclay.fr\/index.php?rest_route=\/wp\/v2\/users\/1"}],"replies":[{"embeddable":true,"href":"http:\/\/www.lac.universite-paris-saclay.fr\/index.php?rest_route=%2Fwp%2Fv2%2Fcomments&post=4741"}],"version-history":[{"count":5,"href":"http:\/\/www.lac.universite-paris-saclay.fr\/index.php?rest_route=\/wp\/v2\/pages\/4741\/revisions"}],"predecessor-version":[{"id":4885,"href":"http:\/\/www.lac.universite-paris-saclay.fr\/index.php?rest_route=\/wp\/v2\/pages\/4741\/revisions\/4885"}],"wp:featuredmedia":[{"embeddable":true,"href":"http:\/\/www.lac.universite-paris-saclay.fr\/index.php?rest_route=\/wp\/v2\/media\/4742"}],"wp:attachment":[{"href":"http:\/\/www.lac.universite-paris-saclay.fr\/index.php?rest_route=%2Fwp%2Fv2%2Fmedia&parent=4741"}],"curies":[{"name":"wp","href":"https:\/\/api.w.org\/{rel}","templated":true}]}}