{"id":4121,"date":"2022-10-11T10:50:09","date_gmt":"2022-10-11T08:50:09","guid":{"rendered":"http:\/\/www.lac.universite-paris-saclay.fr\/?page_id=4121"},"modified":"2025-08-29T16:28:39","modified_gmt":"2025-08-29T14:28:39","slug":"rapports-de-stage","status":"publish","type":"page","link":"http:\/\/www.lac.universite-paris-saclay.fr\/?page_id=4121","title":{"rendered":"Rapports stage"},"content":{"rendered":"<div class=\"wp-block-ub-tabbed-content wp-block-ub-tabbed-content-underline wp-block-ub-tabbed-content-holder wp-block-ub-tabbed-content-horizontal-holder-mobile wp-block-ub-tabbed-content-horizontal-holder-tablet\" id=\"ub-tabbed-content-742622f5-ca35-4f1b-a318-0c9c12542d3f\" style=\"\">\n\t\t\t<div class=\"wp-block-ub-tabbed-content-tab-holder horizontal-tab-width-mobile horizontal-tab-width-tablet\">\n\t\t\t\t<div role=\"tablist\" class=\"wp-block-ub-tabbed-content-tabs-title wp-block-ub-tabbed-content-tabs-title-mobile-horizontal-tab wp-block-ub-tabbed-content-tabs-title-tablet-horizontal-tab\" style=\"justify-content: flex-start; \"><div role=\"tab\" id=\"ub-tabbed-content-742622f5-ca35-4f1b-a318-0c9c12542d3f-tab-0\" aria-controls=\"ub-tabbed-content-742622f5-ca35-4f1b-a318-0c9c12542d3f-panel-0\" aria-selected=\"true\" class=\"wp-block-ub-tabbed-content-tab-title-wrap active\" style=\"--ub-tabbed-title-background-color: inherit; --ub-tabbed-active-title-color: inherit; --ub-tabbed-active-title-background-color: inherit; text-align: left; \" tabindex=\"-1\">\n\t\t\t\t<div class=\"wp-block-ub-tabbed-content-tab-title\">Rapports<\/div>\n\t\t\t<\/div><\/div>\n\t\t\t<\/div>\n\t\t\t<div class=\"wp-block-ub-tabbed-content-tabs-content\" style=\"\"><div role=\"tabpanel\" class=\"wp-block-ub-tabbed-content-tab-content-wrap active\" id=\"ub-tabbed-content-742622f5-ca35-4f1b-a318-0c9c12542d3f-panel-0\" aria-labelledby=\"ub-tabbed-content-742622f5-ca35-4f1b-a318-0c9c12542d3f-tab-0\" tabindex=\"0\">\n\n<p><\/p>\n\n\n\n<p><strong>2025<\/strong><\/p>\n\n\n\n<ul class=\"wp-block-list\">\n<li>Thomas Roy (M2):\u00a0<a href=\"http:\/\/www.lac.universite-paris-saclay.fr\/Data\/Stages\/2025\/Thomas-Roy.pdf\">Source d\u2019ions et d\u2019\u00e9lectrons corr\u00e9l\u00e9s- Projet HREELM <\/a>(Tuteurs: D. Comparat, Y. Picard)<\/li>\n\n\n\n<li>Ismat Abou Khechfe (M2):\u00a0<a href=\"http:\/\/www.lac.universite-paris-saclay.fr\/Data\/Stages\/2025\/ismat.pdf\">Manipulation of Hydrogen Beam for the Detection of Gravitational Quantum States (GQS) with H<\/a> (Tuteurs: D. Comparat)<\/li>\n<\/ul>\n\n\n\n<p><strong>202<\/strong>4<\/p>\n\n\n\n<p><strong>2023<\/strong><\/p>\n\n\n\n<ul class=\"wp-block-list\">\n<li>Celia Smai (M2):\u00a0<a href=\"http:\/\/www.lac.universite-paris-saclay.fr\/wp-content\/uploads\/2023\/09\/Rapport_stage-Celia-Smai.pdf\"><em>Etude d\u2019un atome de Cesium dans une<\/em> <em>matrice\u00a0d\u2019argon pour des mesures fondamentales:  moments dipolaire et anapolaire<\/em><\/a> (Tuteur: D. Comparat)<\/li>\n<\/ul>\n\n\n\n<p><strong>2022<\/strong><\/p>\n\n\n\n<ul class=\"wp-block-list\">\n<li>Mourad El Bourakadi (M2): <em><a href=\"http:\/\/www.lac.universite-paris-saclay.fr\/Data\/Stages\/2022\/2.pdf\">Etude d&#8217;une d\u00e9tection en co\u00efncidence ion-\u00e9lectron <\/a><\/em> (Tuteur: D. Comparat)<\/li>\n\n\n\n<li>S\u00e9bastian LAHS (Master thesis, Germany): <em><a href=\"http:\/\/www.lac.universite-paris-saclay.fr\/Data\/Stages\/2022\/1\">Cs in a cryogenic matrix <\/a><\/em> (Tuteur: D. Comparat)<\/li>\n\n\n\n<li>S\u00e9bastien Lavielle (ARTEQ): <a href=\"http:\/\/www.lac.universite-paris-saclay.fr\/Data\/Stages\/2022\/3.pdf\">Vers un prototype de microscopie de surface<\/a> (Tuteur: D. Comparat)<\/li>\n\n\n\n<li>CHang Zhou (M1): <em><a href=\"http:\/\/www.lac.universite-paris-saclay.fr\/Data\/Stages\/2022\/1\">Source d&#8217;ions et d&#8217;<\/a><a href=\"http:\/\/www.lac.universite-paris-saclay.fr\/Data\/Stages\/2022\/4.pdf\">\u00e9l\u00e9ctrons <\/a><\/em><a href=\"http:\/\/www.lac.universite-paris-saclay.fr\/Data\/Stages\/2022\/4.pdf\"><em>corr\u00e9l\u00e9s <\/em> <\/a>(Tuteur: Y. Picard)<\/li>\n<\/ul>\n\n\n\n<p><strong>2021<\/strong><\/p>\n\n\n\n<ul class=\"wp-block-list\">\n<li>No\u00e9 Gre<a href=\"http:\/\/www.lac.universite-paris-saclay.fr\/Data\/Stages\/2021\/1.pdf\">nier (L3): <em>Techniques de spectroscopie  avanc\u00e9es appliqu\u00e9es \u00e0 la raie d&#8217;intercombinaison de l&#8217;Ytterbium <\/em> <\/a>(Tuteur: S. Lepoutre)<\/li>\n\n\n\n<li>Marylise Saffre (M2): <em><a href=\"http:\/\/www.lac.universite-paris-saclay.fr\/Data\/Stages\/2021\/2.pdf\">D\u00e9c\u00e9l\u00e9ration d&#8217;un jet de mol\u00e9cules froides de BaF temporairement ionis\u00e9es <\/a><\/em> (Tuteur: H. Lignier)<\/li>\n<\/ul>\n\n\n\n<p><strong>2020<\/strong><\/p>\n\n\n\n<ul class=\"wp-block-list\">\n<li>Florent Millo (M1): <a href=\"http:\/\/www.lac.universite-paris-saclay.fr\/Data\/Stages\/2020\/1.pdf\">Temperature at di\\u000Bernet scales &#8211; Toward measurement on nanonstructures<\/a> (Tuteur: N. Keba\u00efli)<\/li>\n<\/ul>\n\n<\/div><\/div>\n\t\t<\/div>","protected":false},"excerpt":{"rendered":"","protected":false},"author":1,"featured_media":0,"parent":0,"menu_order":0,"comment_status":"closed","ping_status":"closed","template":"","meta":{"footnotes":""},"class_list":["post-4121","page","type-page","status-publish","hentry"],"featured_image_src":null,"yoast_head":"<!-- This site is optimized with the Yoast SEO plugin v25.6 - https:\/\/yoast.com\/wordpress\/plugins\/seo\/ -->\n<title>Rapports stage - LAC<\/title>\n<meta name=\"robots\" content=\"index, follow, max-snippet:-1, max-image-preview:large, max-video-preview:-1\" \/>\n<link rel=\"canonical\" href=\"http:\/\/www.lac.universite-paris-saclay.fr\/?page_id=4121\" \/>\n<meta name=\"twitter:card\" content=\"summary_large_image\" \/>\n<meta name=\"twitter:title\" content=\"Rapports stage - LAC\" \/>\n<meta name=\"twitter:label1\" content=\"Est. reading time\" \/>\n\t<meta name=\"twitter:data1\" content=\"1 minute\" \/>\n<script type=\"application\/ld+json\" class=\"yoast-schema-graph\">{\"@context\":\"https:\/\/schema.org\",\"@graph\":[{\"@type\":\"WebPage\",\"@id\":\"http:\/\/www.lac.universite-paris-saclay.fr\/?page_id=4121\",\"url\":\"http:\/\/www.lac.universite-paris-saclay.fr\/?page_id=4121\",\"name\":\"Rapports stage - LAC\",\"isPartOf\":{\"@id\":\"http:\/\/www.lac.universite-paris-saclay.fr\/#website\"},\"datePublished\":\"2022-10-11T08:50:09+00:00\",\"dateModified\":\"2025-08-29T14:28:39+00:00\",\"breadcrumb\":{\"@id\":\"http:\/\/www.lac.universite-paris-saclay.fr\/?page_id=4121#breadcrumb\"},\"inLanguage\":\"en-US\",\"potentialAction\":[{\"@type\":\"ReadAction\",\"target\":[\"http:\/\/www.lac.universite-paris-saclay.fr\/?page_id=4121\"]}]},{\"@type\":\"BreadcrumbList\",\"@id\":\"http:\/\/www.lac.universite-paris-saclay.fr\/?page_id=4121#breadcrumb\",\"itemListElement\":[{\"@type\":\"ListItem\",\"position\":1,\"name\":\"Accueil\",\"item\":\"http:\/\/www.lac.universite-paris-saclay.fr\/\"},{\"@type\":\"ListItem\",\"position\":2,\"name\":\"Rapports stage\"}]},{\"@type\":\"WebSite\",\"@id\":\"http:\/\/www.lac.universite-paris-saclay.fr\/#website\",\"url\":\"http:\/\/www.lac.universite-paris-saclay.fr\/\",\"name\":\"LAC\",\"description\":\"Laboratoire Aim\u00e9 Cotton\",\"publisher\":{\"@id\":\"http:\/\/www.lac.universite-paris-saclay.fr\/#organization\"},\"potentialAction\":[{\"@type\":\"SearchAction\",\"target\":{\"@type\":\"EntryPoint\",\"urlTemplate\":\"http:\/\/www.lac.universite-paris-saclay.fr\/?s={search_term_string}\"},\"query-input\":{\"@type\":\"PropertyValueSpecification\",\"valueRequired\":true,\"valueName\":\"search_term_string\"}}],\"inLanguage\":\"en-US\"},{\"@type\":\"Organization\",\"@id\":\"http:\/\/www.lac.universite-paris-saclay.fr\/#organization\",\"name\":\"LAC\",\"url\":\"http:\/\/www.lac.universite-paris-saclay.fr\/\",\"logo\":{\"@type\":\"ImageObject\",\"inLanguage\":\"en-US\",\"@id\":\"http:\/\/www.lac.universite-paris-saclay.fr\/#\/schema\/logo\/image\/\",\"url\":\"http:\/\/www.lac.universite-paris-saclay.fr\/wp-content\/uploads\/2022\/01\/cropped-logo_LAC-240.png\",\"contentUrl\":\"http:\/\/www.lac.universite-paris-saclay.fr\/wp-content\/uploads\/2022\/01\/cropped-logo_LAC-240.png\",\"width\":240,\"height\":76,\"caption\":\"LAC\"},\"image\":{\"@id\":\"http:\/\/www.lac.universite-paris-saclay.fr\/#\/schema\/logo\/image\/\"}}]}<\/script>\n<!-- \/ Yoast SEO plugin. -->","yoast_head_json":{"title":"Rapports stage - LAC","robots":{"index":"index","follow":"follow","max-snippet":"max-snippet:-1","max-image-preview":"max-image-preview:large","max-video-preview":"max-video-preview:-1"},"canonical":"http:\/\/www.lac.universite-paris-saclay.fr\/?page_id=4121","twitter_card":"summary_large_image","twitter_title":"Rapports stage - LAC","twitter_misc":{"Est. reading time":"1 minute"},"schema":{"@context":"https:\/\/schema.org","@graph":[{"@type":"WebPage","@id":"http:\/\/www.lac.universite-paris-saclay.fr\/?page_id=4121","url":"http:\/\/www.lac.universite-paris-saclay.fr\/?page_id=4121","name":"Rapports stage - LAC","isPartOf":{"@id":"http:\/\/www.lac.universite-paris-saclay.fr\/#website"},"datePublished":"2022-10-11T08:50:09+00:00","dateModified":"2025-08-29T14:28:39+00:00","breadcrumb":{"@id":"http:\/\/www.lac.universite-paris-saclay.fr\/?page_id=4121#breadcrumb"},"inLanguage":"en-US","potentialAction":[{"@type":"ReadAction","target":["http:\/\/www.lac.universite-paris-saclay.fr\/?page_id=4121"]}]},{"@type":"BreadcrumbList","@id":"http:\/\/www.lac.universite-paris-saclay.fr\/?page_id=4121#breadcrumb","itemListElement":[{"@type":"ListItem","position":1,"name":"Accueil","item":"http:\/\/www.lac.universite-paris-saclay.fr\/"},{"@type":"ListItem","position":2,"name":"Rapports stage"}]},{"@type":"WebSite","@id":"http:\/\/www.lac.universite-paris-saclay.fr\/#website","url":"http:\/\/www.lac.universite-paris-saclay.fr\/","name":"LAC","description":"Laboratoire Aim\u00e9 Cotton","publisher":{"@id":"http:\/\/www.lac.universite-paris-saclay.fr\/#organization"},"potentialAction":[{"@type":"SearchAction","target":{"@type":"EntryPoint","urlTemplate":"http:\/\/www.lac.universite-paris-saclay.fr\/?s={search_term_string}"},"query-input":{"@type":"PropertyValueSpecification","valueRequired":true,"valueName":"search_term_string"}}],"inLanguage":"en-US"},{"@type":"Organization","@id":"http:\/\/www.lac.universite-paris-saclay.fr\/#organization","name":"LAC","url":"http:\/\/www.lac.universite-paris-saclay.fr\/","logo":{"@type":"ImageObject","inLanguage":"en-US","@id":"http:\/\/www.lac.universite-paris-saclay.fr\/#\/schema\/logo\/image\/","url":"http:\/\/www.lac.universite-paris-saclay.fr\/wp-content\/uploads\/2022\/01\/cropped-logo_LAC-240.png","contentUrl":"http:\/\/www.lac.universite-paris-saclay.fr\/wp-content\/uploads\/2022\/01\/cropped-logo_LAC-240.png","width":240,"height":76,"caption":"LAC"},"image":{"@id":"http:\/\/www.lac.universite-paris-saclay.fr\/#\/schema\/logo\/image\/"}}]}},"_links":{"self":[{"href":"http:\/\/www.lac.universite-paris-saclay.fr\/index.php?rest_route=\/wp\/v2\/pages\/4121"}],"collection":[{"href":"http:\/\/www.lac.universite-paris-saclay.fr\/index.php?rest_route=\/wp\/v2\/pages"}],"about":[{"href":"http:\/\/www.lac.universite-paris-saclay.fr\/index.php?rest_route=\/wp\/v2\/types\/page"}],"author":[{"embeddable":true,"href":"http:\/\/www.lac.universite-paris-saclay.fr\/index.php?rest_route=\/wp\/v2\/users\/1"}],"replies":[{"embeddable":true,"href":"http:\/\/www.lac.universite-paris-saclay.fr\/index.php?rest_route=%2Fwp%2Fv2%2Fcomments&post=4121"}],"version-history":[{"count":28,"href":"http:\/\/www.lac.universite-paris-saclay.fr\/index.php?rest_route=\/wp\/v2\/pages\/4121\/revisions"}],"predecessor-version":[{"id":5605,"href":"http:\/\/www.lac.universite-paris-saclay.fr\/index.php?rest_route=\/wp\/v2\/pages\/4121\/revisions\/5605"}],"wp:attachment":[{"href":"http:\/\/www.lac.universite-paris-saclay.fr\/index.php?rest_route=%2Fwp%2Fv2%2Fmedia&parent=4121"}],"curies":[{"name":"wp","href":"https:\/\/api.w.org\/{rel}","templated":true}]}}