{"id":3840,"date":"2021-10-01T09:11:40","date_gmt":"2021-10-01T07:11:40","guid":{"rendered":"http:\/\/www.lac.universite-paris-saclay.fr\/?page_id=3840"},"modified":"2024-02-05T17:33:34","modified_gmt":"2024-02-05T16:33:34","slug":"siec_test","status":"publish","type":"page","link":"http:\/\/www.lac.universite-paris-saclay.fr\/?page_id=3840","title":{"rendered":"SIEC (Source d\u2019Ions et d\u2019Electrons Corr\u00e9l\u00e9s)"},"content":{"rendered":"<div  class=\"wp-block-ultimate-post-heading ultp-block-929fa4\"><div class=\"ultp-block-wrapper\"><div class=\"ultp-heading-wrap ultp-heading-style9 ultp-heading-center\"><h1 class=\"ultp-heading-inner\"><span>Source d\u2019Ions et d\u2019Electrons Corr\u00e9l\u00e9S<\/span><\/h1><\/div><\/div><\/div>\n\n<div class=\"wp-block-ub-tabbed-content wp-block-ub-tabbed-content-underline wp-block-ub-tabbed-content-holder wp-block-ub-tabbed-content-horizontal-holder-mobile wp-block-ub-tabbed-content-horizontal-holder-tablet\" id=\"ub-tabbed-content-f2eadc9e-9ca8-44ed-9556-f0f9baa9df1e\" style=\"\">\n\t\t\t<div class=\"wp-block-ub-tabbed-content-tab-holder horizontal-tab-width-mobile horizontal-tab-width-tablet\">\n\t\t\t\t<div role=\"tablist\" class=\"wp-block-ub-tabbed-content-tabs-title wp-block-ub-tabbed-content-tabs-title-mobile-horizontal-tab wp-block-ub-tabbed-content-tabs-title-tablet-horizontal-tab\" style=\"justify-content: flex-start; \"><div role=\"tab\" id=\"ub-tabbed-content-f2eadc9e-9ca8-44ed-9556-f0f9baa9df1e-tab-0\" aria-controls=\"ub-tabbed-content-f2eadc9e-9ca8-44ed-9556-f0f9baa9df1e-panel-0\" aria-selected=\"true\" class=\"wp-block-ub-tabbed-content-tab-title-wrap active\" style=\"--ub-tabbed-title-background-color: inherit; --ub-tabbed-active-title-color: inherit; --ub-tabbed-active-title-background-color: inherit; text-align: left; \" tabindex=\"-1\">\n\t\t\t\t<div class=\"wp-block-ub-tabbed-content-tab-title\">Description <\/div>\n\t\t\t<\/div><\/div>\n\t\t\t<\/div>\n\t\t\t<div class=\"wp-block-ub-tabbed-content-tabs-content\" style=\"\"><div role=\"tabpanel\" class=\"wp-block-ub-tabbed-content-tab-content-wrap active encadre\" id=\"ub-tabbed-content-752aea79-dcca-4a94-8e76-dd7049833270-panel-0\" aria-labelledby=\"ub-tabbed-content-752aea79-dcca-4a94-8e76-dd7049833270-tab-0\" tabindex=\"0\">\n\n<div class=\"wp-block-columns is-layout-flex wp-container-core-columns-is-layout-2 wp-block-columns-is-layout-flex\">\n<div class=\"wp-block-column is-layout-flow wp-block-column-is-layout-flow\">\n<div class=\"wp-block-columns is-layout-flex wp-container-core-columns-is-layout-1 wp-block-columns-is-layout-flex\">\n<div class=\"wp-block-column is-layout-flow wp-block-column-is-layout-flow\">\n<p id=\"description\" style=\"font-size: 19px;\" align=\"justify\"><strong>Source d\u00e9terministe ion par ion <\/strong><br><br>\nLa production d\u00e9terministe d&#8217;ions individuels ainsi que le contr\u00f4le de leur trajectoire ion par ion ont \u00e9t\u00e9 r\u00e9cemment r\u00e9alis\u00e9s pour la premi\u00e8re fois au LAC [Lop19, HiPhy]. En utilisant la corr\u00e9lation entre l&#8217;ion et l&#8217;\u00e9lectron, issus de la photoionisation d\u2019atomes de c\u00e9sium [Hah21], notre \u00e9quipe a d\u00e9velopp\u00e9 un syst\u00e8me de r\u00e9troaction rapide pour contr\u00f4ler en temps r\u00e9el la trajectoire des ions (Figure #TC1). A partir de la position de l\u2019\u00e9lectron, on peut pr\u00e9dire la position d\u2019arriv\u00e9e de l\u2019ion corr\u00e9l\u00e9 et agir en temps r\u00e9el sur sa trajectoire afin de l\u2019envoyer \u00e0 n\u2019importe quel endroit souhait\u00e9 sur la cible (Figure #TC2). Ceci permet \u00e0 la fois de cr\u00e9er une source d\u00e9terministe d\u2019ion unique \u2013 en ne laissant passer l\u2019ion que s\u2019il satisfait des crit\u00e8res d\u00e9finis par l\u2019exp\u00e9rimentateur \u2013  et de contr\u00f4ler sa trajectoire pour qu\u2019il arrive \u00e0 l\u2019endroit choisi sur la cible, ce qui n\u2019avait jamais \u00e9t\u00e9 fait auparavant. Ce dispositif permet donc de surpasser les limites de l\u2019optique ionique classique en ajoutant, \u00e0 la focalisation de la source d\u2019ions, la correction des trajectoires individuelles de chaque ion.\n\n\n<\/p>\n<\/div>\n<\/div>\n<\/div>\n<\/div>\n\n\n\n<div class=\"wp-block-columns is-layout-flex wp-container-core-columns-is-layout-3 wp-block-columns-is-layout-flex\">\n<div class=\"wp-block-column is-vertically-aligned-top is-layout-flow wp-block-column-is-layout-flow\">\n<div class=\"wp-block-image\"><figure class=\"aligncenter size-full is-resized\"><img loading=\"lazy\" decoding=\"async\" src=\"http:\/\/www.lac.universite-paris-saclay.fr\/wp-content\/uploads\/2021\/10\/image.png\" alt=\"\" class=\"wp-image-3867\" width=\"625\" height=\"198\" srcset=\"http:\/\/www.lac.universite-paris-saclay.fr\/wp-content\/uploads\/2021\/10\/image.png 921w, http:\/\/www.lac.universite-paris-saclay.fr\/wp-content\/uploads\/2021\/10\/image-300x95.png 300w, http:\/\/www.lac.universite-paris-saclay.fr\/wp-content\/uploads\/2021\/10\/image-768x243.png 768w, http:\/\/www.lac.universite-paris-saclay.fr\/wp-content\/uploads\/2021\/10\/image-200x63.png 200w, http:\/\/www.lac.universite-paris-saclay.fr\/wp-content\/uploads\/2021\/10\/image-400x127.png 400w\" sizes=\"(max-width: 625px) 85vw, 625px\" \/><figcaption>Figure #TC1\u00a0: (Gauche) : Sch\u00e9ma du montage exp\u00e9rimental. Les \u00e9lectrons et les ions, produits par photo-ionisation d&#8217;un jet de c\u00e9sium, sont extraits dans des directions oppos\u00e9es et d\u00e9tect\u00e9s par deux d\u00e9tecteurs sensibles en temps et position (TPSD). Le syst\u00e8me d&#8217;acquisition g\u00e8re les informations provenant des d\u00e9tecteurs et traite les donn\u00e9es. Selon le type de correction appliqu\u00e9e, le syst\u00e8me de r\u00e9troaction contr\u00f4le les trajectoires des ions en appliquant sur les plaques d\u00e9flectrices les tensions appropri\u00e9es pour chaque ion. (Droite haut)\u00a0: Images brutes donn\u00e9es par les d\u00e9tecteurs de position des \u00e9lectrons (Xe,Ye) et des ions (Xi,Yi) apr\u00e8s une accumulation de plusieurs milliers de coups ; (Droite bas)\u00a0: Courbes de corr\u00e9lations des coordonn\u00e9es horizontale (Xi,Xe) et verticale (Yi,Ye) des ions et des \u00e9lectrons co\u00efncidents.<\/figcaption><\/figure><\/div>\n<\/div>\n\n\n\n<div class=\"wp-block-column is-vertically-aligned-center is-layout-flow wp-block-column-is-layout-flow\">\n<div class=\"wp-block-image\"><figure class=\"aligncenter size-full is-resized\"><img loading=\"lazy\" decoding=\"async\" src=\"http:\/\/www.lac.universite-paris-saclay.fr\/wp-content\/uploads\/2021\/10\/image-3.png\" alt=\"\" class=\"wp-image-3870\" width=\"489\" height=\"169\" srcset=\"http:\/\/www.lac.universite-paris-saclay.fr\/wp-content\/uploads\/2021\/10\/image-3.png 881w, http:\/\/www.lac.universite-paris-saclay.fr\/wp-content\/uploads\/2021\/10\/image-3-300x104.png 300w, http:\/\/www.lac.universite-paris-saclay.fr\/wp-content\/uploads\/2021\/10\/image-3-768x267.png 768w, http:\/\/www.lac.universite-paris-saclay.fr\/wp-content\/uploads\/2021\/10\/image-3-200x69.png 200w, http:\/\/www.lac.universite-paris-saclay.fr\/wp-content\/uploads\/2021\/10\/image-3-400x139.png 400w\" sizes=\"(max-width: 489px) 85vw, 489px\" \/><figcaption><br>Figure #TC2\u00a0: Images brutes des ions sur le d\u00e9tecteur avec correction 2D (a), avec une correction complexe (b), avec masque virtuel (c). Voir [<em>Lop19<\/em>] pour plus de d\u00e9tails.<\/figcaption><\/figure><\/div>\n<\/div>\n<\/div>\n\n\n\n<hr class=\"wp-block-separator\">\n\n\n\n<p style=\"font-size: 19px;\" align=\"justify\"><strong>Imagerie Fant\u00f4me<\/strong><br><br>\nGr\u00e2ce \u00e0 la corr\u00e9lation entre les paires \u00e9lectron\/ion de cette source d\u00e9terministe, notre \u00e9quipe a de plus r\u00e9alis\u00e9 des exp\u00e9riences d\u2019imagerie fant\u00f4me (ghost imaging) avec des ions et des \u00e9lectrons [Tri20]. Cette imagerie fant\u00f4me permet d\u2019observer ce qui se trouve sur le trajet du spot d\u2019ions en exploitant l\u2019image obtenue avec les \u00e9lectrons corr\u00e9l\u00e9s. La d\u00e9monstration a \u00e9t\u00e9 faite au LAC qu&#8217;il est possible, en utilisant l&#8217;imagerie du d\u00e9tecteur des \u00e9lectrons, de r\u00e9v\u00e9ler des d\u00e9tails de structures inaccessibles \u00e0 la r\u00e9solution en position du d\u00e9tecteur des ions. La figure #GI montre qu\u2019en exploitant la corr\u00e9lation \u00e9lectron\/ion on r\u00e9v\u00e8le, via les \u00e9lectrons, l&#8217;image fant\u00f4me (c&#8217;est \u00e0 dire l&#8217;image en ne gardant que les \u00e9lectrons corr\u00e9l\u00e9s au signal des ions) des structures d\u2019un masque \u00e0 transmission vu par les ions alors m\u00eame que ses structures (de l\u2019ordre du mm) sont bien plus petites que le spot des ions (~ 20 mm). Cette technique, coupl\u00e9e \u00e0 un dispositif d\u2019imagerie par faisceau d\u2019ion, permettra d\u2019am\u00e9liorer la r\u00e9solution en exploitant le surplus d\u2019information apport\u00e9e par la corr\u00e9lation avec les \u00e9lectrons co\u00efncidents.\n\n\n<\/p>\n\n\n\n<div class=\"wp-block-columns is-layout-flex wp-container-core-columns-is-layout-4 wp-block-columns-is-layout-flex\">\n<div class=\"wp-block-column is-layout-flow wp-block-column-is-layout-flow\">\n<div class=\"wp-block-image\"><figure class=\"aligncenter size-large is-resized\"><img loading=\"lazy\" decoding=\"async\" src=\"http:\/\/www.lac.universite-paris-saclay.fr\/wp-content\/uploads\/2021\/10\/image-2-1024x294.png\" alt=\"\" class=\"wp-image-3869\" width=\"676\" height=\"194\" srcset=\"http:\/\/www.lac.universite-paris-saclay.fr\/wp-content\/uploads\/2021\/10\/image-2-1024x294.png 1024w, http:\/\/www.lac.universite-paris-saclay.fr\/wp-content\/uploads\/2021\/10\/image-2-300x86.png 300w, http:\/\/www.lac.universite-paris-saclay.fr\/wp-content\/uploads\/2021\/10\/image-2-768x221.png 768w, http:\/\/www.lac.universite-paris-saclay.fr\/wp-content\/uploads\/2021\/10\/image-2-200x57.png 200w, http:\/\/www.lac.universite-paris-saclay.fr\/wp-content\/uploads\/2021\/10\/image-2-400x115.png 400w, http:\/\/www.lac.universite-paris-saclay.fr\/wp-content\/uploads\/2021\/10\/image-2.png 1156w\" sizes=\"(max-width: 676px) 85vw, 676px\" \/><figcaption><br> Figure #GI\u00a0: Sch\u00e9ma du dispositif exp\u00e9rimental dans la configuration d&#8217;imagerie fant\u00f4me (Ghost Imaging) d\u00e9montr\u00e9e au LAC [<em>Tri20<\/em>]. a) : Image vue par le d\u00e9tecteur pour tous les \u00e9lectrons. b) : Image pour les \u00e9lectrons qui sont d\u00e9tect\u00e9s en co\u00efncidence avec leur ion corr\u00e9l\u00e9, ce qui signifie que ces \u00e9lectrons sont conserv\u00e9s uniquement lorsqu&#8217;ils sont en co\u00efncidence avec un ion arriv\u00e9 sur le d\u00e9tecteur d&#8217;ions (qui n&#8217;a pas aucune capacit\u00e9 d&#8217;imagerie). En raison de la correspondance entre les positions des \u00e9lectrons et des ions, la capacit\u00e9 d&#8217;imagerie du d\u00e9tecteur d&#8217;\u00e9lectrons r\u00e9v\u00e8le le motif vu par les ions. c) Image du masque plac\u00e9 sur la trajectoire des ions.<br><br><br><\/figcaption><\/figure><\/div>\n<\/div>\n<\/div>\n\n\n\n<hr class=\"wp-block-separator\">\n\n\n\n<p><strong>R\u00e9f\u00e9rences :<\/strong><\/p>\n\n\n\n<p>[<em>Lop19<\/em>]<\/p>\n\n\n\n<p>Real-time trajectory control of deterministically produced ions<\/p>\n\n\n\n<p>C. Lopez, A. Trimeche, D. Comparat and Y.J. Picard<\/p>\n\n\n\n<p>Phys. Rev. Applied 11 064049 (2019)<\/p>\n\n\n\n<p>[hal-02498878] [arXiv:2003.02186]<\/p>\n\n\n\n<p>[<em>Tri20<\/em>]<\/p>\n\n\n\n<p>Ion and electron ghost imaging<\/p>\n\n\n\n<p>A. Trimeche, C. Lopez, D. Comparat and Y. J. Picard<\/p>\n\n\n\n<p>Phys. Rev. Research 2, 043295 (2020)<\/p>\n\n\n\n<p>arXiv:1812.09039v2 (2019)<\/p>\n\n\n\n<p>[<em>HiPhy<\/em>]<\/p>\n\n\n\n<p>HighLight in Physics, How to Guide Each Ion in a Beam: A new ion beam system provides individualized control over every ion\u2019s trajectory as it moves toward a target.<br><a href=\"https:\/\/physics.aps.org\/articles\/v12\/70\">https:\/\/physics.aps.org\/articles\/v12\/70<\/a><\/p>\n\n\n\n<p>[<em>Hah21<\/em>]<\/p>\n\n\n\n<p>Cesium Rydberg-state ionization study by three-dimensional ion-electron correlation: Toward a monochromatic electron source<\/p>\n\n\n\n<p>R. Hahn, A. Trimeche, C. Lopez, D. Comparat and Y.J. Picard<\/p>\n\n\n\n<p>Phys. Rev. A 103, 042821 (2021)<\/p>\n\n\n<p>[hal-03017763]<\/p>\n\n<\/div><\/div>\n\t\t<\/div>\n\n\n<div class=\"wp-block-buttons is-content-justification-center is-vertical is-layout-flex wp-block-buttons-is-layout-flex\">\n<div class=\"wp-block-button is-style-outline is-style-outline--600193c10b0d17601c7ace9bb376616f\"><a class=\"wp-block-button__link\" href=\"?page_id=3837\">Retour<\/a><\/div>\n<\/div>\n","protected":false},"excerpt":{"rendered":"","protected":false},"author":21,"featured_media":3842,"parent":0,"menu_order":0,"comment_status":"closed","ping_status":"closed","template":"","meta":{"footnotes":""},"class_list":["post-3840","page","type-page","status-publish","has-post-thumbnail","hentry"],"featured_image_src":"http:\/\/www.lac.universite-paris-saclay.fr\/wp-content\/uploads\/2021\/10\/image1_MDC.png","yoast_head":"<!-- This site is optimized with the Yoast SEO plugin v25.6 - https:\/\/yoast.com\/wordpress\/plugins\/seo\/ -->\n<title>SIEC (Source d\u2019Ions et d\u2019Electrons Corr\u00e9l\u00e9s) - LAC<\/title>\n<meta name=\"robots\" content=\"index, follow, max-snippet:-1, max-image-preview:large, max-video-preview:-1\" \/>\n<link rel=\"canonical\" href=\"http:\/\/www.lac.universite-paris-saclay.fr\/?page_id=3840\" \/>\n<meta name=\"twitter:card\" content=\"summary_large_image\" \/>\n<meta name=\"twitter:title\" content=\"SIEC (Source d\u2019Ions et d\u2019Electrons Corr\u00e9l\u00e9s) - LAC\" \/>\n<meta name=\"twitter:image\" content=\"http:\/\/www.lac.universite-paris-saclay.fr\/wp-content\/uploads\/2021\/10\/image1_MDC.png\" \/>\n<meta name=\"twitter:label1\" content=\"Est. reading time\" \/>\n\t<meta name=\"twitter:data1\" content=\"4 minutes\" \/>\n<script type=\"application\/ld+json\" class=\"yoast-schema-graph\">{\"@context\":\"https:\/\/schema.org\",\"@graph\":[{\"@type\":\"WebPage\",\"@id\":\"http:\/\/www.lac.universite-paris-saclay.fr\/?page_id=3840\",\"url\":\"http:\/\/www.lac.universite-paris-saclay.fr\/?page_id=3840\",\"name\":\"SIEC (Source d\u2019Ions et d\u2019Electrons Corr\u00e9l\u00e9s) - LAC\",\"isPartOf\":{\"@id\":\"http:\/\/www.lac.universite-paris-saclay.fr\/#website\"},\"primaryImageOfPage\":{\"@id\":\"http:\/\/www.lac.universite-paris-saclay.fr\/?page_id=3840#primaryimage\"},\"image\":{\"@id\":\"http:\/\/www.lac.universite-paris-saclay.fr\/?page_id=3840#primaryimage\"},\"thumbnailUrl\":\"http:\/\/www.lac.universite-paris-saclay.fr\/wp-content\/uploads\/2021\/10\/image1_MDC.png\",\"datePublished\":\"2021-10-01T07:11:40+00:00\",\"dateModified\":\"2024-02-05T16:33:34+00:00\",\"breadcrumb\":{\"@id\":\"http:\/\/www.lac.universite-paris-saclay.fr\/?page_id=3840#breadcrumb\"},\"inLanguage\":\"en-US\",\"potentialAction\":[{\"@type\":\"ReadAction\",\"target\":[\"http:\/\/www.lac.universite-paris-saclay.fr\/?page_id=3840\"]}]},{\"@type\":\"ImageObject\",\"inLanguage\":\"en-US\",\"@id\":\"http:\/\/www.lac.universite-paris-saclay.fr\/?page_id=3840#primaryimage\",\"url\":\"http:\/\/www.lac.universite-paris-saclay.fr\/wp-content\/uploads\/2021\/10\/image1_MDC.png\",\"contentUrl\":\"http:\/\/www.lac.universite-paris-saclay.fr\/wp-content\/uploads\/2021\/10\/image1_MDC.png\",\"width\":599,\"height\":549},{\"@type\":\"BreadcrumbList\",\"@id\":\"http:\/\/www.lac.universite-paris-saclay.fr\/?page_id=3840#breadcrumb\",\"itemListElement\":[{\"@type\":\"ListItem\",\"position\":1,\"name\":\"Accueil\",\"item\":\"http:\/\/www.lac.universite-paris-saclay.fr\/\"},{\"@type\":\"ListItem\",\"position\":2,\"name\":\"SIEC (Source d\u2019Ions et d\u2019Electrons Corr\u00e9l\u00e9s)\"}]},{\"@type\":\"WebSite\",\"@id\":\"http:\/\/www.lac.universite-paris-saclay.fr\/#website\",\"url\":\"http:\/\/www.lac.universite-paris-saclay.fr\/\",\"name\":\"LAC\",\"description\":\"Laboratoire Aim\u00e9 Cotton\",\"publisher\":{\"@id\":\"http:\/\/www.lac.universite-paris-saclay.fr\/#organization\"},\"potentialAction\":[{\"@type\":\"SearchAction\",\"target\":{\"@type\":\"EntryPoint\",\"urlTemplate\":\"http:\/\/www.lac.universite-paris-saclay.fr\/?s={search_term_string}\"},\"query-input\":{\"@type\":\"PropertyValueSpecification\",\"valueRequired\":true,\"valueName\":\"search_term_string\"}}],\"inLanguage\":\"en-US\"},{\"@type\":\"Organization\",\"@id\":\"http:\/\/www.lac.universite-paris-saclay.fr\/#organization\",\"name\":\"LAC\",\"url\":\"http:\/\/www.lac.universite-paris-saclay.fr\/\",\"logo\":{\"@type\":\"ImageObject\",\"inLanguage\":\"en-US\",\"@id\":\"http:\/\/www.lac.universite-paris-saclay.fr\/#\/schema\/logo\/image\/\",\"url\":\"http:\/\/www.lac.universite-paris-saclay.fr\/wp-content\/uploads\/2022\/01\/cropped-logo_LAC-240.png\",\"contentUrl\":\"http:\/\/www.lac.universite-paris-saclay.fr\/wp-content\/uploads\/2022\/01\/cropped-logo_LAC-240.png\",\"width\":240,\"height\":76,\"caption\":\"LAC\"},\"image\":{\"@id\":\"http:\/\/www.lac.universite-paris-saclay.fr\/#\/schema\/logo\/image\/\"}}]}<\/script>\n<!-- \/ Yoast SEO plugin. -->","yoast_head_json":{"title":"SIEC (Source d\u2019Ions et d\u2019Electrons Corr\u00e9l\u00e9s) - LAC","robots":{"index":"index","follow":"follow","max-snippet":"max-snippet:-1","max-image-preview":"max-image-preview:large","max-video-preview":"max-video-preview:-1"},"canonical":"http:\/\/www.lac.universite-paris-saclay.fr\/?page_id=3840","twitter_card":"summary_large_image","twitter_title":"SIEC (Source d\u2019Ions et d\u2019Electrons Corr\u00e9l\u00e9s) - LAC","twitter_image":"http:\/\/www.lac.universite-paris-saclay.fr\/wp-content\/uploads\/2021\/10\/image1_MDC.png","twitter_misc":{"Est. reading time":"4 minutes"},"schema":{"@context":"https:\/\/schema.org","@graph":[{"@type":"WebPage","@id":"http:\/\/www.lac.universite-paris-saclay.fr\/?page_id=3840","url":"http:\/\/www.lac.universite-paris-saclay.fr\/?page_id=3840","name":"SIEC (Source d\u2019Ions et d\u2019Electrons Corr\u00e9l\u00e9s) - LAC","isPartOf":{"@id":"http:\/\/www.lac.universite-paris-saclay.fr\/#website"},"primaryImageOfPage":{"@id":"http:\/\/www.lac.universite-paris-saclay.fr\/?page_id=3840#primaryimage"},"image":{"@id":"http:\/\/www.lac.universite-paris-saclay.fr\/?page_id=3840#primaryimage"},"thumbnailUrl":"http:\/\/www.lac.universite-paris-saclay.fr\/wp-content\/uploads\/2021\/10\/image1_MDC.png","datePublished":"2021-10-01T07:11:40+00:00","dateModified":"2024-02-05T16:33:34+00:00","breadcrumb":{"@id":"http:\/\/www.lac.universite-paris-saclay.fr\/?page_id=3840#breadcrumb"},"inLanguage":"en-US","potentialAction":[{"@type":"ReadAction","target":["http:\/\/www.lac.universite-paris-saclay.fr\/?page_id=3840"]}]},{"@type":"ImageObject","inLanguage":"en-US","@id":"http:\/\/www.lac.universite-paris-saclay.fr\/?page_id=3840#primaryimage","url":"http:\/\/www.lac.universite-paris-saclay.fr\/wp-content\/uploads\/2021\/10\/image1_MDC.png","contentUrl":"http:\/\/www.lac.universite-paris-saclay.fr\/wp-content\/uploads\/2021\/10\/image1_MDC.png","width":599,"height":549},{"@type":"BreadcrumbList","@id":"http:\/\/www.lac.universite-paris-saclay.fr\/?page_id=3840#breadcrumb","itemListElement":[{"@type":"ListItem","position":1,"name":"Accueil","item":"http:\/\/www.lac.universite-paris-saclay.fr\/"},{"@type":"ListItem","position":2,"name":"SIEC (Source d\u2019Ions et d\u2019Electrons Corr\u00e9l\u00e9s)"}]},{"@type":"WebSite","@id":"http:\/\/www.lac.universite-paris-saclay.fr\/#website","url":"http:\/\/www.lac.universite-paris-saclay.fr\/","name":"LAC","description":"Laboratoire Aim\u00e9 Cotton","publisher":{"@id":"http:\/\/www.lac.universite-paris-saclay.fr\/#organization"},"potentialAction":[{"@type":"SearchAction","target":{"@type":"EntryPoint","urlTemplate":"http:\/\/www.lac.universite-paris-saclay.fr\/?s={search_term_string}"},"query-input":{"@type":"PropertyValueSpecification","valueRequired":true,"valueName":"search_term_string"}}],"inLanguage":"en-US"},{"@type":"Organization","@id":"http:\/\/www.lac.universite-paris-saclay.fr\/#organization","name":"LAC","url":"http:\/\/www.lac.universite-paris-saclay.fr\/","logo":{"@type":"ImageObject","inLanguage":"en-US","@id":"http:\/\/www.lac.universite-paris-saclay.fr\/#\/schema\/logo\/image\/","url":"http:\/\/www.lac.universite-paris-saclay.fr\/wp-content\/uploads\/2022\/01\/cropped-logo_LAC-240.png","contentUrl":"http:\/\/www.lac.universite-paris-saclay.fr\/wp-content\/uploads\/2022\/01\/cropped-logo_LAC-240.png","width":240,"height":76,"caption":"LAC"},"image":{"@id":"http:\/\/www.lac.universite-paris-saclay.fr\/#\/schema\/logo\/image\/"}}]}},"_links":{"self":[{"href":"http:\/\/www.lac.universite-paris-saclay.fr\/index.php?rest_route=\/wp\/v2\/pages\/3840"}],"collection":[{"href":"http:\/\/www.lac.universite-paris-saclay.fr\/index.php?rest_route=\/wp\/v2\/pages"}],"about":[{"href":"http:\/\/www.lac.universite-paris-saclay.fr\/index.php?rest_route=\/wp\/v2\/types\/page"}],"author":[{"embeddable":true,"href":"http:\/\/www.lac.universite-paris-saclay.fr\/index.php?rest_route=\/wp\/v2\/users\/21"}],"replies":[{"embeddable":true,"href":"http:\/\/www.lac.universite-paris-saclay.fr\/index.php?rest_route=%2Fwp%2Fv2%2Fcomments&post=3840"}],"version-history":[{"count":26,"href":"http:\/\/www.lac.universite-paris-saclay.fr\/index.php?rest_route=\/wp\/v2\/pages\/3840\/revisions"}],"predecessor-version":[{"id":4683,"href":"http:\/\/www.lac.universite-paris-saclay.fr\/index.php?rest_route=\/wp\/v2\/pages\/3840\/revisions\/4683"}],"wp:featuredmedia":[{"embeddable":true,"href":"http:\/\/www.lac.universite-paris-saclay.fr\/index.php?rest_route=\/wp\/v2\/media\/3842"}],"wp:attachment":[{"href":"http:\/\/www.lac.universite-paris-saclay.fr\/index.php?rest_route=%2Fwp%2Fv2%2Fmedia&parent=3840"}],"curies":[{"name":"wp","href":"https:\/\/api.w.org\/{rel}","templated":true}]}}