{"id":3837,"date":"2021-07-09T14:53:48","date_gmt":"2021-07-09T12:53:48","guid":{"rendered":"http:\/\/www.lac.universite-paris-saclay.fr\/?page_id=3837"},"modified":"2025-02-27T11:59:24","modified_gmt":"2025-02-27T10:59:24","slug":"sources-dions-et-delectrons","status":"publish","type":"page","link":"http:\/\/www.lac.universite-paris-saclay.fr\/?page_id=3837","title":{"rendered":"Sources d&#8217;ions et d&#8217;\u00e9lectrons"},"content":{"rendered":"<div class=\"wp-block-ub-tabbed-content wp-block-ub-tabbed-content-underline wp-block-ub-tabbed-content-holder wp-block-ub-tabbed-content-horizontal-holder-mobile wp-block-ub-tabbed-content-horizontal-holder-tablet\" id=\"ub-tabbed-content-9256b7c3-d934-4b20-946a-f34ac5e73957\" style=\"\">\n\t\t\t<div class=\"wp-block-ub-tabbed-content-tab-holder horizontal-tab-width-mobile horizontal-tab-width-tablet\">\n\t\t\t\t<div role=\"tablist\" class=\"wp-block-ub-tabbed-content-tabs-title wp-block-ub-tabbed-content-tabs-title-mobile-horizontal-tab wp-block-ub-tabbed-content-tabs-title-tablet-horizontal-tab\" style=\"justify-content: flex-start; \"><div role=\"tab\" id=\"ub-tabbed-content-9256b7c3-d934-4b20-946a-f34ac5e73957-tab-0\" aria-controls=\"ub-tabbed-content-9256b7c3-d934-4b20-946a-f34ac5e73957-panel-0\" aria-selected=\"true\" class=\"wp-block-ub-tabbed-content-tab-title-wrap active\" style=\"--ub-tabbed-title-background-color: inherit; --ub-tabbed-active-title-color: inherit; --ub-tabbed-active-title-background-color: inherit; text-align: left; \" tabindex=\"-1\">\n\t\t\t\t<div class=\"wp-block-ub-tabbed-content-tab-title\">Description<\/div>\n\t\t\t<\/div><div role=\"tab\" id=\"ub-tabbed-content-9256b7c3-d934-4b20-946a-f34ac5e73957-tab-1\" aria-controls=\"ub-tabbed-content-9256b7c3-d934-4b20-946a-f34ac5e73957-panel-1\" aria-selected=\"false\" class=\"wp-block-ub-tabbed-content-tab-title-wrap\" style=\"--ub-tabbed-title-background-color: inherit; --ub-tabbed-active-title-color: inherit; --ub-tabbed-active-title-background-color: inherit; text-align: left; \" tabindex=\"-1\">\n\t\t\t\t<div class=\"wp-block-ub-tabbed-content-tab-title\">Membres<\/div>\n\t\t\t<\/div><\/div>\n\t\t\t<\/div>\n\t\t\t<div class=\"wp-block-ub-tabbed-content-tabs-content\" style=\"\"><div role=\"tabpanel\" class=\"wp-block-ub-tabbed-content-tab-content-wrap active\" id=\"ub-tabbed-content-9256b7c3-d934-4b20-946a-f34ac5e73957-panel-0\" aria-labelledby=\"ub-tabbed-content-9256b7c3-d934-4b20-946a-f34ac5e73957-tab-0\" tabindex=\"0\">\n\n<p>Nous d\u00e9veloppons des sources d\u2019ions et d\u2019\u00e9lectrons bas\u00e9es sur l\u2019excitation et l\u2019ionisation des atomes de Rydberg par laser. L\u2019originalit\u00e9 de ces sources est le caract\u00e8re tr\u00e8s monocin\u00e9tique et corr\u00e9l\u00e9 des particules produites. Cela permet de produire un faisceau optimal avec de plus un contr\u00f4le total des trajectoires. Nous souhaitons l\u2019utiliser en microscopie ionique et \u00e9lectronique pour des applications en imagerie, spectroscopie ou implantation.<\/p>\n\n\n\n<div class=\"wp-block-buttons is-layout-flex wp-block-buttons-is-layout-flex\"><\/div>\n\n\n<div class=\"ultp-post-grid-block wp-block-ultimate-post-post-grid-2 ultp-block-f97405\"><div class=\"ultp-block-wrapper\"><div class=\"ultp-loading\"><div class=\"ultp-loading-blocks\" style=\"width:100%;height:100%;\"><div style=\"left: 0;top: 0;animation-delay:0s;\"><\/div><div style=\"left: 21px;top: 0;animation-delay:0.125s;\"><\/div><div style=\"left: 42px;top: 0;animation-delay:0.25s;\"><\/div><div style=\"left: 0;top: 21px;animation-delay:0.875s;\"><\/div><div style=\"left: 42px;top: 21px;animation-delay:0.375s;\"><\/div><div style=\"left: 0;top: 42px;animation-delay:0.75s;\"><\/div><div style=\"left: 42px;top: 42px;animation-delay:0.625s;\"><\/div><div style=\"left: 21px;top: 42px;animation-delay:0.5s;\"><\/div><\/div><\/div><div class=\"ultp-heading-filter\"><div class=\"ultp-heading-filter-in\"><div class=\"ultp-heading-wrap ultp-heading-style1 ultp-heading-center\"><h2 class=\"ultp-heading-inner\"><span>Op\u00e9rations de Recherche<\/span><\/h2><\/div><\/div><\/div><div class=\"ultp-block-items-wrap ultp-block-row\"><div class=\"ultp-block-item post-id-3840\"><div class=\"ultp-block-content-wrap ultp-block-content-overlay\"><div class=\"ultp-block-image ultp-block-image-zoomOut ultp-block-image-overlay ultp-block-image-simgleGradient\"><a href=\"http:\/\/www.lac.universite-paris-saclay.fr\/?page_id=3840\"><img decoding=\"async\" alt=\"SIEC (Source d\u2019Ions et d\u2019Electrons Corr\u00e9l\u00e9s)\" src=\"http:\/\/www.lac.universite-paris-saclay.fr\/wp-content\/uploads\/2021\/10\/image1_MDC.png\"><\/a><\/div><div class=\"ultp-block-content ultp-block-content-bottomPosition\"><div class=\"ultp-block-content-inner\"><div class=\"ultp-category-grid ultp-category-classic ultp-category-aboveTitle\"><div class=\"ultp-category-in\"><\/div><\/div><h3 class=\"ultp-block-title\"><a href=\"http:\/\/www.lac.universite-paris-saclay.fr\/?page_id=3840\">SIEC (Source d\u2019Ions et d\u2019Electrons Corr\u00e9l\u00e9s)<\/a><\/h3><div class=\"ultp-block-meta ultp-block-meta-dot ultp-block-meta-icon\"><\/div><\/div><\/div><\/div><\/div><div class=\"ultp-block-item post-id-3846\"><div class=\"ultp-block-content-wrap ultp-block-content-overlay\"><div class=\"ultp-block-image ultp-block-image-zoomOut ultp-block-image-overlay ultp-block-image-simgleGradient\"><a href=\"http:\/\/www.lac.universite-paris-saclay.fr\/?page_id=3846\"><img decoding=\"async\" alt=\"FIBback (Faisceau d\u2019ions focalis\u00e9s par contre-r\u00e9action d\u2019\u00e9lectrons corr\u00e9l\u00e9s)\" src=\"http:\/\/www.lac.universite-paris-saclay.fr\/wp-content\/uploads\/2021\/10\/image3_MDC-612x570.png\"><\/a><\/div><div class=\"ultp-block-content ultp-block-content-bottomPosition\"><div class=\"ultp-block-content-inner\"><div class=\"ultp-category-grid ultp-category-classic ultp-category-aboveTitle\"><div class=\"ultp-category-in\"><\/div><\/div><h3 class=\"ultp-block-title\"><a href=\"http:\/\/www.lac.universite-paris-saclay.fr\/?page_id=3846\">FIBback (Faisceau d\u2019ions focalis\u00e9s par contre-r\u00e9action d\u2019\u00e9lectrons corr\u00e9l\u00e9s)<\/a><\/h3><div class=\"ultp-block-meta ultp-block-meta-dot ultp-block-meta-icon\"><\/div><\/div><\/div><\/div><\/div><div class=\"ultp-block-item post-id-3849\"><div class=\"ultp-block-content-wrap ultp-block-content-overlay\"><div class=\"ultp-block-image ultp-block-image-zoomOut ultp-block-image-overlay ultp-block-image-simgleGradient\"><a href=\"http:\/\/www.lac.universite-paris-saclay.fr\/?page_id=3849\"><img decoding=\"async\" alt=\"HREELM (High-Resolution Electron-Energy-Loss Microscope )\" src=\"http:\/\/www.lac.universite-paris-saclay.fr\/wp-content\/uploads\/2021\/12\/HREELM_cr.png\"><\/a><\/div><div class=\"ultp-block-content ultp-block-content-bottomPosition\"><div class=\"ultp-block-content-inner\"><div class=\"ultp-category-grid ultp-category-classic ultp-category-aboveTitle\"><div class=\"ultp-category-in\"><\/div><\/div><h3 class=\"ultp-block-title\"><a href=\"http:\/\/www.lac.universite-paris-saclay.fr\/?page_id=3849\">HREELM (High-Resolution Electron-Energy-Loss Microscope )<\/a><\/h3><div class=\"ultp-block-meta ultp-block-meta-dot ultp-block-meta-icon\"><\/div><\/div><\/div><\/div><\/div><\/div><\/div><div class=\"pagination-block-html\" aria-hidden=\"true\" style=\"display: none;\"><\/div><\/div>\n<\/div><div role=\"tabpanel\" class=\"wp-block-ub-tabbed-content-tab-content-wrap ub-hide\" id=\"ub-tabbed-content-9256b7c3-d934-4b20-946a-f34ac5e73957-panel-1\" aria-labelledby=\"ub-tabbed-content-9256b7c3-d934-4b20-946a-f34ac5e73957-tab-1\" tabindex=\"0\">\n\n<ul class=\"wp-block-list\">\n<li><strong>Yan PICARD<\/strong><br><a href=\"mailto:yan.picard@universite-paris-saclay.fr\" target=\"_blank\" rel=\"noreferrer noopener\">yan.picard@universite-paris-saclay.fr<\/a><\/li>\n<\/ul>\n\n\n\n<ul class=\"wp-block-list\">\n<li>Daniel COMPARAT<br><a href=\"mailto:daniel.comparat@universite-paris-saclay.fr\" target=\"_blank\" rel=\"noreferrer noopener\">daniel.comparat@universite-paris-saclay.fr<\/a><\/li>\n<\/ul>\n\n\n\n<ul class=\"wp-block-list\">\n<li>Azer TRIMECHE<br><a href=\"mailto:azer.trimeche@universite-paris-saclay.fr\" target=\"_blank\" rel=\"noreferrer noopener\">azer.trimeche@universite-paris-saclay.fr<\/a><\/li>\n<\/ul>\n\n\n\n<ul class=\"wp-block-list\">\n<li>Cl\u00e9lia BASTELICA<br><a href=\"mailto:clelia.bastelica@universite-paris-saclay.fr\" target=\"_blank\" rel=\"noreferrer noopener\">clelia.bastelica@universite-paris-saclay.fr<\/a><\/li>\n<\/ul>\n\n<\/div><\/div>\n\t\t<\/div>\n\n\n<div class=\"wp-block-buttons is-vertical is-content-justification-center is-layout-flex wp-container-core-buttons-is-layout-2 wp-block-buttons-is-layout-flex\">\n<div class=\"wp-block-button is-style-outline is-style-outline--32187d7dff41d7667a510ae87f97dbe5\"><a class=\"wp-block-button__link wp-element-button\" href=\"?page_id=781\" rel=\"\">Retour<\/a><\/div>\n<\/div>\n","protected":false},"excerpt":{"rendered":"","protected":false},"author":21,"featured_media":1085,"parent":0,"menu_order":0,"comment_status":"closed","ping_status":"closed","template":"","meta":{"footnotes":""},"class_list":["post-3837","page","type-page","status-publish","has-post-thumbnail","hentry"],"featured_image_src":"http:\/\/www.lac.universite-paris-saclay.fr\/wp-content\/uploads\/2021\/07\/MFC-El2.png","yoast_head":"<!-- This site is optimized with the Yoast SEO plugin v25.6 - https:\/\/yoast.com\/wordpress\/plugins\/seo\/ -->\n<title>Sources d&#039;ions et d&#039;\u00e9lectrons - LAC<\/title>\n<meta name=\"robots\" content=\"index, follow, max-snippet:-1, max-image-preview:large, max-video-preview:-1\" \/>\n<link rel=\"canonical\" href=\"http:\/\/www.lac.universite-paris-saclay.fr\/?page_id=3837\" \/>\n<meta name=\"twitter:card\" content=\"summary_large_image\" \/>\n<meta name=\"twitter:title\" content=\"Sources d&#039;ions et d&#039;\u00e9lectrons - LAC\" \/>\n<meta name=\"twitter:image\" content=\"http:\/\/www.lac.universite-paris-saclay.fr\/wp-content\/uploads\/2021\/07\/MFC-El2.png\" \/>\n<meta name=\"twitter:label1\" content=\"Est. reading time\" \/>\n\t<meta name=\"twitter:data1\" content=\"1 minute\" \/>\n<script type=\"application\/ld+json\" class=\"yoast-schema-graph\">{\"@context\":\"https:\/\/schema.org\",\"@graph\":[{\"@type\":\"WebPage\",\"@id\":\"http:\/\/www.lac.universite-paris-saclay.fr\/?page_id=3837\",\"url\":\"http:\/\/www.lac.universite-paris-saclay.fr\/?page_id=3837\",\"name\":\"Sources d'ions et d'\u00e9lectrons - LAC\",\"isPartOf\":{\"@id\":\"http:\/\/www.lac.universite-paris-saclay.fr\/#website\"},\"primaryImageOfPage\":{\"@id\":\"http:\/\/www.lac.universite-paris-saclay.fr\/?page_id=3837#primaryimage\"},\"image\":{\"@id\":\"http:\/\/www.lac.universite-paris-saclay.fr\/?page_id=3837#primaryimage\"},\"thumbnailUrl\":\"http:\/\/www.lac.universite-paris-saclay.fr\/wp-content\/uploads\/2021\/07\/MFC-El2.png\",\"datePublished\":\"2021-07-09T12:53:48+00:00\",\"dateModified\":\"2025-02-27T10:59:24+00:00\",\"breadcrumb\":{\"@id\":\"http:\/\/www.lac.universite-paris-saclay.fr\/?page_id=3837#breadcrumb\"},\"inLanguage\":\"en-US\",\"potentialAction\":[{\"@type\":\"ReadAction\",\"target\":[\"http:\/\/www.lac.universite-paris-saclay.fr\/?page_id=3837\"]}]},{\"@type\":\"ImageObject\",\"inLanguage\":\"en-US\",\"@id\":\"http:\/\/www.lac.universite-paris-saclay.fr\/?page_id=3837#primaryimage\",\"url\":\"http:\/\/www.lac.universite-paris-saclay.fr\/wp-content\/uploads\/2021\/07\/MFC-El2.png\",\"contentUrl\":\"http:\/\/www.lac.universite-paris-saclay.fr\/wp-content\/uploads\/2021\/07\/MFC-El2.png\",\"width\":500,\"height\":337},{\"@type\":\"BreadcrumbList\",\"@id\":\"http:\/\/www.lac.universite-paris-saclay.fr\/?page_id=3837#breadcrumb\",\"itemListElement\":[{\"@type\":\"ListItem\",\"position\":1,\"name\":\"Accueil\",\"item\":\"http:\/\/www.lac.universite-paris-saclay.fr\/\"},{\"@type\":\"ListItem\",\"position\":2,\"name\":\"Sources d&#8217;ions et d&#8217;\u00e9lectrons\"}]},{\"@type\":\"WebSite\",\"@id\":\"http:\/\/www.lac.universite-paris-saclay.fr\/#website\",\"url\":\"http:\/\/www.lac.universite-paris-saclay.fr\/\",\"name\":\"LAC\",\"description\":\"Laboratoire Aim\u00e9 Cotton\",\"publisher\":{\"@id\":\"http:\/\/www.lac.universite-paris-saclay.fr\/#organization\"},\"potentialAction\":[{\"@type\":\"SearchAction\",\"target\":{\"@type\":\"EntryPoint\",\"urlTemplate\":\"http:\/\/www.lac.universite-paris-saclay.fr\/?s={search_term_string}\"},\"query-input\":{\"@type\":\"PropertyValueSpecification\",\"valueRequired\":true,\"valueName\":\"search_term_string\"}}],\"inLanguage\":\"en-US\"},{\"@type\":\"Organization\",\"@id\":\"http:\/\/www.lac.universite-paris-saclay.fr\/#organization\",\"name\":\"LAC\",\"url\":\"http:\/\/www.lac.universite-paris-saclay.fr\/\",\"logo\":{\"@type\":\"ImageObject\",\"inLanguage\":\"en-US\",\"@id\":\"http:\/\/www.lac.universite-paris-saclay.fr\/#\/schema\/logo\/image\/\",\"url\":\"http:\/\/www.lac.universite-paris-saclay.fr\/wp-content\/uploads\/2022\/01\/cropped-logo_LAC-240.png\",\"contentUrl\":\"http:\/\/www.lac.universite-paris-saclay.fr\/wp-content\/uploads\/2022\/01\/cropped-logo_LAC-240.png\",\"width\":240,\"height\":76,\"caption\":\"LAC\"},\"image\":{\"@id\":\"http:\/\/www.lac.universite-paris-saclay.fr\/#\/schema\/logo\/image\/\"}}]}<\/script>\n<!-- \/ Yoast SEO plugin. -->","yoast_head_json":{"title":"Sources d'ions et d'\u00e9lectrons - LAC","robots":{"index":"index","follow":"follow","max-snippet":"max-snippet:-1","max-image-preview":"max-image-preview:large","max-video-preview":"max-video-preview:-1"},"canonical":"http:\/\/www.lac.universite-paris-saclay.fr\/?page_id=3837","twitter_card":"summary_large_image","twitter_title":"Sources d'ions et d'\u00e9lectrons - LAC","twitter_image":"http:\/\/www.lac.universite-paris-saclay.fr\/wp-content\/uploads\/2021\/07\/MFC-El2.png","twitter_misc":{"Est. reading time":"1 minute"},"schema":{"@context":"https:\/\/schema.org","@graph":[{"@type":"WebPage","@id":"http:\/\/www.lac.universite-paris-saclay.fr\/?page_id=3837","url":"http:\/\/www.lac.universite-paris-saclay.fr\/?page_id=3837","name":"Sources d'ions et d'\u00e9lectrons - LAC","isPartOf":{"@id":"http:\/\/www.lac.universite-paris-saclay.fr\/#website"},"primaryImageOfPage":{"@id":"http:\/\/www.lac.universite-paris-saclay.fr\/?page_id=3837#primaryimage"},"image":{"@id":"http:\/\/www.lac.universite-paris-saclay.fr\/?page_id=3837#primaryimage"},"thumbnailUrl":"http:\/\/www.lac.universite-paris-saclay.fr\/wp-content\/uploads\/2021\/07\/MFC-El2.png","datePublished":"2021-07-09T12:53:48+00:00","dateModified":"2025-02-27T10:59:24+00:00","breadcrumb":{"@id":"http:\/\/www.lac.universite-paris-saclay.fr\/?page_id=3837#breadcrumb"},"inLanguage":"en-US","potentialAction":[{"@type":"ReadAction","target":["http:\/\/www.lac.universite-paris-saclay.fr\/?page_id=3837"]}]},{"@type":"ImageObject","inLanguage":"en-US","@id":"http:\/\/www.lac.universite-paris-saclay.fr\/?page_id=3837#primaryimage","url":"http:\/\/www.lac.universite-paris-saclay.fr\/wp-content\/uploads\/2021\/07\/MFC-El2.png","contentUrl":"http:\/\/www.lac.universite-paris-saclay.fr\/wp-content\/uploads\/2021\/07\/MFC-El2.png","width":500,"height":337},{"@type":"BreadcrumbList","@id":"http:\/\/www.lac.universite-paris-saclay.fr\/?page_id=3837#breadcrumb","itemListElement":[{"@type":"ListItem","position":1,"name":"Accueil","item":"http:\/\/www.lac.universite-paris-saclay.fr\/"},{"@type":"ListItem","position":2,"name":"Sources d&#8217;ions et d&#8217;\u00e9lectrons"}]},{"@type":"WebSite","@id":"http:\/\/www.lac.universite-paris-saclay.fr\/#website","url":"http:\/\/www.lac.universite-paris-saclay.fr\/","name":"LAC","description":"Laboratoire Aim\u00e9 Cotton","publisher":{"@id":"http:\/\/www.lac.universite-paris-saclay.fr\/#organization"},"potentialAction":[{"@type":"SearchAction","target":{"@type":"EntryPoint","urlTemplate":"http:\/\/www.lac.universite-paris-saclay.fr\/?s={search_term_string}"},"query-input":{"@type":"PropertyValueSpecification","valueRequired":true,"valueName":"search_term_string"}}],"inLanguage":"en-US"},{"@type":"Organization","@id":"http:\/\/www.lac.universite-paris-saclay.fr\/#organization","name":"LAC","url":"http:\/\/www.lac.universite-paris-saclay.fr\/","logo":{"@type":"ImageObject","inLanguage":"en-US","@id":"http:\/\/www.lac.universite-paris-saclay.fr\/#\/schema\/logo\/image\/","url":"http:\/\/www.lac.universite-paris-saclay.fr\/wp-content\/uploads\/2022\/01\/cropped-logo_LAC-240.png","contentUrl":"http:\/\/www.lac.universite-paris-saclay.fr\/wp-content\/uploads\/2022\/01\/cropped-logo_LAC-240.png","width":240,"height":76,"caption":"LAC"},"image":{"@id":"http:\/\/www.lac.universite-paris-saclay.fr\/#\/schema\/logo\/image\/"}}]}},"_links":{"self":[{"href":"http:\/\/www.lac.universite-paris-saclay.fr\/index.php?rest_route=\/wp\/v2\/pages\/3837"}],"collection":[{"href":"http:\/\/www.lac.universite-paris-saclay.fr\/index.php?rest_route=\/wp\/v2\/pages"}],"about":[{"href":"http:\/\/www.lac.universite-paris-saclay.fr\/index.php?rest_route=\/wp\/v2\/types\/page"}],"author":[{"embeddable":true,"href":"http:\/\/www.lac.universite-paris-saclay.fr\/index.php?rest_route=\/wp\/v2\/users\/21"}],"replies":[{"embeddable":true,"href":"http:\/\/www.lac.universite-paris-saclay.fr\/index.php?rest_route=%2Fwp%2Fv2%2Fcomments&post=3837"}],"version-history":[{"count":21,"href":"http:\/\/www.lac.universite-paris-saclay.fr\/index.php?rest_route=\/wp\/v2\/pages\/3837\/revisions"}],"predecessor-version":[{"id":4955,"href":"http:\/\/www.lac.universite-paris-saclay.fr\/index.php?rest_route=\/wp\/v2\/pages\/3837\/revisions\/4955"}],"wp:featuredmedia":[{"embeddable":true,"href":"http:\/\/www.lac.universite-paris-saclay.fr\/index.php?rest_route=\/wp\/v2\/media\/1085"}],"wp:attachment":[{"href":"http:\/\/www.lac.universite-paris-saclay.fr\/index.php?rest_route=%2Fwp%2Fv2%2Fmedia&parent=3837"}],"curies":[{"name":"wp","href":"https:\/\/api.w.org\/{rel}","templated":true}]}}