{"id":3611,"date":"2021-08-27T18:47:24","date_gmt":"2021-08-27T16:47:24","guid":{"rendered":"http:\/\/www.lac.universite-paris-saclay.fr\/?page_id=3611"},"modified":"2023-12-11T15:29:52","modified_gmt":"2023-12-11T14:29:52","slug":"credit-legaux","status":"publish","type":"page","link":"http:\/\/www.lac.universite-paris-saclay.fr\/?page_id=3611","title":{"rendered":"Cr\u00e9dits L\u00e9gaux"},"content":{"rendered":"<div  class=\"wp-block-ultimate-post-heading ultp-block-e71deb\"><div class=\"ultp-block-wrapper\"><div class=\"ultp-heading-wrap ultp-heading-style9 ultp-heading-center\"><h2 class=\"ultp-heading-inner\"><span>Cr\u00e9ation du site<\/span><\/h2><\/div><\/div><\/div>\n\n\n<p class=\"has-text-align-center\">Paul Monkam-Daverat<br>Lucas Lassabli\u00e8re<\/p>\n\n\n<div  class=\"wp-block-ultimate-post-heading ultp-block-7c0331\"><div class=\"ultp-block-wrapper\"><div class=\"ultp-heading-wrap ultp-heading-style9 ultp-heading-center\"><h2 class=\"ultp-heading-inner\"><span>Maintenance du site<\/span><\/h2><\/div><\/div><\/div>\n\n\n<p class=\"has-text-align-center\">Olivier Dulieu &#8211; Responsable Publication<br>J\u00e9rome Bernier &#8211; Maintenance du site<\/p>\n\n\n<div  class=\"wp-block-ultimate-post-heading ultp-block-dc9458\"><div class=\"ultp-block-wrapper\"><div class=\"ultp-heading-wrap ultp-heading-style9 ultp-heading-center\"><h2 class=\"ultp-heading-inner\"><span>Cr\u00e9dits Photographique<\/span><\/h2><\/div><\/div><\/div>\n\n\n<p class=\"has-text-align-center\">Daniel Civiale<br>Paul Monkam-Daverat<\/p>\n\n\n\n<p><\/p>\n","protected":false},"excerpt":{"rendered":"<p>Paul Monkam-DaveratLucas Lassabli\u00e8re Olivier Dulieu &#8211; Responsable PublicationJ\u00e9rome Bernier &#8211; Maintenance du site Daniel CivialePaul Monkam-Daverat<\/p>\n","protected":false},"author":1,"featured_media":0,"parent":0,"menu_order":0,"comment_status":"closed","ping_status":"closed","template":"","meta":{"footnotes":""},"class_list":["post-3611","page","type-page","status-publish","hentry"],"featured_image_src":null,"yoast_head":"<!-- This site is optimized with the Yoast SEO plugin v25.6 - https:\/\/yoast.com\/wordpress\/plugins\/seo\/ -->\n<title>Cr\u00e9dits L\u00e9gaux - LAC<\/title>\n<meta name=\"robots\" content=\"index, follow, max-snippet:-1, max-image-preview:large, max-video-preview:-1\" \/>\n<link rel=\"canonical\" href=\"http:\/\/www.lac.universite-paris-saclay.fr\/?page_id=3611\" \/>\n<meta name=\"twitter:card\" content=\"summary_large_image\" \/>\n<meta name=\"twitter:title\" content=\"Cr\u00e9dits L\u00e9gaux - LAC\" \/>\n<meta name=\"twitter:description\" content=\"Paul Monkam-DaveratLucas Lassabli\u00e8re Olivier Dulieu &#8211; Responsable PublicationJ\u00e9rome Bernier &#8211; Maintenance du site Daniel CivialePaul Monkam-Daverat\" \/>\n<meta name=\"twitter:label1\" content=\"Est. reading time\" \/>\n\t<meta name=\"twitter:data1\" content=\"1 minute\" \/>\n<script type=\"application\/ld+json\" class=\"yoast-schema-graph\">{\"@context\":\"https:\/\/schema.org\",\"@graph\":[{\"@type\":\"WebPage\",\"@id\":\"http:\/\/www.lac.universite-paris-saclay.fr\/?page_id=3611\",\"url\":\"http:\/\/www.lac.universite-paris-saclay.fr\/?page_id=3611\",\"name\":\"Cr\u00e9dits L\u00e9gaux - LAC\",\"isPartOf\":{\"@id\":\"http:\/\/www.lac.universite-paris-saclay.fr\/#website\"},\"datePublished\":\"2021-08-27T16:47:24+00:00\",\"dateModified\":\"2023-12-11T14:29:52+00:00\",\"breadcrumb\":{\"@id\":\"http:\/\/www.lac.universite-paris-saclay.fr\/?page_id=3611#breadcrumb\"},\"inLanguage\":\"en-US\",\"potentialAction\":[{\"@type\":\"ReadAction\",\"target\":[\"http:\/\/www.lac.universite-paris-saclay.fr\/?page_id=3611\"]}]},{\"@type\":\"BreadcrumbList\",\"@id\":\"http:\/\/www.lac.universite-paris-saclay.fr\/?page_id=3611#breadcrumb\",\"itemListElement\":[{\"@type\":\"ListItem\",\"position\":1,\"name\":\"Accueil\",\"item\":\"http:\/\/www.lac.universite-paris-saclay.fr\/\"},{\"@type\":\"ListItem\",\"position\":2,\"name\":\"Cr\u00e9dits L\u00e9gaux\"}]},{\"@type\":\"WebSite\",\"@id\":\"http:\/\/www.lac.universite-paris-saclay.fr\/#website\",\"url\":\"http:\/\/www.lac.universite-paris-saclay.fr\/\",\"name\":\"LAC\",\"description\":\"Laboratoire Aim\u00e9 Cotton\",\"publisher\":{\"@id\":\"http:\/\/www.lac.universite-paris-saclay.fr\/#organization\"},\"potentialAction\":[{\"@type\":\"SearchAction\",\"target\":{\"@type\":\"EntryPoint\",\"urlTemplate\":\"http:\/\/www.lac.universite-paris-saclay.fr\/?s={search_term_string}\"},\"query-input\":{\"@type\":\"PropertyValueSpecification\",\"valueRequired\":true,\"valueName\":\"search_term_string\"}}],\"inLanguage\":\"en-US\"},{\"@type\":\"Organization\",\"@id\":\"http:\/\/www.lac.universite-paris-saclay.fr\/#organization\",\"name\":\"LAC\",\"url\":\"http:\/\/www.lac.universite-paris-saclay.fr\/\",\"logo\":{\"@type\":\"ImageObject\",\"inLanguage\":\"en-US\",\"@id\":\"http:\/\/www.lac.universite-paris-saclay.fr\/#\/schema\/logo\/image\/\",\"url\":\"http:\/\/www.lac.universite-paris-saclay.fr\/wp-content\/uploads\/2022\/01\/cropped-logo_LAC-240.png\",\"contentUrl\":\"http:\/\/www.lac.universite-paris-saclay.fr\/wp-content\/uploads\/2022\/01\/cropped-logo_LAC-240.png\",\"width\":240,\"height\":76,\"caption\":\"LAC\"},\"image\":{\"@id\":\"http:\/\/www.lac.universite-paris-saclay.fr\/#\/schema\/logo\/image\/\"}}]}<\/script>\n<!-- \/ Yoast SEO plugin. -->","yoast_head_json":{"title":"Cr\u00e9dits L\u00e9gaux - LAC","robots":{"index":"index","follow":"follow","max-snippet":"max-snippet:-1","max-image-preview":"max-image-preview:large","max-video-preview":"max-video-preview:-1"},"canonical":"http:\/\/www.lac.universite-paris-saclay.fr\/?page_id=3611","twitter_card":"summary_large_image","twitter_title":"Cr\u00e9dits L\u00e9gaux - LAC","twitter_description":"Paul Monkam-DaveratLucas Lassabli\u00e8re Olivier Dulieu &#8211; Responsable PublicationJ\u00e9rome Bernier &#8211; Maintenance du site Daniel CivialePaul Monkam-Daverat","twitter_misc":{"Est. reading time":"1 minute"},"schema":{"@context":"https:\/\/schema.org","@graph":[{"@type":"WebPage","@id":"http:\/\/www.lac.universite-paris-saclay.fr\/?page_id=3611","url":"http:\/\/www.lac.universite-paris-saclay.fr\/?page_id=3611","name":"Cr\u00e9dits L\u00e9gaux - LAC","isPartOf":{"@id":"http:\/\/www.lac.universite-paris-saclay.fr\/#website"},"datePublished":"2021-08-27T16:47:24+00:00","dateModified":"2023-12-11T14:29:52+00:00","breadcrumb":{"@id":"http:\/\/www.lac.universite-paris-saclay.fr\/?page_id=3611#breadcrumb"},"inLanguage":"en-US","potentialAction":[{"@type":"ReadAction","target":["http:\/\/www.lac.universite-paris-saclay.fr\/?page_id=3611"]}]},{"@type":"BreadcrumbList","@id":"http:\/\/www.lac.universite-paris-saclay.fr\/?page_id=3611#breadcrumb","itemListElement":[{"@type":"ListItem","position":1,"name":"Accueil","item":"http:\/\/www.lac.universite-paris-saclay.fr\/"},{"@type":"ListItem","position":2,"name":"Cr\u00e9dits L\u00e9gaux"}]},{"@type":"WebSite","@id":"http:\/\/www.lac.universite-paris-saclay.fr\/#website","url":"http:\/\/www.lac.universite-paris-saclay.fr\/","name":"LAC","description":"Laboratoire Aim\u00e9 Cotton","publisher":{"@id":"http:\/\/www.lac.universite-paris-saclay.fr\/#organization"},"potentialAction":[{"@type":"SearchAction","target":{"@type":"EntryPoint","urlTemplate":"http:\/\/www.lac.universite-paris-saclay.fr\/?s={search_term_string}"},"query-input":{"@type":"PropertyValueSpecification","valueRequired":true,"valueName":"search_term_string"}}],"inLanguage":"en-US"},{"@type":"Organization","@id":"http:\/\/www.lac.universite-paris-saclay.fr\/#organization","name":"LAC","url":"http:\/\/www.lac.universite-paris-saclay.fr\/","logo":{"@type":"ImageObject","inLanguage":"en-US","@id":"http:\/\/www.lac.universite-paris-saclay.fr\/#\/schema\/logo\/image\/","url":"http:\/\/www.lac.universite-paris-saclay.fr\/wp-content\/uploads\/2022\/01\/cropped-logo_LAC-240.png","contentUrl":"http:\/\/www.lac.universite-paris-saclay.fr\/wp-content\/uploads\/2022\/01\/cropped-logo_LAC-240.png","width":240,"height":76,"caption":"LAC"},"image":{"@id":"http:\/\/www.lac.universite-paris-saclay.fr\/#\/schema\/logo\/image\/"}}]}},"_links":{"self":[{"href":"http:\/\/www.lac.universite-paris-saclay.fr\/index.php?rest_route=\/wp\/v2\/pages\/3611"}],"collection":[{"href":"http:\/\/www.lac.universite-paris-saclay.fr\/index.php?rest_route=\/wp\/v2\/pages"}],"about":[{"href":"http:\/\/www.lac.universite-paris-saclay.fr\/index.php?rest_route=\/wp\/v2\/types\/page"}],"author":[{"embeddable":true,"href":"http:\/\/www.lac.universite-paris-saclay.fr\/index.php?rest_route=\/wp\/v2\/users\/1"}],"replies":[{"embeddable":true,"href":"http:\/\/www.lac.universite-paris-saclay.fr\/index.php?rest_route=%2Fwp%2Fv2%2Fcomments&post=3611"}],"version-history":[{"count":6,"href":"http:\/\/www.lac.universite-paris-saclay.fr\/index.php?rest_route=\/wp\/v2\/pages\/3611\/revisions"}],"predecessor-version":[{"id":4569,"href":"http:\/\/www.lac.universite-paris-saclay.fr\/index.php?rest_route=\/wp\/v2\/pages\/3611\/revisions\/4569"}],"wp:attachment":[{"href":"http:\/\/www.lac.universite-paris-saclay.fr\/index.php?rest_route=%2Fwp%2Fv2%2Fmedia&parent=3611"}],"curies":[{"name":"wp","href":"https:\/\/api.w.org\/{rel}","templated":true}]}}