{"id":3576,"date":"2021-08-27T17:00:47","date_gmt":"2021-08-27T15:00:47","guid":{"rendered":"http:\/\/www.lac.universite-paris-saclay.fr\/?page_id=3576"},"modified":"2021-08-27T17:45:36","modified_gmt":"2021-08-27T15:45:36","slug":"portfolio","status":"publish","type":"page","link":"http:\/\/www.lac.universite-paris-saclay.fr\/?page_id=3576","title":{"rendered":"Portfolio"},"content":{"rendered":"<div  class=\"wp-block-ultimate-post-heading ultp-block-51415e\"><div class=\"ultp-block-wrapper\"><div class=\"ultp-heading-wrap ultp-heading-style9 ultp-heading-center\"><h2 class=\"ultp-heading-inner\"><span>B\u00e2timent 505 <\/span><\/h2><div class=\"ultp-sub-heading\"><div class=\"ultp-sub-heading-inner\">B\u00e2timent 505, si\u00e8ge du LAC, \u00e0 la fin du chantier. Aout 2021, MONKAM-DAVERAT Paul <\/div><\/div><\/div><\/div><\/div>\n\n\n<figure class=\"wp-block-gallery columns-3 wp-block-gallery-1 is-layout-flex wp-block-gallery-is-layout-flex\"><ul class=\"blocks-gallery-grid\"><li class=\"blocks-gallery-item\"><figure><a href=\"http:\/\/www.lac.universite-paris-saclay.fr\/?attachment_id=3588\"><img loading=\"lazy\" decoding=\"async\" width=\"1024\" height=\"576\" src=\"http:\/\/www.lac.universite-paris-saclay.fr\/wp-content\/uploads\/2021\/08\/DJI_0234-1024x576.jpg\" alt=\"\" data-id=\"3588\" data-full-url=\"http:\/\/www.lac.universite-paris-saclay.fr\/wp-content\/uploads\/2021\/08\/DJI_0234-scaled.jpg\" data-link=\"http:\/\/www.lac.universite-paris-saclay.fr\/?attachment_id=3588\" class=\"wp-image-3588\" srcset=\"http:\/\/www.lac.universite-paris-saclay.fr\/wp-content\/uploads\/2021\/08\/DJI_0234-1024x576.jpg 1024w, http:\/\/www.lac.universite-paris-saclay.fr\/wp-content\/uploads\/2021\/08\/DJI_0234-300x169.jpg 300w, http:\/\/www.lac.universite-paris-saclay.fr\/wp-content\/uploads\/2021\/08\/DJI_0234-768x432.jpg 768w, http:\/\/www.lac.universite-paris-saclay.fr\/wp-content\/uploads\/2021\/08\/DJI_0234-1536x864.jpg 1536w, http:\/\/www.lac.universite-paris-saclay.fr\/wp-content\/uploads\/2021\/08\/DJI_0234-2048x1152.jpg 2048w, http:\/\/www.lac.universite-paris-saclay.fr\/wp-content\/uploads\/2021\/08\/DJI_0234-200x113.jpg 200w, http:\/\/www.lac.universite-paris-saclay.fr\/wp-content\/uploads\/2021\/08\/DJI_0234-400x225.jpg 400w, http:\/\/www.lac.universite-paris-saclay.fr\/wp-content\/uploads\/2021\/08\/DJI_0234-1200x675.jpg 1200w\" sizes=\"(max-width: 709px) 85vw, (max-width: 909px) 67vw, (max-width: 1362px) 62vw, 840px\" \/><\/a><\/figure><\/li><li class=\"blocks-gallery-item\"><figure><a href=\"http:\/\/www.lac.universite-paris-saclay.fr\/?attachment_id=3587\"><img loading=\"lazy\" decoding=\"async\" width=\"1024\" height=\"576\" src=\"http:\/\/www.lac.universite-paris-saclay.fr\/wp-content\/uploads\/2021\/08\/DJI_0235-1024x576.jpg\" alt=\"\" data-id=\"3587\" data-full-url=\"http:\/\/www.lac.universite-paris-saclay.fr\/wp-content\/uploads\/2021\/08\/DJI_0235-scaled.jpg\" data-link=\"http:\/\/www.lac.universite-paris-saclay.fr\/?attachment_id=3587\" class=\"wp-image-3587\" srcset=\"http:\/\/www.lac.universite-paris-saclay.fr\/wp-content\/uploads\/2021\/08\/DJI_0235-1024x576.jpg 1024w, http:\/\/www.lac.universite-paris-saclay.fr\/wp-content\/uploads\/2021\/08\/DJI_0235-300x169.jpg 300w, http:\/\/www.lac.universite-paris-saclay.fr\/wp-content\/uploads\/2021\/08\/DJI_0235-768x432.jpg 768w, http:\/\/www.lac.universite-paris-saclay.fr\/wp-content\/uploads\/2021\/08\/DJI_0235-1536x864.jpg 1536w, http:\/\/www.lac.universite-paris-saclay.fr\/wp-content\/uploads\/2021\/08\/DJI_0235-2048x1152.jpg 2048w, http:\/\/www.lac.universite-paris-saclay.fr\/wp-content\/uploads\/2021\/08\/DJI_0235-200x113.jpg 200w, http:\/\/www.lac.universite-paris-saclay.fr\/wp-content\/uploads\/2021\/08\/DJI_0235-400x225.jpg 400w, http:\/\/www.lac.universite-paris-saclay.fr\/wp-content\/uploads\/2021\/08\/DJI_0235-1200x675.jpg 1200w\" sizes=\"(max-width: 709px) 85vw, (max-width: 909px) 67vw, (max-width: 1362px) 62vw, 840px\" \/><\/a><\/figure><\/li><li class=\"blocks-gallery-item\"><figure><a href=\"http:\/\/www.lac.universite-paris-saclay.fr\/?attachment_id=3582\"><img loading=\"lazy\" decoding=\"async\" width=\"1024\" height=\"576\" src=\"http:\/\/www.lac.universite-paris-saclay.fr\/wp-content\/uploads\/2021\/08\/DJI_0232-1024x576.jpg\" alt=\"\" data-id=\"3582\" data-full-url=\"http:\/\/www.lac.universite-paris-saclay.fr\/wp-content\/uploads\/2021\/08\/DJI_0232-scaled.jpg\" data-link=\"http:\/\/www.lac.universite-paris-saclay.fr\/?attachment_id=3582\" class=\"wp-image-3582\" srcset=\"http:\/\/www.lac.universite-paris-saclay.fr\/wp-content\/uploads\/2021\/08\/DJI_0232-1024x576.jpg 1024w, http:\/\/www.lac.universite-paris-saclay.fr\/wp-content\/uploads\/2021\/08\/DJI_0232-300x169.jpg 300w, http:\/\/www.lac.universite-paris-saclay.fr\/wp-content\/uploads\/2021\/08\/DJI_0232-768x432.jpg 768w, http:\/\/www.lac.universite-paris-saclay.fr\/wp-content\/uploads\/2021\/08\/DJI_0232-1536x864.jpg 1536w, http:\/\/www.lac.universite-paris-saclay.fr\/wp-content\/uploads\/2021\/08\/DJI_0232-2048x1152.jpg 2048w, http:\/\/www.lac.universite-paris-saclay.fr\/wp-content\/uploads\/2021\/08\/DJI_0232-200x113.jpg 200w, http:\/\/www.lac.universite-paris-saclay.fr\/wp-content\/uploads\/2021\/08\/DJI_0232-400x225.jpg 400w, http:\/\/www.lac.universite-paris-saclay.fr\/wp-content\/uploads\/2021\/08\/DJI_0232-1200x675.jpg 1200w\" sizes=\"(max-width: 709px) 85vw, (max-width: 909px) 67vw, (max-width: 1362px) 62vw, 840px\" \/><\/a><\/figure><\/li><li class=\"blocks-gallery-item\"><figure><a href=\"http:\/\/www.lac.universite-paris-saclay.fr\/?attachment_id=3581\"><img loading=\"lazy\" decoding=\"async\" width=\"1024\" height=\"576\" src=\"http:\/\/www.lac.universite-paris-saclay.fr\/wp-content\/uploads\/2021\/08\/DJI_0224-1024x576.jpg\" alt=\"\" data-id=\"3581\" data-full-url=\"http:\/\/www.lac.universite-paris-saclay.fr\/wp-content\/uploads\/2021\/08\/DJI_0224-scaled.jpg\" data-link=\"http:\/\/www.lac.universite-paris-saclay.fr\/?attachment_id=3581\" class=\"wp-image-3581\" srcset=\"http:\/\/www.lac.universite-paris-saclay.fr\/wp-content\/uploads\/2021\/08\/DJI_0224-1024x576.jpg 1024w, http:\/\/www.lac.universite-paris-saclay.fr\/wp-content\/uploads\/2021\/08\/DJI_0224-300x169.jpg 300w, http:\/\/www.lac.universite-paris-saclay.fr\/wp-content\/uploads\/2021\/08\/DJI_0224-768x432.jpg 768w, http:\/\/www.lac.universite-paris-saclay.fr\/wp-content\/uploads\/2021\/08\/DJI_0224-1536x864.jpg 1536w, http:\/\/www.lac.universite-paris-saclay.fr\/wp-content\/uploads\/2021\/08\/DJI_0224-2048x1152.jpg 2048w, http:\/\/www.lac.universite-paris-saclay.fr\/wp-content\/uploads\/2021\/08\/DJI_0224-200x113.jpg 200w, http:\/\/www.lac.universite-paris-saclay.fr\/wp-content\/uploads\/2021\/08\/DJI_0224-400x225.jpg 400w, http:\/\/www.lac.universite-paris-saclay.fr\/wp-content\/uploads\/2021\/08\/DJI_0224-1200x675.jpg 1200w\" sizes=\"(max-width: 709px) 85vw, (max-width: 909px) 67vw, (max-width: 1362px) 62vw, 840px\" \/><\/a><\/figure><\/li><li class=\"blocks-gallery-item\"><figure><a href=\"http:\/\/www.lac.universite-paris-saclay.fr\/?attachment_id=3580\"><img loading=\"lazy\" decoding=\"async\" width=\"1024\" height=\"576\" src=\"http:\/\/www.lac.universite-paris-saclay.fr\/wp-content\/uploads\/2021\/08\/DJI_0233-1-1024x576.jpg\" alt=\"\" data-id=\"3580\" data-full-url=\"http:\/\/www.lac.universite-paris-saclay.fr\/wp-content\/uploads\/2021\/08\/DJI_0233-1-scaled.jpg\" data-link=\"http:\/\/www.lac.universite-paris-saclay.fr\/?attachment_id=3580\" class=\"wp-image-3580\" srcset=\"http:\/\/www.lac.universite-paris-saclay.fr\/wp-content\/uploads\/2021\/08\/DJI_0233-1-1024x576.jpg 1024w, http:\/\/www.lac.universite-paris-saclay.fr\/wp-content\/uploads\/2021\/08\/DJI_0233-1-300x169.jpg 300w, http:\/\/www.lac.universite-paris-saclay.fr\/wp-content\/uploads\/2021\/08\/DJI_0233-1-768x432.jpg 768w, http:\/\/www.lac.universite-paris-saclay.fr\/wp-content\/uploads\/2021\/08\/DJI_0233-1-1536x864.jpg 1536w, http:\/\/www.lac.universite-paris-saclay.fr\/wp-content\/uploads\/2021\/08\/DJI_0233-1-2048x1152.jpg 2048w, http:\/\/www.lac.universite-paris-saclay.fr\/wp-content\/uploads\/2021\/08\/DJI_0233-1-200x113.jpg 200w, http:\/\/www.lac.universite-paris-saclay.fr\/wp-content\/uploads\/2021\/08\/DJI_0233-1-400x225.jpg 400w, http:\/\/www.lac.universite-paris-saclay.fr\/wp-content\/uploads\/2021\/08\/DJI_0233-1-1200x675.jpg 1200w\" sizes=\"(max-width: 709px) 85vw, (max-width: 909px) 67vw, (max-width: 1362px) 62vw, 840px\" \/><\/a><\/figure><\/li><\/ul><\/figure>\n\n\n\n<div style=\"height:56px\" aria-hidden=\"true\" class=\"wp-block-spacer\"><\/div>\n\n\n<div  class=\"wp-block-ultimate-post-heading ultp-block-6545aa\"><div class=\"ultp-block-wrapper\"><div class=\"ultp-heading-wrap ultp-heading-style9 ultp-heading-center\"><h2 class=\"ultp-heading-inner\"><span>Op\u00e9rations de recherche MFC<\/span><\/h2><div class=\"ultp-sub-heading\"><div class=\"ultp-sub-heading-inner\">Photographies des diff\u00e9rentes exp\u00e9riences men\u00e9es par l&#8217;\u00e9quipe MFC. Aout 2021, MONKAM-DAVERAT Paul <\/div><\/div><\/div><\/div><\/div>\n\n\n<figure class=\"wp-block-gallery columns-2 wp-block-gallery-2 is-layout-flex wp-block-gallery-is-layout-flex\"><ul class=\"blocks-gallery-grid\"><li class=\"blocks-gallery-item\"><figure><a href=\"http:\/\/www.lac.universite-paris-saclay.fr\/?attachment_id=1832\"><img loading=\"lazy\" decoding=\"async\" width=\"1024\" height=\"683\" src=\"http:\/\/www.lac.universite-paris-saclay.fr\/wp-content\/uploads\/2021\/07\/MFC_1-1024x683.jpg\" alt=\"\" data-id=\"1832\" data-full-url=\"http:\/\/www.lac.universite-paris-saclay.fr\/wp-content\/uploads\/2021\/07\/MFC_1-scaled.jpg\" data-link=\"http:\/\/www.lac.universite-paris-saclay.fr\/?attachment_id=1832\" class=\"wp-image-1832\" srcset=\"http:\/\/www.lac.universite-paris-saclay.fr\/wp-content\/uploads\/2021\/07\/MFC_1-1024x683.jpg 1024w, http:\/\/www.lac.universite-paris-saclay.fr\/wp-content\/uploads\/2021\/07\/MFC_1-300x200.jpg 300w, http:\/\/www.lac.universite-paris-saclay.fr\/wp-content\/uploads\/2021\/07\/MFC_1-768x512.jpg 768w, http:\/\/www.lac.universite-paris-saclay.fr\/wp-content\/uploads\/2021\/07\/MFC_1-1536x1024.jpg 1536w, http:\/\/www.lac.universite-paris-saclay.fr\/wp-content\/uploads\/2021\/07\/MFC_1-2048x1365.jpg 2048w, http:\/\/www.lac.universite-paris-saclay.fr\/wp-content\/uploads\/2021\/07\/MFC_1-200x133.jpg 200w, http:\/\/www.lac.universite-paris-saclay.fr\/wp-content\/uploads\/2021\/07\/MFC_1-400x267.jpg 400w, http:\/\/www.lac.universite-paris-saclay.fr\/wp-content\/uploads\/2021\/07\/MFC_1-450x300.jpg 450w, http:\/\/www.lac.universite-paris-saclay.fr\/wp-content\/uploads\/2021\/07\/MFC_1-1200x800.jpg 1200w, http:\/\/www.lac.universite-paris-saclay.fr\/wp-content\/uploads\/2021\/07\/MFC_1-272x182.jpg 272w\" sizes=\"(max-width: 709px) 85vw, (max-width: 909px) 67vw, (max-width: 1362px) 62vw, 840px\" \/><\/a><figcaption class=\"blocks-gallery-item__caption\">Deceleration Chamber (OR Mesures Fondamentales, MFC)<\/figcaption><\/figure><\/li><li class=\"blocks-gallery-item\"><figure><a href=\"http:\/\/www.lac.universite-paris-saclay.fr\/?attachment_id=1856\"><img loading=\"lazy\" decoding=\"async\" width=\"1024\" height=\"683\" src=\"http:\/\/www.lac.universite-paris-saclay.fr\/wp-content\/uploads\/2021\/07\/MFC_3-1024x683.jpg\" alt=\"\" data-id=\"1856\" data-full-url=\"http:\/\/www.lac.universite-paris-saclay.fr\/wp-content\/uploads\/2021\/07\/MFC_3-scaled.jpg\" data-link=\"http:\/\/www.lac.universite-paris-saclay.fr\/?attachment_id=1856\" class=\"wp-image-1856\" srcset=\"http:\/\/www.lac.universite-paris-saclay.fr\/wp-content\/uploads\/2021\/07\/MFC_3-1024x683.jpg 1024w, http:\/\/www.lac.universite-paris-saclay.fr\/wp-content\/uploads\/2021\/07\/MFC_3-300x200.jpg 300w, http:\/\/www.lac.universite-paris-saclay.fr\/wp-content\/uploads\/2021\/07\/MFC_3-768x512.jpg 768w, http:\/\/www.lac.universite-paris-saclay.fr\/wp-content\/uploads\/2021\/07\/MFC_3-1536x1024.jpg 1536w, http:\/\/www.lac.universite-paris-saclay.fr\/wp-content\/uploads\/2021\/07\/MFC_3-2048x1365.jpg 2048w, http:\/\/www.lac.universite-paris-saclay.fr\/wp-content\/uploads\/2021\/07\/MFC_3-200x133.jpg 200w, http:\/\/www.lac.universite-paris-saclay.fr\/wp-content\/uploads\/2021\/07\/MFC_3-400x267.jpg 400w, http:\/\/www.lac.universite-paris-saclay.fr\/wp-content\/uploads\/2021\/07\/MFC_3-450x300.jpg 450w, http:\/\/www.lac.universite-paris-saclay.fr\/wp-content\/uploads\/2021\/07\/MFC_3-1200x800.jpg 1200w, http:\/\/www.lac.universite-paris-saclay.fr\/wp-content\/uploads\/2021\/07\/MFC_3-272x182.jpg 272w\" sizes=\"(max-width: 709px) 85vw, (max-width: 909px) 67vw, (max-width: 1362px) 62vw, 840px\" \/><\/a><figcaption class=\"blocks-gallery-item__caption\">Laser Amplifier (OR Mesures Fondamentales, MFC)<\/figcaption><\/figure><\/li><li class=\"blocks-gallery-item\"><figure><a href=\"http:\/\/www.lac.universite-paris-saclay.fr\/?attachment_id=3596\"><img loading=\"lazy\" decoding=\"async\" width=\"1024\" height=\"683\" src=\"http:\/\/www.lac.universite-paris-saclay.fr\/wp-content\/uploads\/2021\/08\/IMG_4240-1024x683.jpg\" alt=\"\" data-id=\"3596\" data-full-url=\"http:\/\/www.lac.universite-paris-saclay.fr\/wp-content\/uploads\/2021\/08\/IMG_4240-scaled.jpg\" data-link=\"http:\/\/www.lac.universite-paris-saclay.fr\/?attachment_id=3596\" class=\"wp-image-3596\" srcset=\"http:\/\/www.lac.universite-paris-saclay.fr\/wp-content\/uploads\/2021\/08\/IMG_4240-1024x683.jpg 1024w, http:\/\/www.lac.universite-paris-saclay.fr\/wp-content\/uploads\/2021\/08\/IMG_4240-300x200.jpg 300w, http:\/\/www.lac.universite-paris-saclay.fr\/wp-content\/uploads\/2021\/08\/IMG_4240-768x512.jpg 768w, http:\/\/www.lac.universite-paris-saclay.fr\/wp-content\/uploads\/2021\/08\/IMG_4240-1536x1024.jpg 1536w, http:\/\/www.lac.universite-paris-saclay.fr\/wp-content\/uploads\/2021\/08\/IMG_4240-2048x1365.jpg 2048w, http:\/\/www.lac.universite-paris-saclay.fr\/wp-content\/uploads\/2021\/08\/IMG_4240-200x133.jpg 200w, http:\/\/www.lac.universite-paris-saclay.fr\/wp-content\/uploads\/2021\/08\/IMG_4240-400x267.jpg 400w, http:\/\/www.lac.universite-paris-saclay.fr\/wp-content\/uploads\/2021\/08\/IMG_4240-450x300.jpg 450w, http:\/\/www.lac.universite-paris-saclay.fr\/wp-content\/uploads\/2021\/08\/IMG_4240-1200x800.jpg 1200w, http:\/\/www.lac.universite-paris-saclay.fr\/wp-content\/uploads\/2021\/08\/IMG_4240-272x182.jpg 272w\" sizes=\"(max-width: 709px) 85vw, (max-width: 909px) 67vw, (max-width: 1362px) 62vw, 840px\" \/><\/a><figcaption class=\"blocks-gallery-item__caption\">Laser (OR Rydberg, MFC)<\/figcaption><\/figure><\/li><li class=\"blocks-gallery-item\"><figure><a href=\"http:\/\/www.lac.universite-paris-saclay.fr\/?attachment_id=1862\"><img loading=\"lazy\" decoding=\"async\" width=\"1024\" height=\"746\" src=\"http:\/\/www.lac.universite-paris-saclay.fr\/wp-content\/uploads\/2021\/07\/IMG_4242-1024x746.jpg\" alt=\"\" data-id=\"1862\" data-full-url=\"http:\/\/www.lac.universite-paris-saclay.fr\/wp-content\/uploads\/2021\/07\/IMG_4242-scaled.jpg\" data-link=\"http:\/\/www.lac.universite-paris-saclay.fr\/?attachment_id=1862\" class=\"wp-image-1862\" srcset=\"http:\/\/www.lac.universite-paris-saclay.fr\/wp-content\/uploads\/2021\/07\/IMG_4242-1024x746.jpg 1024w, http:\/\/www.lac.universite-paris-saclay.fr\/wp-content\/uploads\/2021\/07\/IMG_4242-300x218.jpg 300w, http:\/\/www.lac.universite-paris-saclay.fr\/wp-content\/uploads\/2021\/07\/IMG_4242-768x559.jpg 768w, http:\/\/www.lac.universite-paris-saclay.fr\/wp-content\/uploads\/2021\/07\/IMG_4242-1536x1118.jpg 1536w, http:\/\/www.lac.universite-paris-saclay.fr\/wp-content\/uploads\/2021\/07\/IMG_4242-2048x1491.jpg 2048w, http:\/\/www.lac.universite-paris-saclay.fr\/wp-content\/uploads\/2021\/07\/IMG_4242-200x146.jpg 200w, http:\/\/www.lac.universite-paris-saclay.fr\/wp-content\/uploads\/2021\/07\/IMG_4242-400x291.jpg 400w, http:\/\/www.lac.universite-paris-saclay.fr\/wp-content\/uploads\/2021\/07\/IMG_4242-1200x874.jpg 1200w\" sizes=\"(max-width: 709px) 85vw, (max-width: 909px) 67vw, (max-width: 1362px) 62vw, 840px\" \/><\/a><figcaption class=\"blocks-gallery-item__caption\">Laser (OR Rydberg, MFC)<\/figcaption><\/figure><\/li><\/ul><\/figure>\n","protected":false},"excerpt":{"rendered":"","protected":false},"author":1,"featured_media":0,"parent":0,"menu_order":0,"comment_status":"closed","ping_status":"closed","template":"","meta":{"footnotes":""},"class_list":["post-3576","page","type-page","status-publish","hentry"],"featured_image_src":null,"yoast_head":"<!-- This site is optimized with the Yoast SEO plugin v25.6 - https:\/\/yoast.com\/wordpress\/plugins\/seo\/ -->\n<title>Portfolio - LAC<\/title>\n<meta name=\"robots\" content=\"index, follow, max-snippet:-1, max-image-preview:large, max-video-preview:-1\" \/>\n<link rel=\"canonical\" href=\"http:\/\/www.lac.universite-paris-saclay.fr\/?page_id=3576\" \/>\n<meta name=\"twitter:card\" content=\"summary_large_image\" \/>\n<meta name=\"twitter:title\" content=\"Portfolio - LAC\" \/>\n<meta name=\"twitter:image\" content=\"http:\/\/www.lac.universite-paris-saclay.fr\/wp-content\/uploads\/2021\/08\/DJI_0234-scaled.jpg\" \/>\n<meta name=\"twitter:label1\" content=\"Est. reading time\" \/>\n\t<meta name=\"twitter:data1\" content=\"2 minutes\" \/>\n<script type=\"application\/ld+json\" class=\"yoast-schema-graph\">{\"@context\":\"https:\/\/schema.org\",\"@graph\":[{\"@type\":\"WebPage\",\"@id\":\"http:\/\/www.lac.universite-paris-saclay.fr\/?page_id=3576\",\"url\":\"http:\/\/www.lac.universite-paris-saclay.fr\/?page_id=3576\",\"name\":\"Portfolio - LAC\",\"isPartOf\":{\"@id\":\"http:\/\/www.lac.universite-paris-saclay.fr\/#website\"},\"primaryImageOfPage\":{\"@id\":\"http:\/\/www.lac.universite-paris-saclay.fr\/?page_id=3576#primaryimage\"},\"image\":{\"@id\":\"http:\/\/www.lac.universite-paris-saclay.fr\/?page_id=3576#primaryimage\"},\"thumbnailUrl\":\"http:\/\/www.lac.universite-paris-saclay.fr\/wp-content\/uploads\/2021\/08\/DJI_0234-1024x576.jpg\",\"datePublished\":\"2021-08-27T15:00:47+00:00\",\"dateModified\":\"2021-08-27T15:45:36+00:00\",\"breadcrumb\":{\"@id\":\"http:\/\/www.lac.universite-paris-saclay.fr\/?page_id=3576#breadcrumb\"},\"inLanguage\":\"en-US\",\"potentialAction\":[{\"@type\":\"ReadAction\",\"target\":[\"http:\/\/www.lac.universite-paris-saclay.fr\/?page_id=3576\"]}]},{\"@type\":\"ImageObject\",\"inLanguage\":\"en-US\",\"@id\":\"http:\/\/www.lac.universite-paris-saclay.fr\/?page_id=3576#primaryimage\",\"url\":\"http:\/\/www.lac.universite-paris-saclay.fr\/wp-content\/uploads\/2021\/08\/DJI_0234-scaled.jpg\",\"contentUrl\":\"http:\/\/www.lac.universite-paris-saclay.fr\/wp-content\/uploads\/2021\/08\/DJI_0234-scaled.jpg\",\"width\":2560,\"height\":1440,\"caption\":\"DCIM100MEDIADJI_0234.JPG\"},{\"@type\":\"BreadcrumbList\",\"@id\":\"http:\/\/www.lac.universite-paris-saclay.fr\/?page_id=3576#breadcrumb\",\"itemListElement\":[{\"@type\":\"ListItem\",\"position\":1,\"name\":\"Accueil\",\"item\":\"http:\/\/www.lac.universite-paris-saclay.fr\/\"},{\"@type\":\"ListItem\",\"position\":2,\"name\":\"Portfolio\"}]},{\"@type\":\"WebSite\",\"@id\":\"http:\/\/www.lac.universite-paris-saclay.fr\/#website\",\"url\":\"http:\/\/www.lac.universite-paris-saclay.fr\/\",\"name\":\"LAC\",\"description\":\"Laboratoire Aim\u00e9 Cotton\",\"publisher\":{\"@id\":\"http:\/\/www.lac.universite-paris-saclay.fr\/#organization\"},\"potentialAction\":[{\"@type\":\"SearchAction\",\"target\":{\"@type\":\"EntryPoint\",\"urlTemplate\":\"http:\/\/www.lac.universite-paris-saclay.fr\/?s={search_term_string}\"},\"query-input\":{\"@type\":\"PropertyValueSpecification\",\"valueRequired\":true,\"valueName\":\"search_term_string\"}}],\"inLanguage\":\"en-US\"},{\"@type\":\"Organization\",\"@id\":\"http:\/\/www.lac.universite-paris-saclay.fr\/#organization\",\"name\":\"LAC\",\"url\":\"http:\/\/www.lac.universite-paris-saclay.fr\/\",\"logo\":{\"@type\":\"ImageObject\",\"inLanguage\":\"en-US\",\"@id\":\"http:\/\/www.lac.universite-paris-saclay.fr\/#\/schema\/logo\/image\/\",\"url\":\"http:\/\/www.lac.universite-paris-saclay.fr\/wp-content\/uploads\/2022\/01\/cropped-logo_LAC-240.png\",\"contentUrl\":\"http:\/\/www.lac.universite-paris-saclay.fr\/wp-content\/uploads\/2022\/01\/cropped-logo_LAC-240.png\",\"width\":240,\"height\":76,\"caption\":\"LAC\"},\"image\":{\"@id\":\"http:\/\/www.lac.universite-paris-saclay.fr\/#\/schema\/logo\/image\/\"}}]}<\/script>\n<!-- \/ Yoast SEO plugin. -->","yoast_head_json":{"title":"Portfolio - LAC","robots":{"index":"index","follow":"follow","max-snippet":"max-snippet:-1","max-image-preview":"max-image-preview:large","max-video-preview":"max-video-preview:-1"},"canonical":"http:\/\/www.lac.universite-paris-saclay.fr\/?page_id=3576","twitter_card":"summary_large_image","twitter_title":"Portfolio - LAC","twitter_image":"http:\/\/www.lac.universite-paris-saclay.fr\/wp-content\/uploads\/2021\/08\/DJI_0234-scaled.jpg","twitter_misc":{"Est. reading time":"2 minutes"},"schema":{"@context":"https:\/\/schema.org","@graph":[{"@type":"WebPage","@id":"http:\/\/www.lac.universite-paris-saclay.fr\/?page_id=3576","url":"http:\/\/www.lac.universite-paris-saclay.fr\/?page_id=3576","name":"Portfolio - LAC","isPartOf":{"@id":"http:\/\/www.lac.universite-paris-saclay.fr\/#website"},"primaryImageOfPage":{"@id":"http:\/\/www.lac.universite-paris-saclay.fr\/?page_id=3576#primaryimage"},"image":{"@id":"http:\/\/www.lac.universite-paris-saclay.fr\/?page_id=3576#primaryimage"},"thumbnailUrl":"http:\/\/www.lac.universite-paris-saclay.fr\/wp-content\/uploads\/2021\/08\/DJI_0234-1024x576.jpg","datePublished":"2021-08-27T15:00:47+00:00","dateModified":"2021-08-27T15:45:36+00:00","breadcrumb":{"@id":"http:\/\/www.lac.universite-paris-saclay.fr\/?page_id=3576#breadcrumb"},"inLanguage":"en-US","potentialAction":[{"@type":"ReadAction","target":["http:\/\/www.lac.universite-paris-saclay.fr\/?page_id=3576"]}]},{"@type":"ImageObject","inLanguage":"en-US","@id":"http:\/\/www.lac.universite-paris-saclay.fr\/?page_id=3576#primaryimage","url":"http:\/\/www.lac.universite-paris-saclay.fr\/wp-content\/uploads\/2021\/08\/DJI_0234-scaled.jpg","contentUrl":"http:\/\/www.lac.universite-paris-saclay.fr\/wp-content\/uploads\/2021\/08\/DJI_0234-scaled.jpg","width":2560,"height":1440,"caption":"DCIM100MEDIADJI_0234.JPG"},{"@type":"BreadcrumbList","@id":"http:\/\/www.lac.universite-paris-saclay.fr\/?page_id=3576#breadcrumb","itemListElement":[{"@type":"ListItem","position":1,"name":"Accueil","item":"http:\/\/www.lac.universite-paris-saclay.fr\/"},{"@type":"ListItem","position":2,"name":"Portfolio"}]},{"@type":"WebSite","@id":"http:\/\/www.lac.universite-paris-saclay.fr\/#website","url":"http:\/\/www.lac.universite-paris-saclay.fr\/","name":"LAC","description":"Laboratoire Aim\u00e9 Cotton","publisher":{"@id":"http:\/\/www.lac.universite-paris-saclay.fr\/#organization"},"potentialAction":[{"@type":"SearchAction","target":{"@type":"EntryPoint","urlTemplate":"http:\/\/www.lac.universite-paris-saclay.fr\/?s={search_term_string}"},"query-input":{"@type":"PropertyValueSpecification","valueRequired":true,"valueName":"search_term_string"}}],"inLanguage":"en-US"},{"@type":"Organization","@id":"http:\/\/www.lac.universite-paris-saclay.fr\/#organization","name":"LAC","url":"http:\/\/www.lac.universite-paris-saclay.fr\/","logo":{"@type":"ImageObject","inLanguage":"en-US","@id":"http:\/\/www.lac.universite-paris-saclay.fr\/#\/schema\/logo\/image\/","url":"http:\/\/www.lac.universite-paris-saclay.fr\/wp-content\/uploads\/2022\/01\/cropped-logo_LAC-240.png","contentUrl":"http:\/\/www.lac.universite-paris-saclay.fr\/wp-content\/uploads\/2022\/01\/cropped-logo_LAC-240.png","width":240,"height":76,"caption":"LAC"},"image":{"@id":"http:\/\/www.lac.universite-paris-saclay.fr\/#\/schema\/logo\/image\/"}}]}},"_links":{"self":[{"href":"http:\/\/www.lac.universite-paris-saclay.fr\/index.php?rest_route=\/wp\/v2\/pages\/3576"}],"collection":[{"href":"http:\/\/www.lac.universite-paris-saclay.fr\/index.php?rest_route=\/wp\/v2\/pages"}],"about":[{"href":"http:\/\/www.lac.universite-paris-saclay.fr\/index.php?rest_route=\/wp\/v2\/types\/page"}],"author":[{"embeddable":true,"href":"http:\/\/www.lac.universite-paris-saclay.fr\/index.php?rest_route=\/wp\/v2\/users\/1"}],"replies":[{"embeddable":true,"href":"http:\/\/www.lac.universite-paris-saclay.fr\/index.php?rest_route=%2Fwp%2Fv2%2Fcomments&post=3576"}],"version-history":[{"count":11,"href":"http:\/\/www.lac.universite-paris-saclay.fr\/index.php?rest_route=\/wp\/v2\/pages\/3576\/revisions"}],"predecessor-version":[{"id":3607,"href":"http:\/\/www.lac.universite-paris-saclay.fr\/index.php?rest_route=\/wp\/v2\/pages\/3576\/revisions\/3607"}],"wp:attachment":[{"href":"http:\/\/www.lac.universite-paris-saclay.fr\/index.php?rest_route=%2Fwp%2Fv2%2Fmedia&parent=3576"}],"curies":[{"name":"wp","href":"https:\/\/api.w.org\/{rel}","templated":true}]}}