{"id":3315,"date":"2021-08-25T17:19:01","date_gmt":"2021-08-25T15:19:01","guid":{"rendered":"http:\/\/172.24.24.16\/?page_id=3315"},"modified":"2022-10-05T09:59:49","modified_gmt":"2022-10-05T07:59:49","slug":"atlas","status":"publish","type":"page","link":"http:\/\/www.lac.universite-paris-saclay.fr\/?page_id=3315","title":{"rendered":"Atlas"},"content":{"rendered":"<div  class=\"wp-block-ultimate-post-heading ultp-block-910992\"><div class=\"ultp-block-wrapper\"><div class=\"ultp-heading-wrap ultp-heading-style9 ultp-heading-center\"><h2 class=\"ultp-heading-inner\"><span>The Atlas of transition lines of selected diatomic molecules<\/span><\/h2><div class=\"ultp-sub-heading\"><div class=\"ultp-sub-heading-inner\">The absorption spectrum of selected diatomic alkali molecules in the infrared spectral range, recorded with the Fourier Transform Spectrometer at Laboratoire Aim\u00e9 Cotton, are available here.<\/div><\/div><\/div><\/div><\/div>\n\n\n<hr class=\"wp-block-separator\"\/>\n\n\n\n<div class=\"wp-block-columns is-layout-flex wp-container-core-columns-is-layout-1 wp-block-columns-is-layout-flex\">\n<div class=\"wp-block-column is-layout-flow wp-block-column-is-layout-flow\"><div  class=\"wp-block-ultimate-post-heading ultp-block-e6118c\"><div class=\"ultp-block-wrapper\"><div class=\"ultp-heading-wrap ultp-heading-style15 ultp-heading-center\"><h2 class=\"ultp-heading-inner\"><span>The Atlas of K2 transition lines<\/span><\/h2><div class=\"ultp-sub-heading\"><div class=\"ultp-sub-heading-inner\">10487-12000 cm-1  spectral range<\/div><\/div><\/div><\/div><\/div>\n\n\n<figure class=\"wp-block-image size-full\"><a href=\"\/Data\/atlas\/K2\/intro_K2.html\"><img loading=\"lazy\" decoding=\"async\" width=\"1024\" height=\"768\" src=\"http:\/\/172.24.24.16\/wp-content\/uploads\/2021\/08\/Couvert_K2.jpg\" alt=\"\" class=\"wp-image-3318\" srcset=\"http:\/\/www.lac.universite-paris-saclay.fr\/wp-content\/uploads\/2021\/08\/Couvert_K2.jpg 1024w, http:\/\/www.lac.universite-paris-saclay.fr\/wp-content\/uploads\/2021\/08\/Couvert_K2-300x225.jpg 300w, http:\/\/www.lac.universite-paris-saclay.fr\/wp-content\/uploads\/2021\/08\/Couvert_K2-768x576.jpg 768w, http:\/\/www.lac.universite-paris-saclay.fr\/wp-content\/uploads\/2021\/08\/Couvert_K2-200x150.jpg 200w, http:\/\/www.lac.universite-paris-saclay.fr\/wp-content\/uploads\/2021\/08\/Couvert_K2-400x300.jpg 400w\" sizes=\"(max-width: 709px) 85vw, (max-width: 909px) 67vw, (max-width: 1362px) 62vw, 840px\" \/><\/a><\/figure>\n\n\n\n<p class=\"has-text-align-center\"><strong>Reference: <\/strong><em>C. Amiot, J. Chevillard&nbsp; J. Verg\u00e8s,&nbsp; Atlas du spectre d&#8217;absorption de la mol\u00e9cule de potassium (10487-12000 cm<sup>-1<\/sup>). Laboratoire Aim\u00e9 Cotton, C.N.R.S. , Orsay, France (2000)<\/em><\/p>\n<\/div>\n\n\n\n<div class=\"wp-block-column is-layout-flow wp-block-column-is-layout-flow\"><div  class=\"wp-block-ultimate-post-heading ultp-block-e0f191\"><div class=\"ultp-block-wrapper\"><div class=\"ultp-heading-wrap ultp-heading-style15 ultp-heading-center\"><h2 class=\"ultp-heading-inner\"><span>The Atlas of Rb2 transition lines<\/span><\/h2><div class=\"ultp-sub-heading\"><div class=\"ultp-sub-heading-inner\">9992-11715 cm-1 spectral range<\/div><\/div><\/div><\/div><\/div>\n\n\n<figure class=\"wp-block-image size-full\"><a href=\"\/Data\/atlas\/Rb2\/intro_Rb2.html\"><img loading=\"lazy\" decoding=\"async\" width=\"1024\" height=\"768\" src=\"http:\/\/172.24.24.16\/wp-content\/uploads\/2021\/08\/Couvert_Rb2.jpg\" alt=\"\" class=\"wp-image-3319\" srcset=\"http:\/\/www.lac.universite-paris-saclay.fr\/wp-content\/uploads\/2021\/08\/Couvert_Rb2.jpg 1024w, http:\/\/www.lac.universite-paris-saclay.fr\/wp-content\/uploads\/2021\/08\/Couvert_Rb2-300x225.jpg 300w, http:\/\/www.lac.universite-paris-saclay.fr\/wp-content\/uploads\/2021\/08\/Couvert_Rb2-768x576.jpg 768w, http:\/\/www.lac.universite-paris-saclay.fr\/wp-content\/uploads\/2021\/08\/Couvert_Rb2-200x150.jpg 200w, http:\/\/www.lac.universite-paris-saclay.fr\/wp-content\/uploads\/2021\/08\/Couvert_Rb2-400x300.jpg 400w\" sizes=\"(max-width: 709px) 85vw, (max-width: 909px) 67vw, (max-width: 1362px) 62vw, 840px\" \/><\/a><\/figure>\n\n\n\n<p class=\"has-text-align-center\"><strong>Reference:<\/strong> <em>C. Amiot, J. Chevillard&nbsp; J. Verg\u00e8s,&nbsp; Atlas du spectre d&#8217;absorption de la mol\u00e9cule de rubidium (9992-11715 cm<sup>-1<\/sup>). Laboratoire Aim\u00e9 Cotton, C.N.R.S. , Orsay, France (2000)<\/em><\/p>\n<\/div>\n\n\n\n<div class=\"wp-block-column is-layout-flow wp-block-column-is-layout-flow\"><div  class=\"wp-block-ultimate-post-heading ultp-block-ef89dd\"><div class=\"ultp-block-wrapper\"><div class=\"ultp-heading-wrap ultp-heading-style15 ultp-heading-center\"><h2 class=\"ultp-heading-inner\"><span>The Atlas of Cs2 transition lines<\/span><\/h2><div class=\"ultp-sub-heading\"><div class=\"ultp-sub-heading-inner\">9700-11000 cm-1 spectral range<\/div><\/div><\/div><\/div><\/div>\n\n\n<figure class=\"wp-block-image size-full\"><a href=\"\/Data\/atlas\/Cs2\/intro_Cs2.html\"><img loading=\"lazy\" decoding=\"async\" width=\"1024\" height=\"768\" src=\"http:\/\/172.24.24.16\/wp-content\/uploads\/2021\/08\/Couvert_Cs2.jpg\" alt=\"\" class=\"wp-image-3320\" srcset=\"http:\/\/www.lac.universite-paris-saclay.fr\/wp-content\/uploads\/2021\/08\/Couvert_Cs2.jpg 1024w, http:\/\/www.lac.universite-paris-saclay.fr\/wp-content\/uploads\/2021\/08\/Couvert_Cs2-300x225.jpg 300w, http:\/\/www.lac.universite-paris-saclay.fr\/wp-content\/uploads\/2021\/08\/Couvert_Cs2-768x576.jpg 768w, http:\/\/www.lac.universite-paris-saclay.fr\/wp-content\/uploads\/2021\/08\/Couvert_Cs2-200x150.jpg 200w, http:\/\/www.lac.universite-paris-saclay.fr\/wp-content\/uploads\/2021\/08\/Couvert_Cs2-400x300.jpg 400w\" sizes=\"(max-width: 709px) 85vw, (max-width: 909px) 67vw, (max-width: 1362px) 62vw, 840px\" \/><\/a><\/figure>\n\n\n\n<p class=\"has-text-align-center\"><strong>Reference: <\/strong><em>C. Amiot, J. Chevillard&nbsp; J. Verg\u00e8s,&nbsp; Atlas du spectre d&#8217;absorption de la mol\u00e9cule de cesium (9700-11000 cm<sup>-1<\/sup>). Laboratoire Aim\u00e9 Cotton, C.N.R.S. , Orsay, France (2000)<\/em><\/p>\n<\/div>\n<\/div>\n\n\n\n<hr class=\"wp-block-separator\"\/>\n\n\n\n<p class=\"has-text-align-center\">Jacqueline Chevillard is gratefully acknowledged for her continuous help during the recordings. Roger Leroux is acknowledged for his expertise in numerical photography.<\/p>\n\n\n\n<hr class=\"wp-block-separator\"\/>\n\n\n\n<p><\/p>\n","protected":false},"excerpt":{"rendered":"<p>Reference: C. Amiot, J. Chevillard&nbsp; J. Verg\u00e8s,&nbsp; Atlas du spectre d&#8217;absorption de la mol\u00e9cule de potassium (10487-12000 cm-1). Laboratoire Aim\u00e9 Cotton, C.N.R.S. , Orsay, France (2000) Reference: C. Amiot, J. &hellip; <a href=\"http:\/\/www.lac.universite-paris-saclay.fr\/?page_id=3315\" class=\"more-link\">Continue reading<span class=\"screen-reader-text\"> &#8220;Atlas&#8221;<\/span><\/a><\/p>\n","protected":false},"author":1,"featured_media":0,"parent":0,"menu_order":0,"comment_status":"closed","ping_status":"closed","template":"","meta":{"footnotes":""},"class_list":["post-3315","page","type-page","status-publish","hentry"],"featured_image_src":null,"yoast_head":"<!-- This site is optimized with the Yoast SEO plugin v25.6 - https:\/\/yoast.com\/wordpress\/plugins\/seo\/ -->\n<title>Atlas - LAC<\/title>\n<meta name=\"robots\" content=\"index, follow, max-snippet:-1, max-image-preview:large, max-video-preview:-1\" \/>\n<link rel=\"canonical\" href=\"http:\/\/www.lac.universite-paris-saclay.fr\/?page_id=3315\" \/>\n<meta name=\"twitter:card\" content=\"summary_large_image\" \/>\n<meta name=\"twitter:title\" content=\"Atlas - LAC\" \/>\n<meta name=\"twitter:description\" content=\"Reference: C. Amiot, J. Chevillard&nbsp; J. Verg\u00e8s,&nbsp; Atlas du spectre d&#8217;absorption de la mol\u00e9cule de potassium (10487-12000 cm-1). Laboratoire Aim\u00e9 Cotton, C.N.R.S. , Orsay, France (2000) Reference: C. Amiot, J. &hellip; Continue reading &quot;Atlas&quot;\" \/>\n<meta name=\"twitter:image\" content=\"http:\/\/172.24.24.16\/wp-content\/uploads\/2021\/08\/Couvert_K2.jpg\" \/>\n<meta name=\"twitter:label1\" content=\"Est. reading time\" \/>\n\t<meta name=\"twitter:data1\" content=\"2 minutes\" \/>\n<script type=\"application\/ld+json\" class=\"yoast-schema-graph\">{\"@context\":\"https:\/\/schema.org\",\"@graph\":[{\"@type\":\"WebPage\",\"@id\":\"http:\/\/www.lac.universite-paris-saclay.fr\/?page_id=3315\",\"url\":\"http:\/\/www.lac.universite-paris-saclay.fr\/?page_id=3315\",\"name\":\"Atlas - LAC\",\"isPartOf\":{\"@id\":\"http:\/\/www.lac.universite-paris-saclay.fr\/#website\"},\"primaryImageOfPage\":{\"@id\":\"http:\/\/www.lac.universite-paris-saclay.fr\/?page_id=3315#primaryimage\"},\"image\":{\"@id\":\"http:\/\/www.lac.universite-paris-saclay.fr\/?page_id=3315#primaryimage\"},\"thumbnailUrl\":\"http:\/\/172.24.24.16\/wp-content\/uploads\/2021\/08\/Couvert_K2.jpg\",\"datePublished\":\"2021-08-25T15:19:01+00:00\",\"dateModified\":\"2022-10-05T07:59:49+00:00\",\"breadcrumb\":{\"@id\":\"http:\/\/www.lac.universite-paris-saclay.fr\/?page_id=3315#breadcrumb\"},\"inLanguage\":\"en-US\",\"potentialAction\":[{\"@type\":\"ReadAction\",\"target\":[\"http:\/\/www.lac.universite-paris-saclay.fr\/?page_id=3315\"]}]},{\"@type\":\"ImageObject\",\"inLanguage\":\"en-US\",\"@id\":\"http:\/\/www.lac.universite-paris-saclay.fr\/?page_id=3315#primaryimage\",\"url\":\"http:\/\/172.24.24.16\/wp-content\/uploads\/2021\/08\/Couvert_K2.jpg\",\"contentUrl\":\"http:\/\/172.24.24.16\/wp-content\/uploads\/2021\/08\/Couvert_K2.jpg\"},{\"@type\":\"BreadcrumbList\",\"@id\":\"http:\/\/www.lac.universite-paris-saclay.fr\/?page_id=3315#breadcrumb\",\"itemListElement\":[{\"@type\":\"ListItem\",\"position\":1,\"name\":\"Accueil\",\"item\":\"http:\/\/www.lac.universite-paris-saclay.fr\/\"},{\"@type\":\"ListItem\",\"position\":2,\"name\":\"Atlas\"}]},{\"@type\":\"WebSite\",\"@id\":\"http:\/\/www.lac.universite-paris-saclay.fr\/#website\",\"url\":\"http:\/\/www.lac.universite-paris-saclay.fr\/\",\"name\":\"LAC\",\"description\":\"Laboratoire Aim\u00e9 Cotton\",\"publisher\":{\"@id\":\"http:\/\/www.lac.universite-paris-saclay.fr\/#organization\"},\"potentialAction\":[{\"@type\":\"SearchAction\",\"target\":{\"@type\":\"EntryPoint\",\"urlTemplate\":\"http:\/\/www.lac.universite-paris-saclay.fr\/?s={search_term_string}\"},\"query-input\":{\"@type\":\"PropertyValueSpecification\",\"valueRequired\":true,\"valueName\":\"search_term_string\"}}],\"inLanguage\":\"en-US\"},{\"@type\":\"Organization\",\"@id\":\"http:\/\/www.lac.universite-paris-saclay.fr\/#organization\",\"name\":\"LAC\",\"url\":\"http:\/\/www.lac.universite-paris-saclay.fr\/\",\"logo\":{\"@type\":\"ImageObject\",\"inLanguage\":\"en-US\",\"@id\":\"http:\/\/www.lac.universite-paris-saclay.fr\/#\/schema\/logo\/image\/\",\"url\":\"http:\/\/www.lac.universite-paris-saclay.fr\/wp-content\/uploads\/2022\/01\/cropped-logo_LAC-240.png\",\"contentUrl\":\"http:\/\/www.lac.universite-paris-saclay.fr\/wp-content\/uploads\/2022\/01\/cropped-logo_LAC-240.png\",\"width\":240,\"height\":76,\"caption\":\"LAC\"},\"image\":{\"@id\":\"http:\/\/www.lac.universite-paris-saclay.fr\/#\/schema\/logo\/image\/\"}}]}<\/script>\n<!-- \/ Yoast SEO plugin. -->","yoast_head_json":{"title":"Atlas - LAC","robots":{"index":"index","follow":"follow","max-snippet":"max-snippet:-1","max-image-preview":"max-image-preview:large","max-video-preview":"max-video-preview:-1"},"canonical":"http:\/\/www.lac.universite-paris-saclay.fr\/?page_id=3315","twitter_card":"summary_large_image","twitter_title":"Atlas - LAC","twitter_description":"Reference: C. Amiot, J. Chevillard&nbsp; J. Verg\u00e8s,&nbsp; Atlas du spectre d&#8217;absorption de la mol\u00e9cule de potassium (10487-12000 cm-1). Laboratoire Aim\u00e9 Cotton, C.N.R.S. , Orsay, France (2000) Reference: C. Amiot, J. &hellip; Continue reading \"Atlas\"","twitter_image":"http:\/\/172.24.24.16\/wp-content\/uploads\/2021\/08\/Couvert_K2.jpg","twitter_misc":{"Est. reading time":"2 minutes"},"schema":{"@context":"https:\/\/schema.org","@graph":[{"@type":"WebPage","@id":"http:\/\/www.lac.universite-paris-saclay.fr\/?page_id=3315","url":"http:\/\/www.lac.universite-paris-saclay.fr\/?page_id=3315","name":"Atlas - LAC","isPartOf":{"@id":"http:\/\/www.lac.universite-paris-saclay.fr\/#website"},"primaryImageOfPage":{"@id":"http:\/\/www.lac.universite-paris-saclay.fr\/?page_id=3315#primaryimage"},"image":{"@id":"http:\/\/www.lac.universite-paris-saclay.fr\/?page_id=3315#primaryimage"},"thumbnailUrl":"http:\/\/172.24.24.16\/wp-content\/uploads\/2021\/08\/Couvert_K2.jpg","datePublished":"2021-08-25T15:19:01+00:00","dateModified":"2022-10-05T07:59:49+00:00","breadcrumb":{"@id":"http:\/\/www.lac.universite-paris-saclay.fr\/?page_id=3315#breadcrumb"},"inLanguage":"en-US","potentialAction":[{"@type":"ReadAction","target":["http:\/\/www.lac.universite-paris-saclay.fr\/?page_id=3315"]}]},{"@type":"ImageObject","inLanguage":"en-US","@id":"http:\/\/www.lac.universite-paris-saclay.fr\/?page_id=3315#primaryimage","url":"http:\/\/172.24.24.16\/wp-content\/uploads\/2021\/08\/Couvert_K2.jpg","contentUrl":"http:\/\/172.24.24.16\/wp-content\/uploads\/2021\/08\/Couvert_K2.jpg"},{"@type":"BreadcrumbList","@id":"http:\/\/www.lac.universite-paris-saclay.fr\/?page_id=3315#breadcrumb","itemListElement":[{"@type":"ListItem","position":1,"name":"Accueil","item":"http:\/\/www.lac.universite-paris-saclay.fr\/"},{"@type":"ListItem","position":2,"name":"Atlas"}]},{"@type":"WebSite","@id":"http:\/\/www.lac.universite-paris-saclay.fr\/#website","url":"http:\/\/www.lac.universite-paris-saclay.fr\/","name":"LAC","description":"Laboratoire Aim\u00e9 Cotton","publisher":{"@id":"http:\/\/www.lac.universite-paris-saclay.fr\/#organization"},"potentialAction":[{"@type":"SearchAction","target":{"@type":"EntryPoint","urlTemplate":"http:\/\/www.lac.universite-paris-saclay.fr\/?s={search_term_string}"},"query-input":{"@type":"PropertyValueSpecification","valueRequired":true,"valueName":"search_term_string"}}],"inLanguage":"en-US"},{"@type":"Organization","@id":"http:\/\/www.lac.universite-paris-saclay.fr\/#organization","name":"LAC","url":"http:\/\/www.lac.universite-paris-saclay.fr\/","logo":{"@type":"ImageObject","inLanguage":"en-US","@id":"http:\/\/www.lac.universite-paris-saclay.fr\/#\/schema\/logo\/image\/","url":"http:\/\/www.lac.universite-paris-saclay.fr\/wp-content\/uploads\/2022\/01\/cropped-logo_LAC-240.png","contentUrl":"http:\/\/www.lac.universite-paris-saclay.fr\/wp-content\/uploads\/2022\/01\/cropped-logo_LAC-240.png","width":240,"height":76,"caption":"LAC"},"image":{"@id":"http:\/\/www.lac.universite-paris-saclay.fr\/#\/schema\/logo\/image\/"}}]}},"_links":{"self":[{"href":"http:\/\/www.lac.universite-paris-saclay.fr\/index.php?rest_route=\/wp\/v2\/pages\/3315"}],"collection":[{"href":"http:\/\/www.lac.universite-paris-saclay.fr\/index.php?rest_route=\/wp\/v2\/pages"}],"about":[{"href":"http:\/\/www.lac.universite-paris-saclay.fr\/index.php?rest_route=\/wp\/v2\/types\/page"}],"author":[{"embeddable":true,"href":"http:\/\/www.lac.universite-paris-saclay.fr\/index.php?rest_route=\/wp\/v2\/users\/1"}],"replies":[{"embeddable":true,"href":"http:\/\/www.lac.universite-paris-saclay.fr\/index.php?rest_route=%2Fwp%2Fv2%2Fcomments&post=3315"}],"version-history":[{"count":11,"href":"http:\/\/www.lac.universite-paris-saclay.fr\/index.php?rest_route=\/wp\/v2\/pages\/3315\/revisions"}],"predecessor-version":[{"id":4118,"href":"http:\/\/www.lac.universite-paris-saclay.fr\/index.php?rest_route=\/wp\/v2\/pages\/3315\/revisions\/4118"}],"wp:attachment":[{"href":"http:\/\/www.lac.universite-paris-saclay.fr\/index.php?rest_route=%2Fwp%2Fv2%2Fmedia&parent=3315"}],"curies":[{"name":"wp","href":"https:\/\/api.w.org\/{rel}","templated":true}]}}