{"id":1415,"date":"2021-07-22T12:09:44","date_gmt":"2021-07-22T10:09:44","guid":{"rendered":"http:\/\/webtest\/?page_id=1415"},"modified":"2021-08-30T18:33:26","modified_gmt":"2021-08-30T16:33:26","slug":"lactech-projets","status":"publish","type":"page","link":"http:\/\/www.lac.universite-paris-saclay.fr\/?page_id=1415","title":{"rendered":"Projets LAC Tech&#8217;"},"content":{"rendered":"<div id=\"deceBaf\"  class=\"wp-block-ultimate-post-heading ultp-block-0fe19e\"><div class=\"ultp-block-wrapper\"><div class=\"ultp-heading-wrap ultp-heading-style9 ultp-heading-left\"><h2 class=\"ultp-heading-inner\"><span>D\u00e9c\u00e9l\u00e9rateur BaF<\/span><\/h2><\/div><\/div><\/div>\n\n\n<div class=\"wp-block-columns is-layout-flex wp-container-core-columns-is-layout-1 wp-block-columns-is-layout-flex\" id=\"decBaf\">\n<div class=\"wp-block-column is-layout-flow wp-block-column-is-layout-flow\">\n<section id=\"gmddd536c\" class=\"wp-block-gutentor-m3 section-gmddd536c gutentor-module gutentor-container-cover wow slideInLeft\" data-wow-animation=\"slideInLeft\" data-wow-iteration=\"1\"><div class=\"grid-container\">\n<p style=\"font-size:19px\" align=\"justify\">L\u2019action du LAC Tech\u2019 a \u00e9t\u00e9 de concr\u00e9tiser l\u2019id\u00e9e d\u2019un d\u00e9c\u00e9l\u00e9rateur original de mol\u00e9cules (fluorure de baryum) par champ \u00e9lectrique, reposant sur le principe de capture d&#8217;un \u00e9lectron par les mol\u00e9cules lors de collision avec des atomes de Rydberg (atomes tr\u00e8s excit\u00e9s). Les simulations de l\u2019\u00e9quipe de recherche ont montr\u00e9 l\u2019importance d\u2019homog\u00e9n\u00e9it\u00e9 du champ \u00e9lectrique qu\u2019il a \u00e9t\u00e9 n\u00e9cessaire de traduire en termes de conception et r\u00e9alisation m\u00e9canique.<\/p>\n\n\n<div style=\"min-height: 285px\" class=\"ub_image_slider swiper-container wp-block-ub-image-slider\" id=\"ub_image_slider_9afd1bed-b954-4f0c-8990-e58b09153b01\" data-swiper-data='{\"speed\":300,\"spaceBetween\":20,\"slidesPerView\":1,\"loop\":true,\"pagination\":{\"el\": \".swiper-pagination\" , \"type\": \"bullets\", \"clickable\":true},\"navigation\": {\"nextEl\": \".swiper-button-next\", \"prevEl\": \".swiper-button-prev\"}, \"keyboard\": { \"enabled\": true }, \"effect\": \"slide\",\"simulateTouch\":false}'>\n            <div class=\"swiper-wrapper\"><figure class=\"swiper-slide\">\n                <img decoding=\"async\" src=\"http:\/\/www.lac.universite-paris-saclay.fr\/wp-content\/uploads\/2021\/07\/meca-demonstrateurquantique.jpg\" alt=\"\" style=\"height: 250px\">\n                <figcaption class=\"ub_image_slider_image_caption\">D\u00e9monstrateur quantique<\/figcaption>\n            <\/figure><figure class=\"swiper-slide\">\n                <img decoding=\"async\" src=\"http:\/\/www.lac.universite-paris-saclay.fr\/wp-content\/uploads\/2021\/07\/meca-chambre-onde.jpg\" alt=\"\" style=\"height: 250px\">\n                <figcaption class=\"ub_image_slider_image_caption\">Quadrup\u00f4le chambre \u00e0 ondes<\/figcaption>\n            <\/figure><figure class=\"swiper-slide\">\n                <img decoding=\"async\" src=\"http:\/\/www.lac.universite-paris-saclay.fr\/wp-content\/uploads\/2021\/07\/Paris-Saclay-UFR-Science.png\" alt=\"\" style=\"height: 250px\">\n                <figcaption class=\"ub_image_slider_image_caption\"><\/figcaption>\n            <\/figure><figure class=\"swiper-slide\">\n                <img decoding=\"async\" src=\"http:\/\/www.lac.universite-paris-saclay.fr\/wp-content\/uploads\/2021\/07\/bg_test4-scaled.jpeg\" alt=\"\" style=\"height: 250px\">\n                <figcaption class=\"ub_image_slider_image_caption\">Triangular abstract background. EPS 10 Vector illustration.<\/figcaption>\n            <\/figure><\/div>\n            <div class=\"swiper-pagination\"><\/div>\n            <div class=\"swiper-button-prev\"><\/div> <div class=\"swiper-button-next\"><\/div>\n        <\/div><\/div><\/section>\n<\/div>\n\n\n\n<div class=\"wp-block-column is-vertically-aligned-center is-layout-flow wp-block-column-is-layout-flow\">\n<section id=\"gm6e401a8\" class=\"wp-block-gutentor-m3 section-gm6e401a8 gutentor-module gutentor-container-cover wow slideInRight\" data-wow-animation=\"slideInRight\" data-wow-delay=\"0.2s\" data-wow-iteration=\"1\"><div class=\"grid-container\"><div class=\"wp-block-ultimate-post-heading ultp-block-5aff3f\"><div class=\"ultp-block-wrapper\"><div class=\"ultp-heading-wrap ultp-heading-style9 ultp-heading-center\"><h2 class=\"ultp-heading-inner\"><span>Caract\u00e9ristiques techniques<\/span><\/h2><\/div><\/div><\/div>\n\n\n<p class=\"has-text-align-center\"><strong>Demandeur: <\/strong>MFC<\/p>\n\n\n\n<hr class=\"wp-block-separator has-text-color has-background\" style=\"background-color:#949597;color:#949597\" \/>\n\n\n\n<p class=\"has-text-align-center\"><strong>Dur\u00e9e du projet:<\/strong> 9 mois<\/p>\n\n\n\n<hr class=\"wp-block-separator has-text-color has-background\" style=\"background-color:#949597;color:#949597\" \/>\n\n\n\n<p class=\"has-text-align-center\"><strong>Equipes impliqu\u00e9es:<\/strong> <br><br>&#8211; Bureau d&#8217;Etudes &amp; Impression 3D<br>&#8211; Prototype &amp; M\u00e9canique<\/p>\n<\/div><\/section>\n<\/div>\n<\/div>\n\n\n<div style=\"gap: 20px;\" class=\"align-button-center ub-buttons orientation-button-row ub-flex-wrap wp-block-ub-button\" id=\"ub-button-0fb3779e-79d9-4092-8c09-d28009c66c4f\"><div class=\"ub-button-container\">\n\t\t\t<a href=\"?page_id=976\" target=\"_self\" rel=\"nofollow\" class=\"ub-button-block-main  \" role=\"button\" style=\"--ub-button-background-color: transparent; --ub-button-color: #7797b1; --ub-button-border: 3px solid #7797b1; --ub-button-hover-color: #2e5473; --ub-button-hover-border: 3px solid #2e5473; padding-top: 10px; padding-right: 10px; padding-bottom: 10px; padding-left: 10px; border-radius: 60px; \">\n\t\t\t\t<div class=\"ub-button-content-holder\" style=\"flex-direction: row\">\n\t\t\t\t\t<span class=\"ub-button-block-btn\">Retour<\/span>\n\t\t\t\t<\/div>\n\t\t\t<\/a>\n\t\t<\/div><\/div>\n\n\n<div style=\"height:99px\" aria-hidden=\"true\" class=\"wp-block-spacer\"><\/div>\n\n\n<div  class=\"wp-block-ultimate-post-heading ultp-block-0d6c82\"><div class=\"ultp-block-wrapper\"><div class=\"ultp-heading-wrap ultp-heading-style9 ultp-heading-right\"><h2 class=\"ultp-heading-inner\"><span>Laser LASANTI<\/span><\/h2><\/div><\/div><\/div>\n\n\n<div class=\"wp-block-columns is-layout-flex wp-container-core-columns-is-layout-2 wp-block-columns-is-layout-flex\">\n<div class=\"wp-block-column is-layout-flow wp-block-column-is-layout-flow\">\n<section id=\"gm1bd9b27\" class=\"wp-block-gutentor-m3 section-gm1bd9b27 gutentor-module gutentor-container-cover wow slideInLeft\" data-wow-animation=\"slideInLeft\" data-wow-iteration=\"1\"><div class=\"grid-container\">\n<p style=\"font-size:19px\" align=\"justify\">D\u00e9veloppement d\u2019un laser puls\u00e9 nanoseconde dans le cadre d\u2019une\ncollaboration avec le CERN dans le but de produire de l\u2019anti hydrog\u00e8ne. Il s\u2019agit d\u2019un laser\noriginal sans \u00e9quivalent commercial g\u00e9n\u00e9rant des impulsions de 40 ns \u00e0 10Hz, intenses\n(quelques mJ) et spectralement fines (environ 50MHz pour compatibilit\u00e9 avec l\u2019effet Doppler\ndu second ordre des transitions de l\u2019hydrog\u00e8ne ou de positronium). La longueur d\u2019onde est\naccordable entre 720 et 730 nm (transition 2s\u2192nl de l\u2019an hydrog\u00e8ne). En effet une fois doubl\u00e9\nen fr\u00e9quence entre 360\u2010365nm il permettra l\u2019excitation \u00e0 deux photons sans effet Doppler (du\npremier ordre) du Positronium via la transition 1s\u2192nl. Les longueurs d\u2019ondes sont contr\u00f4l\u00e9es\npar un lambdam\u00e8tre ext\u00e9rieur et par un asservissement num\u00e9rique se calant sur un maximum\nde transmission de la cavit\u00e9 laser.<\/p>\n\n\n<div style=\"min-height: 285px\" class=\"ub_image_slider swiper-container wp-block-ub-image-slider\" id=\"ub_image_slider_a6874b84-f2c2-4938-9954-405ab0319ff0\" data-swiper-data='{\"speed\":300,\"spaceBetween\":20,\"slidesPerView\":1,\"loop\":true,\"pagination\":{\"el\": \".swiper-pagination\" , \"type\": \"bullets\", \"clickable\":true},\"navigation\": {\"nextEl\": \".swiper-button-next\", \"prevEl\": \".swiper-button-prev\"}, \"keyboard\": { \"enabled\": true }, \"effect\": \"slide\",\"simulateTouch\":false}'>\n            <div class=\"swiper-wrapper\"><figure class=\"swiper-slide\">\n                <img decoding=\"async\" src=\"http:\/\/www.lac.universite-paris-saclay.fr\/wp-content\/uploads\/2021\/07\/meca-demonstrateurquantique.jpg\" alt=\"\" style=\"height: 250px\">\n                <figcaption class=\"ub_image_slider_image_caption\">D\u00e9monstrateur quantique<\/figcaption>\n            <\/figure><figure class=\"swiper-slide\">\n                <img decoding=\"async\" src=\"http:\/\/www.lac.universite-paris-saclay.fr\/wp-content\/uploads\/2021\/07\/meca-chambre-onde.jpg\" alt=\"\" style=\"height: 250px\">\n                <figcaption class=\"ub_image_slider_image_caption\">Quadrup\u00f4le chambre \u00e0 ondes<\/figcaption>\n            <\/figure><figure class=\"swiper-slide\">\n                <img decoding=\"async\" src=\"http:\/\/www.lac.universite-paris-saclay.fr\/wp-content\/uploads\/2021\/07\/Paris-Saclay-UFR-Science.png\" alt=\"\" style=\"height: 250px\">\n                <figcaption class=\"ub_image_slider_image_caption\"><\/figcaption>\n            <\/figure><figure class=\"swiper-slide\">\n                <img decoding=\"async\" src=\"http:\/\/www.lac.universite-paris-saclay.fr\/wp-content\/uploads\/2021\/07\/bg_test4-scaled.jpeg\" alt=\"\" style=\"height: 250px\">\n                <figcaption class=\"ub_image_slider_image_caption\">Triangular abstract background. EPS 10 Vector illustration.<\/figcaption>\n            <\/figure><\/div>\n            <div class=\"swiper-pagination\"><\/div>\n            <div class=\"swiper-button-prev\"><\/div> <div class=\"swiper-button-next\"><\/div>\n        <\/div><\/div><\/section>\n<\/div>\n\n\n\n<div class=\"wp-block-column is-vertically-aligned-center is-layout-flow wp-block-column-is-layout-flow\">\n<section id=\"gm830920f\" class=\"wp-block-gutentor-m3 section-gm830920f gutentor-module gutentor-container-cover wow slideInRight\" data-wow-animation=\"slideInRight\" data-wow-delay=\"0.2s\" data-wow-iteration=\"1\"><div class=\"grid-container\"><div class=\"wp-block-ultimate-post-heading ultp-block-805210\"><div class=\"ultp-block-wrapper\"><div class=\"ultp-heading-wrap ultp-heading-style9 ultp-heading-center\"><h2 class=\"ultp-heading-inner\"><span>Caract\u00e9ristiques techniques<\/span><\/h2><\/div><\/div><\/div>\n\n\n<p class=\"has-text-align-center\"><strong>Demandeur: <\/strong>Nano-Optique<\/p>\n\n\n\n<hr class=\"wp-block-separator has-text-color has-background\" style=\"background-color:#949597;color:#949597\" \/>\n\n\n\n<p class=\"has-text-align-center\"><strong>Dur\u00e9e du projet:<\/strong> 3 mois<\/p>\n\n\n\n<hr class=\"wp-block-separator has-text-color has-background\" style=\"background-color:#949597;color:#949597\" \/>\n\n\n\n<p class=\"has-text-align-center\"><strong>Equipes impliqu\u00e9es:<\/strong> <br><br>&#8211; Bureau d&#8217;Etudes &amp; Impression 3D<br>&#8211; Prototype &amp; M\u00e9canique<br>&#8211; Optique &amp; LASER<br>&#8211; Electronique &amp; Syt\u00e8me<\/p>\n<\/div><\/section>\n<\/div>\n<\/div>\n\n\n<div style=\"gap: 20px;\" class=\"align-button-center ub-buttons orientation-button-row ub-flex-wrap wp-block-ub-button\" id=\"ub-button-ef317e48-5ef8-40e6-acb9-40f554e14ce1\"><div class=\"ub-button-container\">\n\t\t\t<a href=\"?page_id=976\" target=\"_self\" rel=\"nofollow\" class=\"ub-button-block-main  \" role=\"button\" style=\"--ub-button-background-color: transparent; --ub-button-color: #7797b1; --ub-button-border: 3px solid #7797b1; --ub-button-hover-color: #2e5473; --ub-button-hover-border: 3px solid #2e5473; padding-top: 10px; padding-right: 10px; padding-bottom: 10px; padding-left: 10px; border-radius: 60px; \">\n\t\t\t\t<div class=\"ub-button-content-holder\" style=\"flex-direction: row\">\n\t\t\t\t\t<span class=\"ub-button-block-btn\">Retour<\/span>\n\t\t\t\t<\/div>\n\t\t\t<\/a>\n\t\t<\/div><\/div>\n\n\n<div style=\"height:99px\" aria-hidden=\"true\" class=\"wp-block-spacer\"><\/div>\n\n\n<div  class=\"wp-block-ultimate-post-heading ultp-block-95577d\"><div class=\"ultp-block-wrapper\"><div class=\"ultp-heading-wrap ultp-heading-style9 ultp-heading-right\"><h2 class=\"ultp-heading-inner\"><span>Capteurs LIDAR<\/span><\/h2><\/div><\/div><\/div>\n\n<div  class=\"wp-block-ultimate-post-heading ultp-block-673069\"><div class=\"ultp-block-wrapper\"><div class=\"ultp-heading-wrap ultp-heading-style9 ultp-heading-left\"><h2 class=\"ultp-heading-inner\"><span>Coffret Chauffant VortexMix<\/span><\/h2><\/div><\/div><\/div>\n\n<div  class=\"wp-block-ultimate-post-heading ultp-block-d10385\"><div class=\"ultp-block-wrapper\"><div class=\"ultp-heading-wrap ultp-heading-style9 ultp-heading-right\"><h2 class=\"ultp-heading-inner\"><span>Laser 510<\/span><\/h2><\/div><\/div><\/div>\n\n<div  class=\"wp-block-ultimate-post-heading ultp-block-01002e\"><div class=\"ultp-block-wrapper\"><div class=\"ultp-heading-wrap ultp-heading-style9 ultp-heading-left\"><h2 class=\"ultp-heading-inner\"><span>HREELM: am\u00e9nagement enceinte<\/span><\/h2><\/div><\/div><\/div>\n\n<div  class=\"wp-block-ultimate-post-heading ultp-block-6a58c1\"><div class=\"ultp-block-wrapper\"><div class=\"ultp-heading-wrap ultp-heading-style9 ultp-heading-right\"><h2 class=\"ultp-heading-inner\"><span>D\u00e9positron: ch\u00e2ssis modulaires<\/span><\/h2><\/div><\/div><\/div>\n\n<div id=\"InsonoPompe\"  class=\"wp-block-ultimate-post-heading ultp-block-929569\"><div class=\"ultp-block-wrapper\"><div class=\"ultp-heading-wrap ultp-heading-style9 ultp-heading-left\"><h2 class=\"ultp-heading-inner\"><span>Insonorisation pompes \u00e0 vide<\/span><\/h2><\/div><\/div><\/div>\n\n\n<div class=\"wp-block-columns is-layout-flex wp-container-core-columns-is-layout-3 wp-block-columns-is-layout-flex\">\n<div class=\"wp-block-column is-layout-flow wp-block-column-is-layout-flow\">\n<section id=\"gm5afecee\" class=\"wp-block-gutentor-m3 section-gm5afecee gutentor-module gutentor-container-cover wow slideInLeft\" data-wow-animation=\"slideInLeft\" data-wow-iteration=\"1\"><div class=\"grid-container\">\n<p style=\"font-size:19px\" align=\"justify\"><\/p>\n\n\n<div style=\"min-height: 285px\" class=\"ub_image_slider swiper-container wp-block-ub-image-slider\" id=\"ub_image_slider_bce56f5a-4a08-479c-9fd3-67ddeac216d8\" data-swiper-data='{\"speed\":300,\"spaceBetween\":20,\"slidesPerView\":1,\"loop\":true,\"pagination\":{\"el\": \".swiper-pagination\" , \"type\": \"bullets\", \"clickable\":true},\"navigation\": {\"nextEl\": \".swiper-button-next\", \"prevEl\": \".swiper-button-prev\"}, \"keyboard\": { \"enabled\": true }, \"effect\": \"slide\",\"simulateTouch\":false}'>\n            <div class=\"swiper-wrapper\"><figure class=\"swiper-slide\">\n                <img decoding=\"async\" src=\"http:\/\/172.24.24.16\/wp-content\/uploads\/2021\/07\/coffretinsonorisation-e1627037257472.png\" alt=\"\" style=\"height: 250px\">\n                <figcaption class=\"ub_image_slider_image_caption\"><\/figcaption>\n            <\/figure><\/div>\n            <div class=\"swiper-pagination\"><\/div>\n            <div class=\"swiper-button-prev\"><\/div> <div class=\"swiper-button-next\"><\/div>\n        <\/div><\/div><\/section>\n<\/div>\n\n\n\n<div class=\"wp-block-column is-vertically-aligned-center is-layout-flow wp-block-column-is-layout-flow\">\n<section id=\"gmaae8d99\" class=\"wp-block-gutentor-m3 section-gmaae8d99 gutentor-module gutentor-container-cover wow slideInRight\" data-wow-animation=\"slideInRight\" data-wow-delay=\"0.2s\" data-wow-iteration=\"1\"><div class=\"grid-container\"><div class=\"wp-block-ultimate-post-heading ultp-block-f5bc50\"><div class=\"ultp-block-wrapper\"><div class=\"ultp-heading-wrap ultp-heading-style9 ultp-heading-center\"><h2 class=\"ultp-heading-inner\"><span>Caract\u00e9ristiques techniques<\/span><\/h2><\/div><\/div><\/div>\n\n\n<p class=\"has-text-align-center\"><strong>Demandeur: <\/strong><\/p>\n\n\n\n<hr class=\"wp-block-separator has-text-color has-background\" style=\"background-color:#949597;color:#949597\" \/>\n\n\n\n<p class=\"has-text-align-center\"><strong>Dur\u00e9e du projet:<\/strong><\/p>\n\n\n\n<hr class=\"wp-block-separator has-text-color has-background\" style=\"background-color:#949597;color:#949597\" \/>\n\n\n\n<p class=\"has-text-align-center\"><strong>Equipes impliqu\u00e9es:<\/strong> <br><\/p>\n<\/div><\/section>\n<\/div>\n<\/div>\n\n\n<div style=\"gap: 20px;\" class=\"align-button-center ub-buttons orientation-button-row ub-flex-wrap wp-block-ub-button\" id=\"ub-button-92cce3a4-45a8-4cbf-8419-0a520b0696c9\"><div class=\"ub-button-container\">\n\t\t\t<a href=\"?page_id=976\" target=\"_self\" rel=\"nofollow\" class=\"ub-button-block-main  \" role=\"button\" style=\"--ub-button-background-color: transparent; --ub-button-color: #7797b1; --ub-button-border: 3px solid #7797b1; --ub-button-hover-color: #2e5473; --ub-button-hover-border: 3px solid #2e5473; padding-top: 10px; padding-right: 10px; padding-bottom: 10px; padding-left: 10px; border-radius: 60px; \">\n\t\t\t\t<div class=\"ub-button-content-holder\" style=\"flex-direction: row\">\n\t\t\t\t\t<span class=\"ub-button-block-btn\">Retour<\/span>\n\t\t\t\t<\/div>\n\t\t\t<\/a>\n\t\t<\/div><\/div>\n\n<div  class=\"wp-block-ultimate-post-heading ultp-block-9cecc9\"><div class=\"ultp-block-wrapper\"><div class=\"ultp-heading-wrap ultp-heading-style9 ultp-heading-right\"><h2 class=\"ultp-heading-inner\"><span>EDM: am\u00e9nagement enceinte<\/span><\/h2><\/div><\/div><\/div>\n\n\n<hr class=\"wp-block-separator\"\/>\n\n\n<div  class=\"wp-block-ultimate-post-heading ultp-block-2c4dd3\"><div class=\"ultp-block-wrapper\"><div class=\"ultp-heading-wrap ultp-heading-style9 ultp-heading-right\"><h2 class=\"ultp-heading-inner\"><span>Exp\u00e9rience SDRS<\/span><\/h2><\/div><\/div><\/div>\n\n<div  class=\"wp-block-ultimate-post-heading ultp-block-fad62e\"><div class=\"ultp-block-wrapper\"><div class=\"ultp-heading-wrap ultp-heading-style9 ultp-heading-left\"><h2 class=\"ultp-heading-inner\"><span>Adaptation table optique<\/span><\/h2><\/div><\/div><\/div>\n\n<div  class=\"wp-block-ultimate-post-heading ultp-block-aa3697\"><div class=\"ultp-block-wrapper\"><div class=\"ultp-heading-wrap ultp-heading-style9 ultp-heading-right\"><h2 class=\"ultp-heading-inner\"><span>Four C\u00e9sium<\/span><\/h2><\/div><\/div><\/div>","protected":false},"excerpt":{"rendered":"","protected":false},"author":1,"featured_media":1466,"parent":0,"menu_order":0,"comment_status":"closed","ping_status":"closed","template":"","meta":{"footnotes":""},"class_list":["post-1415","page","type-page","status-publish","has-post-thumbnail","hentry"],"featured_image_src":"http:\/\/www.lac.universite-paris-saclay.fr\/wp-content\/uploads\/2021\/07\/portecapillaire.jpg","yoast_head":"<!-- This site is optimized with the Yoast SEO plugin v25.6 - https:\/\/yoast.com\/wordpress\/plugins\/seo\/ -->\n<title>Projets LAC Tech&#039; - LAC<\/title>\n<meta name=\"robots\" content=\"index, follow, max-snippet:-1, max-image-preview:large, max-video-preview:-1\" \/>\n<link rel=\"canonical\" href=\"http:\/\/www.lac.universite-paris-saclay.fr\/?page_id=1415\" \/>\n<meta name=\"twitter:card\" content=\"summary_large_image\" \/>\n<meta name=\"twitter:title\" content=\"Projets LAC Tech&#039; - LAC\" \/>\n<meta name=\"twitter:image\" content=\"http:\/\/www.lac.universite-paris-saclay.fr\/wp-content\/uploads\/2021\/07\/portecapillaire.jpg\" \/>\n<meta name=\"twitter:label1\" content=\"Est. reading time\" \/>\n\t<meta name=\"twitter:data1\" content=\"1 minute\" \/>\n<script type=\"application\/ld+json\" class=\"yoast-schema-graph\">{\"@context\":\"https:\/\/schema.org\",\"@graph\":[{\"@type\":\"WebPage\",\"@id\":\"http:\/\/www.lac.universite-paris-saclay.fr\/?page_id=1415\",\"url\":\"http:\/\/www.lac.universite-paris-saclay.fr\/?page_id=1415\",\"name\":\"Projets LAC Tech' - LAC\",\"isPartOf\":{\"@id\":\"http:\/\/www.lac.universite-paris-saclay.fr\/#website\"},\"primaryImageOfPage\":{\"@id\":\"http:\/\/www.lac.universite-paris-saclay.fr\/?page_id=1415#primaryimage\"},\"image\":{\"@id\":\"http:\/\/www.lac.universite-paris-saclay.fr\/?page_id=1415#primaryimage\"},\"thumbnailUrl\":\"http:\/\/www.lac.universite-paris-saclay.fr\/wp-content\/uploads\/2021\/07\/portecapillaire.jpg\",\"datePublished\":\"2021-07-22T10:09:44+00:00\",\"dateModified\":\"2021-08-30T16:33:26+00:00\",\"breadcrumb\":{\"@id\":\"http:\/\/www.lac.universite-paris-saclay.fr\/?page_id=1415#breadcrumb\"},\"inLanguage\":\"en-US\",\"potentialAction\":[{\"@type\":\"ReadAction\",\"target\":[\"http:\/\/www.lac.universite-paris-saclay.fr\/?page_id=1415\"]}]},{\"@type\":\"ImageObject\",\"inLanguage\":\"en-US\",\"@id\":\"http:\/\/www.lac.universite-paris-saclay.fr\/?page_id=1415#primaryimage\",\"url\":\"http:\/\/www.lac.universite-paris-saclay.fr\/wp-content\/uploads\/2021\/07\/portecapillaire.jpg\",\"contentUrl\":\"http:\/\/www.lac.universite-paris-saclay.fr\/wp-content\/uploads\/2021\/07\/portecapillaire.jpg\",\"width\":1027,\"height\":770},{\"@type\":\"BreadcrumbList\",\"@id\":\"http:\/\/www.lac.universite-paris-saclay.fr\/?page_id=1415#breadcrumb\",\"itemListElement\":[{\"@type\":\"ListItem\",\"position\":1,\"name\":\"Accueil\",\"item\":\"http:\/\/www.lac.universite-paris-saclay.fr\/\"},{\"@type\":\"ListItem\",\"position\":2,\"name\":\"Projets LAC Tech&#8217;\"}]},{\"@type\":\"WebSite\",\"@id\":\"http:\/\/www.lac.universite-paris-saclay.fr\/#website\",\"url\":\"http:\/\/www.lac.universite-paris-saclay.fr\/\",\"name\":\"LAC\",\"description\":\"Laboratoire Aim\u00e9 Cotton\",\"publisher\":{\"@id\":\"http:\/\/www.lac.universite-paris-saclay.fr\/#organization\"},\"potentialAction\":[{\"@type\":\"SearchAction\",\"target\":{\"@type\":\"EntryPoint\",\"urlTemplate\":\"http:\/\/www.lac.universite-paris-saclay.fr\/?s={search_term_string}\"},\"query-input\":{\"@type\":\"PropertyValueSpecification\",\"valueRequired\":true,\"valueName\":\"search_term_string\"}}],\"inLanguage\":\"en-US\"},{\"@type\":\"Organization\",\"@id\":\"http:\/\/www.lac.universite-paris-saclay.fr\/#organization\",\"name\":\"LAC\",\"url\":\"http:\/\/www.lac.universite-paris-saclay.fr\/\",\"logo\":{\"@type\":\"ImageObject\",\"inLanguage\":\"en-US\",\"@id\":\"http:\/\/www.lac.universite-paris-saclay.fr\/#\/schema\/logo\/image\/\",\"url\":\"http:\/\/www.lac.universite-paris-saclay.fr\/wp-content\/uploads\/2022\/01\/cropped-logo_LAC-240.png\",\"contentUrl\":\"http:\/\/www.lac.universite-paris-saclay.fr\/wp-content\/uploads\/2022\/01\/cropped-logo_LAC-240.png\",\"width\":240,\"height\":76,\"caption\":\"LAC\"},\"image\":{\"@id\":\"http:\/\/www.lac.universite-paris-saclay.fr\/#\/schema\/logo\/image\/\"}}]}<\/script>\n<!-- \/ Yoast SEO plugin. -->","yoast_head_json":{"title":"Projets LAC Tech' - LAC","robots":{"index":"index","follow":"follow","max-snippet":"max-snippet:-1","max-image-preview":"max-image-preview:large","max-video-preview":"max-video-preview:-1"},"canonical":"http:\/\/www.lac.universite-paris-saclay.fr\/?page_id=1415","twitter_card":"summary_large_image","twitter_title":"Projets LAC Tech' - LAC","twitter_image":"http:\/\/www.lac.universite-paris-saclay.fr\/wp-content\/uploads\/2021\/07\/portecapillaire.jpg","twitter_misc":{"Est. reading time":"1 minute"},"schema":{"@context":"https:\/\/schema.org","@graph":[{"@type":"WebPage","@id":"http:\/\/www.lac.universite-paris-saclay.fr\/?page_id=1415","url":"http:\/\/www.lac.universite-paris-saclay.fr\/?page_id=1415","name":"Projets LAC Tech' - LAC","isPartOf":{"@id":"http:\/\/www.lac.universite-paris-saclay.fr\/#website"},"primaryImageOfPage":{"@id":"http:\/\/www.lac.universite-paris-saclay.fr\/?page_id=1415#primaryimage"},"image":{"@id":"http:\/\/www.lac.universite-paris-saclay.fr\/?page_id=1415#primaryimage"},"thumbnailUrl":"http:\/\/www.lac.universite-paris-saclay.fr\/wp-content\/uploads\/2021\/07\/portecapillaire.jpg","datePublished":"2021-07-22T10:09:44+00:00","dateModified":"2021-08-30T16:33:26+00:00","breadcrumb":{"@id":"http:\/\/www.lac.universite-paris-saclay.fr\/?page_id=1415#breadcrumb"},"inLanguage":"en-US","potentialAction":[{"@type":"ReadAction","target":["http:\/\/www.lac.universite-paris-saclay.fr\/?page_id=1415"]}]},{"@type":"ImageObject","inLanguage":"en-US","@id":"http:\/\/www.lac.universite-paris-saclay.fr\/?page_id=1415#primaryimage","url":"http:\/\/www.lac.universite-paris-saclay.fr\/wp-content\/uploads\/2021\/07\/portecapillaire.jpg","contentUrl":"http:\/\/www.lac.universite-paris-saclay.fr\/wp-content\/uploads\/2021\/07\/portecapillaire.jpg","width":1027,"height":770},{"@type":"BreadcrumbList","@id":"http:\/\/www.lac.universite-paris-saclay.fr\/?page_id=1415#breadcrumb","itemListElement":[{"@type":"ListItem","position":1,"name":"Accueil","item":"http:\/\/www.lac.universite-paris-saclay.fr\/"},{"@type":"ListItem","position":2,"name":"Projets LAC Tech&#8217;"}]},{"@type":"WebSite","@id":"http:\/\/www.lac.universite-paris-saclay.fr\/#website","url":"http:\/\/www.lac.universite-paris-saclay.fr\/","name":"LAC","description":"Laboratoire Aim\u00e9 Cotton","publisher":{"@id":"http:\/\/www.lac.universite-paris-saclay.fr\/#organization"},"potentialAction":[{"@type":"SearchAction","target":{"@type":"EntryPoint","urlTemplate":"http:\/\/www.lac.universite-paris-saclay.fr\/?s={search_term_string}"},"query-input":{"@type":"PropertyValueSpecification","valueRequired":true,"valueName":"search_term_string"}}],"inLanguage":"en-US"},{"@type":"Organization","@id":"http:\/\/www.lac.universite-paris-saclay.fr\/#organization","name":"LAC","url":"http:\/\/www.lac.universite-paris-saclay.fr\/","logo":{"@type":"ImageObject","inLanguage":"en-US","@id":"http:\/\/www.lac.universite-paris-saclay.fr\/#\/schema\/logo\/image\/","url":"http:\/\/www.lac.universite-paris-saclay.fr\/wp-content\/uploads\/2022\/01\/cropped-logo_LAC-240.png","contentUrl":"http:\/\/www.lac.universite-paris-saclay.fr\/wp-content\/uploads\/2022\/01\/cropped-logo_LAC-240.png","width":240,"height":76,"caption":"LAC"},"image":{"@id":"http:\/\/www.lac.universite-paris-saclay.fr\/#\/schema\/logo\/image\/"}}]}},"_links":{"self":[{"href":"http:\/\/www.lac.universite-paris-saclay.fr\/index.php?rest_route=\/wp\/v2\/pages\/1415"}],"collection":[{"href":"http:\/\/www.lac.universite-paris-saclay.fr\/index.php?rest_route=\/wp\/v2\/pages"}],"about":[{"href":"http:\/\/www.lac.universite-paris-saclay.fr\/index.php?rest_route=\/wp\/v2\/types\/page"}],"author":[{"embeddable":true,"href":"http:\/\/www.lac.universite-paris-saclay.fr\/index.php?rest_route=\/wp\/v2\/users\/1"}],"replies":[{"embeddable":true,"href":"http:\/\/www.lac.universite-paris-saclay.fr\/index.php?rest_route=%2Fwp%2Fv2%2Fcomments&post=1415"}],"version-history":[{"count":17,"href":"http:\/\/www.lac.universite-paris-saclay.fr\/index.php?rest_route=\/wp\/v2\/pages\/1415\/revisions"}],"predecessor-version":[{"id":3736,"href":"http:\/\/www.lac.universite-paris-saclay.fr\/index.php?rest_route=\/wp\/v2\/pages\/1415\/revisions\/3736"}],"wp:featuredmedia":[{"embeddable":true,"href":"http:\/\/www.lac.universite-paris-saclay.fr\/index.php?rest_route=\/wp\/v2\/media\/1466"}],"wp:attachment":[{"href":"http:\/\/www.lac.universite-paris-saclay.fr\/index.php?rest_route=%2Fwp%2Fv2%2Fmedia&parent=1415"}],"curies":[{"name":"wp","href":"https:\/\/api.w.org\/{rel}","templated":true}]}}