{"id":1187,"date":"2021-07-16T10:28:31","date_gmt":"2021-07-16T08:28:31","guid":{"rendered":"http:\/\/127.0.0.1\/?page_id=1187"},"modified":"2021-08-25T17:02:28","modified_gmt":"2021-08-25T15:02:28","slug":"nano3-sante","status":"publish","type":"page","link":"http:\/\/www.lac.universite-paris-saclay.fr\/?page_id=1187","title":{"rendered":"Nano\u00b3 Sant\u00e9"},"content":{"rendered":"<div  class=\"wp-block-ultimate-post-heading ultp-block-7438a8\"><div class=\"ultp-block-wrapper\"><div class=\"ultp-heading-wrap ultp-heading-style9 ultp-heading-center\"><h2 class=\"ultp-heading-inner\"><span>Nano\u00b3 Sant\u00e9<\/span><\/h2><\/div><\/div><\/div>\n\n<div class=\"wp-block-ub-tabbed-content wp-block-ub-tabbed-content-underline wp-block-ub-tabbed-content-holder wp-block-ub-tabbed-content-horizontal-holder-mobile wp-block-ub-tabbed-content-horizontal-holder-tablet\" id=\"ub-tabbed-content-cd49b962-1db0-4efe-b738-10f3650d2cbf\" style=\"\">\n\t\t\t<div class=\"wp-block-ub-tabbed-content-tab-holder horizontal-tab-width-mobile horizontal-tab-width-tablet\">\n\t\t\t\t<div role=\"tablist\" class=\"wp-block-ub-tabbed-content-tabs-title wp-block-ub-tabbed-content-tabs-title-mobile-horizontal-tab wp-block-ub-tabbed-content-tabs-title-tablet-horizontal-tab\" style=\"justify-content: flex-start; \"><div role=\"tab\" id=\"ub-tabbed-content-cd49b962-1db0-4efe-b738-10f3650d2cbf-tab-0\" aria-controls=\"ub-tabbed-content-cd49b962-1db0-4efe-b738-10f3650d2cbf-panel-0\" aria-selected=\"true\" class=\"wp-block-ub-tabbed-content-tab-title-wrap active\" style=\"--ub-tabbed-title-background-color: inherit; --ub-tabbed-active-title-color: inherit; --ub-tabbed-active-title-background-color: inherit; text-align: center; \" tabindex=\"-1\">\n\t\t\t\t<div class=\"wp-block-ub-tabbed-content-tab-title\">Description<\/div>\n\t\t\t<\/div><div role=\"tab\" id=\"ub-tabbed-content-cd49b962-1db0-4efe-b738-10f3650d2cbf-tab-1\" aria-controls=\"ub-tabbed-content-cd49b962-1db0-4efe-b738-10f3650d2cbf-panel-1\" aria-selected=\"false\" class=\"wp-block-ub-tabbed-content-tab-title-wrap\" style=\"--ub-tabbed-title-background-color: inherit; --ub-tabbed-active-title-color: inherit; --ub-tabbed-active-title-background-color: inherit; text-align: center; \" tabindex=\"-1\">\n\t\t\t\t<div class=\"wp-block-ub-tabbed-content-tab-title\">Membres<\/div>\n\t\t\t<\/div><\/div>\n\t\t\t<\/div>\n\t\t\t<div class=\"wp-block-ub-tabbed-content-tabs-content\" style=\"\"><div role=\"tabpanel\" class=\"wp-block-ub-tabbed-content-tab-content-wrap active\" id=\"ub-tabbed-content-cd49b962-1db0-4efe-b738-10f3650d2cbf-panel-0\" aria-labelledby=\"ub-tabbed-content-cd49b962-1db0-4efe-b738-10f3650d2cbf-tab-0\" tabindex=\"0\">\n\n<div style=\"font-size:19px\" align=\"justify\"><p><img loading=\"lazy\" decoding=\"async\" class=\"alignnone\" style=\"float: left; padding-right: 20px;\" src=\"\/wp-content\/uploads\/2021\/07\/Nano3_Sante2-1200x800.jpg\" alt=\"alt text\" width=\"600\" height=\"400\">Pour mettre en oeuvre cette op\u00e9ration de recherche, centr\u00e9e sur les probl\u00e9matiques de sant\u00e9, l\u2019\u00e9quipe a entrepris une d\u00e9marche intensive de collaboration avec plusieurs partenaires ext\u00e9rieurs, acad\u00e9miques et industriels, permettant ainsi d\u2019allier l\u2019expertise en physique pr\u00e9sente au laboratoire avec celles en biologie et chimie pr\u00e9sentes dans des laboratoires sp\u00e9cialis\u00e9s. L&#8217;objectif de ces collaborations multidisciplinaire, reste d&#8217;\u00e9tudier l&#8217;interaction entre un sujet biologique (bact\u00e9rie, virus, cellule, &#8230;) et des objets physiques (ions, nanoparticules\u00a0, nanostructures,&#8230; ).<br><br>\nNotre contribution porte sur l\u2019analyse de la cytotoxicit\u00e9, des propri\u00e9t\u00e9s d\u2019adh\u00e9sion bact\u00e9rienne et virale, de diffusion, nucl\u00e9ation et croissance, induite \u00e9galement par les m\u00e9canismes de d\u00e9fense cellulaire. Nous nous occupons \u00e9galement de la caract\u00e9risation de l\u2019interaction par microscopies \u00e9lectroniques et champ proche et par spectroscopie.\nNous \u00e9tudions ainsi, les propri\u00e9t\u00e9s bact\u00e9ricides de l\u2019argent sur des bact\u00e9ries mod\u00e8les (avec I2BC), la production de films nanostructur\u00e9s anti\u2010prolif\u00e9ration bact\u00e9rienne et virale (avec LifeSearch), le pi\u00e9geage de virions pour r\u00e9duire la charge virale (avec Inserm) et la synth\u00e8se d\u2019une nouvelle famille de nano\u2010porteurs Ag@Si-NCs, permettant de transporter vers la cible bact\u00e9rienne des antibiotiques classiques (avec Lisbonne et Vigo, projet FCT).<\/p><\/div>\n\n<\/div><div role=\"tabpanel\" class=\"wp-block-ub-tabbed-content-tab-content-wrap ub-hide\" id=\"ub-tabbed-content-cd49b962-1db0-4efe-b738-10f3650d2cbf-panel-1\" aria-labelledby=\"ub-tabbed-content-cd49b962-1db0-4efe-b738-10f3650d2cbf-tab-1\" tabindex=\"0\">\n\n<ul class=\"wp-block-list\"><li><strong>Nouari KEBA\u00cfLI<\/strong><br><a href=\"mailto:nouari.kebaili@universite-paris-saclay.fr\">nouari.kebaili@universite-paris-saclay.fr<\/a><br><br><\/li><li>Reem TAMBOSI<br><a href=\"mailto:reem.tambosi@universite-paris-saclay.fr\">reem.tambosi@universite-paris-saclay.fr<\/a><\/li><\/ul>\n\n<\/div><\/div>\n\t\t<\/div>\n\n<div style=\"gap: 20px;\" class=\"align-button-center ub-buttons orientation-button-row ub-flex-wrap wp-block-ub-button\" id=\"ub-button-8147c7d4-27d8-4bb5-ba19-1a724cc1868a\"><div class=\"ub-button-container\">\n\t\t\t<a href=\"?page_id=783\" target=\"_self\" rel=\"nofollow\" class=\"ub-button-block-main  \" role=\"button\" style=\"--ub-button-background-color: transparent; --ub-button-color: #7797b1; --ub-button-border: 3px solid #7797b1; --ub-button-hover-color: #2e5473; --ub-button-hover-border: 3px solid #2e5473; padding-top: 10px; padding-right: 10px; padding-bottom: 10px; padding-left: 10px; border-radius: 60px; \">\n\t\t\t\t<div class=\"ub-button-content-holder\" style=\"flex-direction: row\">\n\t\t\t\t\t<span class=\"ub-button-block-btn\">Retour<\/span>\n\t\t\t\t<\/div>\n\t\t\t<\/a>\n\t\t<\/div><\/div>","protected":false},"excerpt":{"rendered":"","protected":false},"author":1,"featured_media":1841,"parent":0,"menu_order":0,"comment_status":"closed","ping_status":"closed","template":"","meta":{"footnotes":""},"class_list":["post-1187","page","type-page","status-publish","has-post-thumbnail","hentry"],"featured_image_src":"http:\/\/www.lac.universite-paris-saclay.fr\/wp-content\/uploads\/2021\/07\/Nano3_Sante2-scaled.jpg","yoast_head":"<!-- This site is optimized with the Yoast SEO plugin v25.6 - https:\/\/yoast.com\/wordpress\/plugins\/seo\/ -->\n<title>Nano\u00b3 Sant\u00e9 - LAC<\/title>\n<meta name=\"robots\" content=\"index, follow, max-snippet:-1, max-image-preview:large, max-video-preview:-1\" \/>\n<link rel=\"canonical\" href=\"http:\/\/www.lac.universite-paris-saclay.fr\/?page_id=1187\" \/>\n<meta name=\"twitter:card\" content=\"summary_large_image\" \/>\n<meta name=\"twitter:title\" content=\"Nano\u00b3 Sant\u00e9 - LAC\" \/>\n<meta name=\"twitter:image\" content=\"http:\/\/www.lac.universite-paris-saclay.fr\/wp-content\/uploads\/2021\/07\/Nano3_Sante2-scaled.jpg\" \/>\n<meta name=\"twitter:label1\" content=\"Est. reading time\" \/>\n\t<meta name=\"twitter:data1\" content=\"2 minutes\" \/>\n<script type=\"application\/ld+json\" class=\"yoast-schema-graph\">{\"@context\":\"https:\/\/schema.org\",\"@graph\":[{\"@type\":\"WebPage\",\"@id\":\"http:\/\/www.lac.universite-paris-saclay.fr\/?page_id=1187\",\"url\":\"http:\/\/www.lac.universite-paris-saclay.fr\/?page_id=1187\",\"name\":\"Nano\u00b3 Sant\u00e9 - LAC\",\"isPartOf\":{\"@id\":\"http:\/\/www.lac.universite-paris-saclay.fr\/#website\"},\"primaryImageOfPage\":{\"@id\":\"http:\/\/www.lac.universite-paris-saclay.fr\/?page_id=1187#primaryimage\"},\"image\":{\"@id\":\"http:\/\/www.lac.universite-paris-saclay.fr\/?page_id=1187#primaryimage\"},\"thumbnailUrl\":\"http:\/\/www.lac.universite-paris-saclay.fr\/wp-content\/uploads\/2021\/07\/Nano3_Sante2-scaled.jpg\",\"datePublished\":\"2021-07-16T08:28:31+00:00\",\"dateModified\":\"2021-08-25T15:02:28+00:00\",\"breadcrumb\":{\"@id\":\"http:\/\/www.lac.universite-paris-saclay.fr\/?page_id=1187#breadcrumb\"},\"inLanguage\":\"en-US\",\"potentialAction\":[{\"@type\":\"ReadAction\",\"target\":[\"http:\/\/www.lac.universite-paris-saclay.fr\/?page_id=1187\"]}]},{\"@type\":\"ImageObject\",\"inLanguage\":\"en-US\",\"@id\":\"http:\/\/www.lac.universite-paris-saclay.fr\/?page_id=1187#primaryimage\",\"url\":\"http:\/\/www.lac.universite-paris-saclay.fr\/wp-content\/uploads\/2021\/07\/Nano3_Sante2-scaled.jpg\",\"contentUrl\":\"http:\/\/www.lac.universite-paris-saclay.fr\/wp-content\/uploads\/2021\/07\/Nano3_Sante2-scaled.jpg\",\"width\":2560,\"height\":1707},{\"@type\":\"BreadcrumbList\",\"@id\":\"http:\/\/www.lac.universite-paris-saclay.fr\/?page_id=1187#breadcrumb\",\"itemListElement\":[{\"@type\":\"ListItem\",\"position\":1,\"name\":\"Accueil\",\"item\":\"http:\/\/www.lac.universite-paris-saclay.fr\/\"},{\"@type\":\"ListItem\",\"position\":2,\"name\":\"Nano\u00b3 Sant\u00e9\"}]},{\"@type\":\"WebSite\",\"@id\":\"http:\/\/www.lac.universite-paris-saclay.fr\/#website\",\"url\":\"http:\/\/www.lac.universite-paris-saclay.fr\/\",\"name\":\"LAC\",\"description\":\"Laboratoire Aim\u00e9 Cotton\",\"publisher\":{\"@id\":\"http:\/\/www.lac.universite-paris-saclay.fr\/#organization\"},\"potentialAction\":[{\"@type\":\"SearchAction\",\"target\":{\"@type\":\"EntryPoint\",\"urlTemplate\":\"http:\/\/www.lac.universite-paris-saclay.fr\/?s={search_term_string}\"},\"query-input\":{\"@type\":\"PropertyValueSpecification\",\"valueRequired\":true,\"valueName\":\"search_term_string\"}}],\"inLanguage\":\"en-US\"},{\"@type\":\"Organization\",\"@id\":\"http:\/\/www.lac.universite-paris-saclay.fr\/#organization\",\"name\":\"LAC\",\"url\":\"http:\/\/www.lac.universite-paris-saclay.fr\/\",\"logo\":{\"@type\":\"ImageObject\",\"inLanguage\":\"en-US\",\"@id\":\"http:\/\/www.lac.universite-paris-saclay.fr\/#\/schema\/logo\/image\/\",\"url\":\"http:\/\/www.lac.universite-paris-saclay.fr\/wp-content\/uploads\/2022\/01\/cropped-logo_LAC-240.png\",\"contentUrl\":\"http:\/\/www.lac.universite-paris-saclay.fr\/wp-content\/uploads\/2022\/01\/cropped-logo_LAC-240.png\",\"width\":240,\"height\":76,\"caption\":\"LAC\"},\"image\":{\"@id\":\"http:\/\/www.lac.universite-paris-saclay.fr\/#\/schema\/logo\/image\/\"}}]}<\/script>\n<!-- \/ Yoast SEO plugin. -->","yoast_head_json":{"title":"Nano\u00b3 Sant\u00e9 - LAC","robots":{"index":"index","follow":"follow","max-snippet":"max-snippet:-1","max-image-preview":"max-image-preview:large","max-video-preview":"max-video-preview:-1"},"canonical":"http:\/\/www.lac.universite-paris-saclay.fr\/?page_id=1187","twitter_card":"summary_large_image","twitter_title":"Nano\u00b3 Sant\u00e9 - LAC","twitter_image":"http:\/\/www.lac.universite-paris-saclay.fr\/wp-content\/uploads\/2021\/07\/Nano3_Sante2-scaled.jpg","twitter_misc":{"Est. reading time":"2 minutes"},"schema":{"@context":"https:\/\/schema.org","@graph":[{"@type":"WebPage","@id":"http:\/\/www.lac.universite-paris-saclay.fr\/?page_id=1187","url":"http:\/\/www.lac.universite-paris-saclay.fr\/?page_id=1187","name":"Nano\u00b3 Sant\u00e9 - LAC","isPartOf":{"@id":"http:\/\/www.lac.universite-paris-saclay.fr\/#website"},"primaryImageOfPage":{"@id":"http:\/\/www.lac.universite-paris-saclay.fr\/?page_id=1187#primaryimage"},"image":{"@id":"http:\/\/www.lac.universite-paris-saclay.fr\/?page_id=1187#primaryimage"},"thumbnailUrl":"http:\/\/www.lac.universite-paris-saclay.fr\/wp-content\/uploads\/2021\/07\/Nano3_Sante2-scaled.jpg","datePublished":"2021-07-16T08:28:31+00:00","dateModified":"2021-08-25T15:02:28+00:00","breadcrumb":{"@id":"http:\/\/www.lac.universite-paris-saclay.fr\/?page_id=1187#breadcrumb"},"inLanguage":"en-US","potentialAction":[{"@type":"ReadAction","target":["http:\/\/www.lac.universite-paris-saclay.fr\/?page_id=1187"]}]},{"@type":"ImageObject","inLanguage":"en-US","@id":"http:\/\/www.lac.universite-paris-saclay.fr\/?page_id=1187#primaryimage","url":"http:\/\/www.lac.universite-paris-saclay.fr\/wp-content\/uploads\/2021\/07\/Nano3_Sante2-scaled.jpg","contentUrl":"http:\/\/www.lac.universite-paris-saclay.fr\/wp-content\/uploads\/2021\/07\/Nano3_Sante2-scaled.jpg","width":2560,"height":1707},{"@type":"BreadcrumbList","@id":"http:\/\/www.lac.universite-paris-saclay.fr\/?page_id=1187#breadcrumb","itemListElement":[{"@type":"ListItem","position":1,"name":"Accueil","item":"http:\/\/www.lac.universite-paris-saclay.fr\/"},{"@type":"ListItem","position":2,"name":"Nano\u00b3 Sant\u00e9"}]},{"@type":"WebSite","@id":"http:\/\/www.lac.universite-paris-saclay.fr\/#website","url":"http:\/\/www.lac.universite-paris-saclay.fr\/","name":"LAC","description":"Laboratoire Aim\u00e9 Cotton","publisher":{"@id":"http:\/\/www.lac.universite-paris-saclay.fr\/#organization"},"potentialAction":[{"@type":"SearchAction","target":{"@type":"EntryPoint","urlTemplate":"http:\/\/www.lac.universite-paris-saclay.fr\/?s={search_term_string}"},"query-input":{"@type":"PropertyValueSpecification","valueRequired":true,"valueName":"search_term_string"}}],"inLanguage":"en-US"},{"@type":"Organization","@id":"http:\/\/www.lac.universite-paris-saclay.fr\/#organization","name":"LAC","url":"http:\/\/www.lac.universite-paris-saclay.fr\/","logo":{"@type":"ImageObject","inLanguage":"en-US","@id":"http:\/\/www.lac.universite-paris-saclay.fr\/#\/schema\/logo\/image\/","url":"http:\/\/www.lac.universite-paris-saclay.fr\/wp-content\/uploads\/2022\/01\/cropped-logo_LAC-240.png","contentUrl":"http:\/\/www.lac.universite-paris-saclay.fr\/wp-content\/uploads\/2022\/01\/cropped-logo_LAC-240.png","width":240,"height":76,"caption":"LAC"},"image":{"@id":"http:\/\/www.lac.universite-paris-saclay.fr\/#\/schema\/logo\/image\/"}}]}},"_links":{"self":[{"href":"http:\/\/www.lac.universite-paris-saclay.fr\/index.php?rest_route=\/wp\/v2\/pages\/1187"}],"collection":[{"href":"http:\/\/www.lac.universite-paris-saclay.fr\/index.php?rest_route=\/wp\/v2\/pages"}],"about":[{"href":"http:\/\/www.lac.universite-paris-saclay.fr\/index.php?rest_route=\/wp\/v2\/types\/page"}],"author":[{"embeddable":true,"href":"http:\/\/www.lac.universite-paris-saclay.fr\/index.php?rest_route=\/wp\/v2\/users\/1"}],"replies":[{"embeddable":true,"href":"http:\/\/www.lac.universite-paris-saclay.fr\/index.php?rest_route=%2Fwp%2Fv2%2Fcomments&post=1187"}],"version-history":[{"count":17,"href":"http:\/\/www.lac.universite-paris-saclay.fr\/index.php?rest_route=\/wp\/v2\/pages\/1187\/revisions"}],"predecessor-version":[{"id":3310,"href":"http:\/\/www.lac.universite-paris-saclay.fr\/index.php?rest_route=\/wp\/v2\/pages\/1187\/revisions\/3310"}],"wp:featuredmedia":[{"embeddable":true,"href":"http:\/\/www.lac.universite-paris-saclay.fr\/index.php?rest_route=\/wp\/v2\/media\/1841"}],"wp:attachment":[{"href":"http:\/\/www.lac.universite-paris-saclay.fr\/index.php?rest_route=%2Fwp%2Fv2%2Fmedia&parent=1187"}],"curies":[{"name":"wp","href":"https:\/\/api.w.org\/{rel}","templated":true}]}}