{"id":1016,"date":"2021-07-12T12:04:41","date_gmt":"2021-07-12T10:04:41","guid":{"rendered":"http:\/\/127.0.0.1\/?page_id=1016"},"modified":"2023-12-11T15:26:45","modified_gmt":"2023-12-11T14:26:45","slug":"informations-utiles","status":"publish","type":"page","link":"http:\/\/www.lac.universite-paris-saclay.fr\/?page_id=1016","title":{"rendered":"Localisation"},"content":{"rendered":"<div  class=\"wp-block-ultimate-post-heading ultp-block-ec3ef4\"><div class=\"ultp-block-wrapper\"><div class=\"ultp-heading-wrap ultp-heading-style9 ultp-heading-center\"><h1 class=\"ultp-heading-inner\"><span>Informations Utiles<\/span><\/h1><\/div><\/div><\/div>\n\n\n<div class=\"wp-block-columns is-layout-flex wp-container-core-columns-is-layout-1 wp-block-columns-is-layout-flex\">\n<div class=\"wp-block-column is-layout-flow wp-block-column-is-layout-flow\" style=\"flex-basis:80%\">\t\t<div\n            id=\"wpmapblock_0\"\n            data-settings='{&quot;map_marker&quot;:[{&quot;lat&quot;:&quot;48.706584661722445&quot;,&quot;lng&quot;:&quot;2.173941284573296&quot;,&quot;title&quot;:&quot;LAC&quot;,&quot;content&quot;:&quot;Laboratoire Aim\\u00e9 Cotton&quot;,&quot;iconType&quot;:&quot;default&quot;,&quot;customIconUrl&quot;:&quot;&quot;,&quot;customIconWidth&quot;:&quot;25&quot;,&quot;customIconHeight&quot;:&quot;40&quot;}],&quot;map_zoom&quot;:10,&quot;scroll_wheel_zoom&quot;:false,&quot;map_type&quot;:&quot;OSM&quot;,&quot;center_index&quot;:0}'\n            class=\"wpmapblockrender\"\n            style=\"\n\t\t\twidth: 100%;\n\t\t\theight: 500px;\n\t\t\"\n            >\n        <\/div>\n        \n\n\n<div style=\"height:27px\" aria-hidden=\"true\" class=\"wp-block-spacer\"><\/div>\n\n\n\n<div class=\"wp-block-file aligncenter\"><a href=\"http:\/\/www.lac.universite-paris-saclay.fr\/wp-content\/uploads\/2021\/07\/Carto_UPSaclay_Plateau-Moulon-2021.pdf\">Carto_UPSaclay_Plateau-Moulon-2021<\/a><a href=\"http:\/\/www.lac.universite-paris-saclay.fr\/wp-content\/uploads\/2021\/07\/Carto_UPSaclay_Plateau-Moulon-2021.pdf\" class=\"wp-block-file__button\" download>T\u00e9l\u00e9chargement<\/a><\/div>\n<\/div>\n\n\n\n<div class=\"wp-block-column is-vertically-aligned-center is-layout-flow wp-block-column-is-layout-flow\" style=\"flex-basis:33.33%\"><div  class=\"wp-block-ultimate-post-heading ultp-block-b9875c\"><div class=\"ultp-block-wrapper\"><div class=\"ultp-heading-wrap ultp-heading-style9 ultp-heading-center\"><h3 class=\"ultp-heading-inner\"><span>O\u00f9 sommes-nous:<\/span><\/h3><\/div><\/div><\/div>\n\n\n<p class=\"has-text-align-center has-black-color has-text-color\">B\u00e2timent 505,<br>Rue du Belv\u00e9d\u00e8re,<br>91400 Orsay,<br><a style=\"color:#155a9f;\" data-type=\"URL\" data-id=\"https:\/\/www.google.com\/maps\/place\/Laboratoire+Aim%C3%A9-Cotton+de+l'Universit%C3%A9+Paris-Saclay\/@48.7069668,2.1720822,18z\/data=!4m13!1m7!3m6!1s0x0:0x0!2zNDjCsDQyJzIzLjciTiAywrAxMCcyNi4yIkU!3b1!8m2!3d48.7065847!4d2.1739413!3m4!1s0x47e67f525b821379:0x1ec51284871182ed!8m2!3d48.707153!4d2.1725587\" rel=\"noreferrer noopener\" href=\"https:\/\/www.google.com\/maps\/place\/Laboratoire+Aim%C3%A9-Cotton+de+l'Universit%C3%A9+Paris-Saclay\/@48.7069668,2.1720822,18z\/data=!4m13!1m7!3m6!1s0x0:0x0!2zNDjCsDQyJzIzLjciTiAywrAxMCcyNi4yIkU!3b1!8m2!3d48.7065847!4d2.1739413!3m4!1s0x47e67f525b821379:0x1ec51284871182ed!8m2!3d48.707153!4d2.1725587\" target=\"_blank\">Google Maps<\/a><\/p>\n\n\n<div  class=\"wp-block-ultimate-post-heading ultp-block-cb6c68\"><div class=\"ultp-block-wrapper\"><div class=\"ultp-heading-wrap ultp-heading-style9 ultp-heading-center\"><h3 class=\"ultp-heading-inner\"><span>Nous contacter<\/span><\/h3><\/div><\/div><\/div>\n\n<div  class=\"wp-block-ultimate-post-heading ultp-block-0e5f79\"><div class=\"ultp-block-wrapper\"><div class=\"ultp-heading-wrap ultp-heading-style1 ultp-heading-center\"><h2 class=\"ultp-heading-inner\"><span>La direction<\/span><\/h2><\/div><\/div><\/div>\n\n\n<p class=\"has-text-align-center\"><strong><a href=\"\/?page_id=1047&amp;um_user=o.dulieu\">Olivier DULIEU<\/a><\/strong><br><strong>Fixe: <\/strong>+33 (0) 1 69 35 20 13<br><strong>Mob: <\/strong>+33 (0) 6 22 79 27 68<br><strong>Email: <\/strong><a style=\"color:#155a9f;\" href=\"mailto:olivier.dulieu@universite-paris-saclay.fr\" target=\"_blank\" rel=\"noreferrer noopener\">olivier.dulieu [at] universite-paris-saclay.fr<\/a><\/p>\n\n\n\n<hr class=\"wp-block-separator has-text-color has-background has-cyan-bluish-gray-background-color has-cyan-bluish-gray-color is-style-wide\"\/>\n\n\n<div  class=\"wp-block-ultimate-post-heading ultp-block-0d8631\"><div class=\"ultp-block-wrapper\"><div class=\"ultp-heading-wrap ultp-heading-style1 ultp-heading-center\"><h2 class=\"ultp-heading-inner\"><span>Administration, Finance, Comptabilit\u00e9<\/span><\/h2><\/div><\/div><\/div>\n\n\n<p class=\"has-text-align-center\"><strong>Christine GONCALVES<\/strong><br><strong>Email:<\/strong><br><a style=\"color:#155a9f;\" href=\"mailto:christine.goncalves@universite-paris-saclay.fr\">christine.goncalves [at] universite-paris-saclay.fr<\/a><\/p>\n\n\n\n<p class=\"has-text-align-center has-black-color has-text-color\"><br><br><\/p>\n<\/div>\n<\/div>\n","protected":false},"excerpt":{"rendered":"<p>B\u00e2timent 505,Rue du Belv\u00e9d\u00e8re,91400 Orsay,Google Maps Olivier DULIEUFixe: +33 (0) 1 69 35 20 13Mob: +33 (0) 6 22 79 27 68Email: olivier.dulieu [at] universite-paris-saclay.fr Christine GONCALVESEmail:christine.goncalves [at] universite-paris-saclay.fr<\/p>\n","protected":false},"author":1,"featured_media":0,"parent":0,"menu_order":0,"comment_status":"closed","ping_status":"closed","template":"","meta":{"footnotes":""},"class_list":["post-1016","page","type-page","status-publish","hentry"],"featured_image_src":null,"yoast_head":"<!-- This site is optimized with the Yoast SEO plugin v25.6 - https:\/\/yoast.com\/wordpress\/plugins\/seo\/ -->\n<title>Localisation - LAC<\/title>\n<meta name=\"robots\" content=\"index, follow, max-snippet:-1, max-image-preview:large, max-video-preview:-1\" \/>\n<link rel=\"canonical\" href=\"http:\/\/www.lac.universite-paris-saclay.fr\/?page_id=1016\" \/>\n<meta name=\"twitter:card\" content=\"summary_large_image\" \/>\n<meta name=\"twitter:title\" content=\"Localisation - LAC\" \/>\n<meta name=\"twitter:description\" content=\"B\u00e2timent 505,Rue du Belv\u00e9d\u00e8re,91400 Orsay,Google Maps Olivier DULIEUFixe: +33 (0) 1 69 35 20 13Mob: +33 (0) 6 22 79 27 68Email: olivier.dulieu [at] universite-paris-saclay.fr Christine GONCALVESEmail:christine.goncalves [at] universite-paris-saclay.fr\" \/>\n<meta name=\"twitter:label1\" content=\"Est. reading time\" \/>\n\t<meta name=\"twitter:data1\" content=\"1 minute\" \/>\n<script type=\"application\/ld+json\" class=\"yoast-schema-graph\">{\"@context\":\"https:\/\/schema.org\",\"@graph\":[{\"@type\":\"WebPage\",\"@id\":\"http:\/\/www.lac.universite-paris-saclay.fr\/?page_id=1016\",\"url\":\"http:\/\/www.lac.universite-paris-saclay.fr\/?page_id=1016\",\"name\":\"Localisation - LAC\",\"isPartOf\":{\"@id\":\"http:\/\/www.lac.universite-paris-saclay.fr\/#website\"},\"datePublished\":\"2021-07-12T10:04:41+00:00\",\"dateModified\":\"2023-12-11T14:26:45+00:00\",\"breadcrumb\":{\"@id\":\"http:\/\/www.lac.universite-paris-saclay.fr\/?page_id=1016#breadcrumb\"},\"inLanguage\":\"en-US\",\"potentialAction\":[{\"@type\":\"ReadAction\",\"target\":[\"http:\/\/www.lac.universite-paris-saclay.fr\/?page_id=1016\"]}]},{\"@type\":\"BreadcrumbList\",\"@id\":\"http:\/\/www.lac.universite-paris-saclay.fr\/?page_id=1016#breadcrumb\",\"itemListElement\":[{\"@type\":\"ListItem\",\"position\":1,\"name\":\"Accueil\",\"item\":\"http:\/\/www.lac.universite-paris-saclay.fr\/\"},{\"@type\":\"ListItem\",\"position\":2,\"name\":\"Localisation\"}]},{\"@type\":\"WebSite\",\"@id\":\"http:\/\/www.lac.universite-paris-saclay.fr\/#website\",\"url\":\"http:\/\/www.lac.universite-paris-saclay.fr\/\",\"name\":\"LAC\",\"description\":\"Laboratoire Aim\u00e9 Cotton\",\"publisher\":{\"@id\":\"http:\/\/www.lac.universite-paris-saclay.fr\/#organization\"},\"potentialAction\":[{\"@type\":\"SearchAction\",\"target\":{\"@type\":\"EntryPoint\",\"urlTemplate\":\"http:\/\/www.lac.universite-paris-saclay.fr\/?s={search_term_string}\"},\"query-input\":{\"@type\":\"PropertyValueSpecification\",\"valueRequired\":true,\"valueName\":\"search_term_string\"}}],\"inLanguage\":\"en-US\"},{\"@type\":\"Organization\",\"@id\":\"http:\/\/www.lac.universite-paris-saclay.fr\/#organization\",\"name\":\"LAC\",\"url\":\"http:\/\/www.lac.universite-paris-saclay.fr\/\",\"logo\":{\"@type\":\"ImageObject\",\"inLanguage\":\"en-US\",\"@id\":\"http:\/\/www.lac.universite-paris-saclay.fr\/#\/schema\/logo\/image\/\",\"url\":\"http:\/\/www.lac.universite-paris-saclay.fr\/wp-content\/uploads\/2022\/01\/cropped-logo_LAC-240.png\",\"contentUrl\":\"http:\/\/www.lac.universite-paris-saclay.fr\/wp-content\/uploads\/2022\/01\/cropped-logo_LAC-240.png\",\"width\":240,\"height\":76,\"caption\":\"LAC\"},\"image\":{\"@id\":\"http:\/\/www.lac.universite-paris-saclay.fr\/#\/schema\/logo\/image\/\"}}]}<\/script>\n<!-- \/ Yoast SEO plugin. -->","yoast_head_json":{"title":"Localisation - LAC","robots":{"index":"index","follow":"follow","max-snippet":"max-snippet:-1","max-image-preview":"max-image-preview:large","max-video-preview":"max-video-preview:-1"},"canonical":"http:\/\/www.lac.universite-paris-saclay.fr\/?page_id=1016","twitter_card":"summary_large_image","twitter_title":"Localisation - LAC","twitter_description":"B\u00e2timent 505,Rue du Belv\u00e9d\u00e8re,91400 Orsay,Google Maps Olivier DULIEUFixe: +33 (0) 1 69 35 20 13Mob: +33 (0) 6 22 79 27 68Email: olivier.dulieu [at] universite-paris-saclay.fr Christine GONCALVESEmail:christine.goncalves [at] universite-paris-saclay.fr","twitter_misc":{"Est. reading time":"1 minute"},"schema":{"@context":"https:\/\/schema.org","@graph":[{"@type":"WebPage","@id":"http:\/\/www.lac.universite-paris-saclay.fr\/?page_id=1016","url":"http:\/\/www.lac.universite-paris-saclay.fr\/?page_id=1016","name":"Localisation - LAC","isPartOf":{"@id":"http:\/\/www.lac.universite-paris-saclay.fr\/#website"},"datePublished":"2021-07-12T10:04:41+00:00","dateModified":"2023-12-11T14:26:45+00:00","breadcrumb":{"@id":"http:\/\/www.lac.universite-paris-saclay.fr\/?page_id=1016#breadcrumb"},"inLanguage":"en-US","potentialAction":[{"@type":"ReadAction","target":["http:\/\/www.lac.universite-paris-saclay.fr\/?page_id=1016"]}]},{"@type":"BreadcrumbList","@id":"http:\/\/www.lac.universite-paris-saclay.fr\/?page_id=1016#breadcrumb","itemListElement":[{"@type":"ListItem","position":1,"name":"Accueil","item":"http:\/\/www.lac.universite-paris-saclay.fr\/"},{"@type":"ListItem","position":2,"name":"Localisation"}]},{"@type":"WebSite","@id":"http:\/\/www.lac.universite-paris-saclay.fr\/#website","url":"http:\/\/www.lac.universite-paris-saclay.fr\/","name":"LAC","description":"Laboratoire Aim\u00e9 Cotton","publisher":{"@id":"http:\/\/www.lac.universite-paris-saclay.fr\/#organization"},"potentialAction":[{"@type":"SearchAction","target":{"@type":"EntryPoint","urlTemplate":"http:\/\/www.lac.universite-paris-saclay.fr\/?s={search_term_string}"},"query-input":{"@type":"PropertyValueSpecification","valueRequired":true,"valueName":"search_term_string"}}],"inLanguage":"en-US"},{"@type":"Organization","@id":"http:\/\/www.lac.universite-paris-saclay.fr\/#organization","name":"LAC","url":"http:\/\/www.lac.universite-paris-saclay.fr\/","logo":{"@type":"ImageObject","inLanguage":"en-US","@id":"http:\/\/www.lac.universite-paris-saclay.fr\/#\/schema\/logo\/image\/","url":"http:\/\/www.lac.universite-paris-saclay.fr\/wp-content\/uploads\/2022\/01\/cropped-logo_LAC-240.png","contentUrl":"http:\/\/www.lac.universite-paris-saclay.fr\/wp-content\/uploads\/2022\/01\/cropped-logo_LAC-240.png","width":240,"height":76,"caption":"LAC"},"image":{"@id":"http:\/\/www.lac.universite-paris-saclay.fr\/#\/schema\/logo\/image\/"}}]}},"_links":{"self":[{"href":"http:\/\/www.lac.universite-paris-saclay.fr\/index.php?rest_route=\/wp\/v2\/pages\/1016"}],"collection":[{"href":"http:\/\/www.lac.universite-paris-saclay.fr\/index.php?rest_route=\/wp\/v2\/pages"}],"about":[{"href":"http:\/\/www.lac.universite-paris-saclay.fr\/index.php?rest_route=\/wp\/v2\/types\/page"}],"author":[{"embeddable":true,"href":"http:\/\/www.lac.universite-paris-saclay.fr\/index.php?rest_route=\/wp\/v2\/users\/1"}],"replies":[{"embeddable":true,"href":"http:\/\/www.lac.universite-paris-saclay.fr\/index.php?rest_route=%2Fwp%2Fv2%2Fcomments&post=1016"}],"version-history":[{"count":28,"href":"http:\/\/www.lac.universite-paris-saclay.fr\/index.php?rest_route=\/wp\/v2\/pages\/1016\/revisions"}],"predecessor-version":[{"id":4568,"href":"http:\/\/www.lac.universite-paris-saclay.fr\/index.php?rest_route=\/wp\/v2\/pages\/1016\/revisions\/4568"}],"wp:attachment":[{"href":"http:\/\/www.lac.universite-paris-saclay.fr\/index.php?rest_route=%2Fwp%2Fv2%2Fmedia&parent=1016"}],"curies":[{"name":"wp","href":"https:\/\/api.w.org\/{rel}","templated":true}]}}